{"id":83513,"date":"2021-09-27T09:13:57","date_gmt":"2021-09-27T09:13:57","guid":{"rendered":"https:\/\/www.tele-radio.com\/windenergie\/"},"modified":"2023-03-08T17:04:28","modified_gmt":"2023-03-08T17:04:28","slug":"windenergie","status":"publish","type":"page","link":"https:\/\/www.tele-radio.com\/ch-de\/anwendungen\/windenergie\/","title":{"rendered":"Anwendungen &#8211; Windenergie"},"content":{"rendered":"\n<h1 class=\"wp-block-heading\">Funkfernsteuerungen f\u00fcr Windkraftanlagen<\/h1>\n\n\n\n<p>Die Bedeutung von Windenergie w\u00e4chst enorm. Schlie\u00dflich ist sie eine der wichtigsten gr\u00fcnen Energiel\u00f6sungen und nach der Solarenergie die zweitbeliebteste erneuerbare Energiequelle weltweit. Aus der steigenden Nachfrage resultiert der Wachstum des Windenergie-Sektors. Diese Entwicklung f\u00fchrt gemeinsam mit technologischen Fortschritten folglich zu Innovationen. Diese wiederum optimieren die Effizienz von Windkraftanlagen und die Kosten f\u00fcr Installation und Wartung. Eine industrielle Funkfernsteuerung ist eine der Technologien, die beim Bau eines Windparks sowie bei der Wartung bestehender Windkraftanlagen helfen kann.<\/p>\n\n\n\n<p>Funkfernsteuerungen sind bis zu dem Sicherheitsniveau PLd\/PLe zertifiziert. Dieses ist vor allem bei gef\u00e4hrlichen Arbeiten in der H\u00f6he \u00e4u\u00dferst wichtig. Windkraftanlagen sind mit verschiedenen Hebevorrichtungen ausgestattet, die den Transport bestimmter Lasten und Personen erleichtern. Diese k\u00f6nnen ebenfalls via Funk gesteuert werden. Aber auch bei Ger\u00e4ten, die man f\u00fcr die Installation, Wartung und Reparatur von Windkraftanlagen verwendet, k\u00f6nnen Funkfernsteuerungen eingesetzt werden. Dies umschlie\u00dft beispielsweise zugleich die Steuerung von Kranen, Hebezeugen und Reinigungsger\u00e4te.<\/p>\n\n\n\n<h2 class=\"wp-block-heading\">Tele Radio Funkfernsteuerungen f\u00fcr die Windenergie<\/h2>\n\n\n\n<p>Alle Tele Radio-Sender und -Empf\u00e4nger sind robust und langlebig. Dadurch k\u00f6nnen Sie diese auch unter schwierigsten Bedingungen verwenden. Nachfolgend stellen wir Ihnen einige Funkfernsteuerungsl\u00f6sungen vor. Bitte beachten Sie, dass unsere Systeme \u00e4u\u00dferst flexibel sind. Dadurch k\u00f6nnen sie f\u00fcr unterschiedlichste Anwendungen angepasst werden. Selbstverst\u00e4ndlich k\u00f6nnen unsere Funkfernsteuerungen auch in anderen Bereichen der erneuerbaren Energien &#8211; wie Biogasanlagen oder Wasserkraftwerken &#8211; eingesetzt werden. <br><br><\/p>\n\n\n\n<hr class=\"wp-block-separator is-style-default\"\/>\n\n\n\n<div style=\"height:15px\" aria-hidden=\"true\" class=\"wp-block-spacer\"><\/div>\n\n\n\n<div class=\"wp-block-media-text alignwide is-stacked-on-mobile\" style=\"grid-template-columns:41% auto\"><figure class=\"wp-block-media-text__media\"><img loading=\"lazy\" decoding=\"async\" width=\"1200\" height=\"1050\" src=\"https:\/\/www.tele-radio.com\/app\/uploads\/pn-t19-2-1200x1050.png\" alt=\"\" class=\"wp-image-75119 size-full\"\/><\/figure><div class=\"wp-block-media-text__content\">\n<p><\/p>\n\n\n\n<p class=\"has-medium-font-size\">Um sicher an Windkraftanlagen arbeiten zu k\u00f6nnen, sollte das verwendete Funkfernsteuerungssystem \u00fcber ein gewisses Sicherheitsniveau verf\u00fcgen. Wie unser Panther-Sender <a href=\"https:\/\/www.tele-radio.com\/ch-de\/products\/panther\/panther-sender-8x2-stufige-drucktasten-pld-cat3\/\" target=\"_blank\" aria-label=\"undefined (opens in a new tab)\" rel=\"noreferrer noopener\">PN-T19-2<\/a>. Dieser ist nach PLd zertifiziert. Zudem k\u00f6nnen Sie den Sender einfach vom Boden aus konfigurieren und austauschen.<\/p>\n<\/div><\/div>\n\n\n\n<div style=\"height:15px\" aria-hidden=\"true\" class=\"wp-block-spacer\"><\/div>\n\n\n\n<hr class=\"wp-block-separator is-style-default\"\/>\n\n\n\n<div style=\"height:15px\" aria-hidden=\"true\" class=\"wp-block-spacer\"><\/div>\n\n\n\n<div class=\"wp-block-media-text alignwide is-stacked-on-mobile\" style=\"grid-template-columns:41% auto\"><figure class=\"wp-block-media-text__media\"><img loading=\"lazy\" decoding=\"async\" width=\"1200\" height=\"1050\" src=\"https:\/\/www.tele-radio.com\/app\/uploads\/tg-1200x1050.png\" alt=\"\" class=\"wp-image-75144 size-full\"\/><\/figure><div class=\"wp-block-media-text__content\">\n<p><\/p>\n\n\n\n<p class=\"has-medium-font-size\">Sie ben\u00f6tigen das Sicherheitsniveau PLe? Dann ist unsere <a href=\"https:\/\/www.tele-radio.com\/ch-de\/products\/tiger\/\" target=\"_blank\" aria-label=\"undefined (opens in a new tab)\" rel=\"noreferrer noopener\">Tiger-Produktreihe<\/a> die perfekte L\u00f6sung. Zudem erm\u00f6glichen es Ihnen diese Sender, R\u00fcckmeldungen via Display oder LEDs anzeigen zu lassen. Erleben Sie die Vielfalt verschiedenster Sender &#8211; zweistufige Drucktasten, Proportionale Drucktasten oder Joysticks und Schalter. Sie haben die Wahl!<\/p>\n<\/div><\/div>\n\n\n\n<div style=\"height:15px\" aria-hidden=\"true\" class=\"wp-block-spacer\"><\/div>\n\n\n\n<hr class=\"wp-block-separator\"\/>\n\n\n\n<div style=\"height:15px\" aria-hidden=\"true\" class=\"wp-block-spacer\"><\/div>\n\n\n\n<div class=\"wp-block-media-text alignwide is-stacked-on-mobile\" style=\"grid-template-columns:41% auto\"><figure class=\"wp-block-media-text__media\"><img loading=\"lazy\" decoding=\"async\" width=\"1200\" height=\"1050\" src=\"https:\/\/www.tele-radio.com\/app\/uploads\/t24-01-1-1200x1050.png\" alt=\"T24-01\" class=\"wp-image-76407 size-full\"\/><\/figure><div class=\"wp-block-media-text__content\">\n<p><\/p>\n\n\n\n<p class=\"has-medium-font-size\">Beim neuesten System &#8220;<a aria-label=\"undefined (opens in a new tab)\" href=\"https:\/\/www.tele-radio.com\/ch-de\/products\/puma-homepage\/\" target=\"_blank\" rel=\"noreferrer noopener\">Puma<\/a>&#8221; k\u00f6nnen Sie zwischen der Standard- und der kundenspezifischen Variante w\u00e4hlen.  Mit diesem k\u00f6nnen Sie sogar einen mit Exster ausgestatteten <a href=\"https:\/\/www.tele-radio.com\/ch-de\/volvo-exster\/\" target=\"_blank\" aria-label=\"undefined (opens in a new tab)\" rel=\"noreferrer noopener\">Volvo-LKW <\/a>von au\u00dferhalb der Fahrerkabine steuern. Deshalb ist Puma ideal f\u00fcr mobile und hydraulische Anwendungen. <\/p>\n<\/div><\/div>\n\n\n\n<div style=\"height:15px\" aria-hidden=\"true\" class=\"wp-block-spacer\"><\/div>\n\n\n\n<hr class=\"wp-block-separator\"\/>\n\n\n\n<div style=\"height:15px\" aria-hidden=\"true\" class=\"wp-block-spacer\"><\/div>\n\n\n\n<p> Neben der Wahl des Senders ist auch die des Empf\u00e4ngers von hoher Bedeutung. Hierbei gibt es Modelle mit digitalen und analogen Ein- bzw. Ausg\u00e4ngen. Ebenfalls sind Empf\u00e4nger mit Feldbus (CANopen, Modbus oder J1939) erh\u00e4ltlich.<\/p>\n\n\n\n<p><\/p>\n\n\n\n<h2 class=\"wp-block-heading\">Ben\u00f6tigen Sie Hilfe oder haben Sie Fragen?<\/h2>\n\n\n\n<p>Nehmen Sie einfach Kontakt mit uns auf, wir beraten Sie gerne! Unsere Kontaktdaten finden Sie in der Fusszeile.  <\/p>\n","protected":false},"excerpt":{"rendered":"<p>Funkfernsteuerungen f\u00fcr Windkraftanlagen Die Bedeutung von Windenergie w\u00e4chst enorm. Schlie\u00dflich ist sie eine der wichtigsten gr\u00fcnen Energiel\u00f6sungen und nach der Solarenergie die zweitbeliebteste erneuerbare Energiequelle weltweit. Aus der steigenden Nachfrage resultiert der Wachstum des Windenergie-Sektors. Diese Entwicklung f\u00fchrt gemeinsam mit technologischen Fortschritten folglich zu Innovationen. Diese wiederum optimieren die Effizienz von Windkraftanlagen und die Kosten [&hellip;]<\/p>\n","protected":false},"author":78,"featured_media":80634,"parent":83477,"menu_order":0,"comment_status":"closed","ping_status":"closed","template":"","meta":{"_acf_changed":false,"footnotes":""},"class_list":["post-83513","page","type-page","status-publish","has-post-thumbnail","hentry"],"acf":[],"_links":{"self":[{"href":"https:\/\/www.tele-radio.com\/ch-de\/wp-json\/wp\/v2\/pages\/83513","targetHints":{"allow":["GET"]}}],"collection":[{"href":"https:\/\/www.tele-radio.com\/ch-de\/wp-json\/wp\/v2\/pages"}],"about":[{"href":"https:\/\/www.tele-radio.com\/ch-de\/wp-json\/wp\/v2\/types\/page"}],"author":[{"embeddable":true,"href":"https:\/\/www.tele-radio.com\/ch-de\/wp-json\/wp\/v2\/users\/78"}],"replies":[{"embeddable":true,"href":"https:\/\/www.tele-radio.com\/ch-de\/wp-json\/wp\/v2\/comments?post=83513"}],"version-history":[{"count":6,"href":"https:\/\/www.tele-radio.com\/ch-de\/wp-json\/wp\/v2\/pages\/83513\/revisions"}],"predecessor-version":[{"id":147202,"href":"https:\/\/www.tele-radio.com\/ch-de\/wp-json\/wp\/v2\/pages\/83513\/revisions\/147202"}],"up":[{"embeddable":true,"href":"https:\/\/www.tele-radio.com\/ch-de\/wp-json\/wp\/v2\/pages\/83477"}],"wp:featuredmedia":[{"embeddable":true,"href":"https:\/\/www.tele-radio.com\/ch-de\/wp-json\/wp\/v2\/media\/80634"}],"wp:attachment":[{"href":"https:\/\/www.tele-radio.com\/ch-de\/wp-json\/wp\/v2\/media?parent=83513"}],"curies":[{"name":"wp","href":"https:\/\/api.w.org\/{rel}","templated":true}]}}