{"id":83509,"date":"2021-07-26T11:01:12","date_gmt":"2021-07-26T11:01:12","guid":{"rendered":"https:\/\/www.tele-radio.com\/sonderfahrzeuge\/"},"modified":"2023-03-09T08:53:37","modified_gmt":"2023-03-09T08:53:37","slug":"sonderfahrzeuge","status":"publish","type":"page","link":"https:\/\/www.tele-radio.com\/ch-de\/anwendungen\/sonderfahrzeuge\/","title":{"rendered":"Anwendungen &#8211; Spezial- und Sonderfahrzeuge"},"content":{"rendered":"\n<h1 class=\"wp-block-heading\">Sonderfahrzeuge<\/h1>\n\n\n\n<p>Sonderfahrzeuge und Spezialfahrzeuge werden im Baugewerbe, im Rettungswesen, in der Landwirtschaft, im Bergbau, in der Versorgungswirtschaft und in vielen anderen Bereichen eingesetzt. Also \u00fcberall dort, wo Fahrzeuge besondere Aufgaben erf\u00fcllen oder eine bestimmte Art von Ladung bef\u00f6rdern. Aufgrund ihrer Besonderheit erfordern sie verschiedene Sicherheitsl\u00f6sungen. Dies kann neben der drahtlosen Steuerung einiger Funktionen ebenfalls die Steuerung eines gesamten Fahrzeugs erm\u00f6glichen. Solche L\u00f6sungen bietet Tele Radio an. Wir passen dabei unsere Funksteuerungen an die Bed\u00fcrfnisse jedes Kunden an und behandeln jeden Auftrag individuell, um h\u00f6chste Qualit\u00e4t zu gew\u00e4hrleisten.<\/p>\n\n\n\n<h2 class=\"wp-block-heading\">Funkfernsteuerung von Sonderfahrzeugen\/Spezialfahrzeugen<\/h2>\n\n\n\n<p>Ein Sonderfahrzeug ist ein Kraftfahrzeug oder ein Anh\u00e4nger, das f\u00fcr eine besondere Funktion ausgelegt ist. Diese erfordert wiederum eine Anpassung des Aufbaus oder eine besondere Ausr\u00fcstung. Dazu geh\u00f6ren beispielsweise ein Pannenhilfsfahrzeug, ein Feuerwehrfahrzeug, ein Campingfahrzeug oder auch ein Fahrzeug f\u00fcr den Transport von Behinderten. Wenn hingegen ein Fahrzeug eine bestimmte Art von Ladung transportiert, wie z. B. Benzin (Tankwagen), Zement (Zementmischer), M\u00fcll (M\u00fcllwagen) oder Abwasser (G\u00fcllewagen), dann spricht man von Spezialfahrzeugen. In jedem dieser Fahrzeuge ist es jedoch m\u00f6glich, mit einer Funkfernsteuerung die Effizienz zu verbessern und noch mehr Sicherheit zu gew\u00e4hrleisten.<\/p>\n\n\n\n<div style=\"height:20px\" aria-hidden=\"true\" class=\"wp-block-spacer\"><\/div>\n\n\n\n<div class=\"wp-block-columns has-very-light-gray-background-color has-background is-layout-flex wp-container-core-columns-is-layout-9d6595d7 wp-block-columns-is-layout-flex\">\n<div class=\"wp-block-column is-layout-flow wp-block-column-is-layout-flow\">\n<p class=\"has-text-align-center\" style=\"font-size:25px\"><strong>Funkfernsteuerung f\u00fcr Sonderfahrzeuge, u.a.:<\/strong><\/p>\n\n\n\n<ul class=\"wp-block-list\"><li>Pannenhilfe und technische Fahrzeuge<\/li><li>Feuerwehrfahrzeuge \/ Ambulanzen  \/ Polizeifahrzeuge<\/li><li>Milit\u00e4rfahrzeuge<\/li><li>Stra\u00dfeninstandhaltungsfahrzeuge (Streuger\u00e4te \/ Schneepfl\u00fcge \/ Kehrmaschinen)<\/li><li>Autokrane \/ Drehkrene<\/li><li>Bagger<\/li><li>Wohnmobile<\/li><\/ul>\n<\/div>\n\n\n\n<div class=\"wp-block-column is-layout-flow wp-block-column-is-layout-flow\">\n<p class=\"has-text-align-center\" style=\"font-size:25px\"><strong>Funkfernsteuerungen f\u00fcr Spezialfahrzeuge, u.a.:<\/strong><\/p>\n\n\n\n<ul class=\"wp-block-list\"><li>Betonmischer<\/li><li>Tankwagen<\/li><li>M\u00fcllwagen<\/li><li>G\u00fclletankwagen<\/li><li>Tiertransportfahrzeuge<\/li><li><a aria-label=\"undefined (opens in a new tab)\" href=\"https:\/\/www.tele-radio.com\/ch-de\/kippanhaenger\/\" target=\"_blank\" rel=\"noreferrer noopener\">Kipper \/ Kipplaster<\/a><\/li><li><a aria-label=\"undefined (opens in a new tab)\" href=\"https:\/\/www.tele-radio.com\/ch-de\/volvo-exster\/\" target=\"_blank\" rel=\"noreferrer noopener\">Volvo ExSter &#8211; ferngesteuerte LKWs<\/a><\/li><\/ul>\n<\/div>\n<\/div>\n\n\n\n<div style=\"height:20px\" aria-hidden=\"true\" class=\"wp-block-spacer\"><\/div>\n\n\n\n<p>Die Steuerung von Aufbauger\u00e4ten auf Spezial- und Sonderfahrzeugen erfolgt in den meisten F\u00e4llen schlie\u00dflich vom Fahrerhaus aus \u00fcber ein Bedienfeld oder Joysticks. Dadurch kann die Funkfernsteuerung den Fahrern die Arbeit erleichtern, die oft unter schwierigen Bedingungen wie unwegsamem Gel\u00e4nde oder engen R\u00e4umen durchgef\u00fchrt wird. Der Bediener kann dementsprechend mit dem Sender Arbeitsger\u00e4te aus sicherer Entfernung und zudem mit hervorragender Sicht steuern. Das st\u00e4ndige Ein- und Aussteigen oder die Hilfe einer zweiten Person ist dadurch nicht mehr erforderlich. Demzufolge erh\u00f6ht eine Funkfernsteuerung die Produktivit\u00e4t und den Komfort. Au\u00dferdem ist sie sicher f\u00fcr den t\u00e4glichen Gebrauch und garantiert die Sicherheit anderer Verkehrsteilnehmer.<\/p>\n\n\n\n<h2 class=\"wp-block-heading\">Tele Radio Funkfernsteuerungen f\u00fcr Sonderfahrzeuge\/Spezialfahrzeuge<\/h2>\n\n\n\n<p>Alle Tele Radio-Sender und -Empf\u00e4nger sind robust und langlebig. Dadurch k\u00f6nnen Sie diese auch unter schwierigsten Bedingungen verwenden. Nachfolgend stellen wir Ihnen einige Funkfernsteuerungsl\u00f6sungen vor. Bitte beachten Sie, dass unsere Systeme \u00e4u\u00dferst flexibel sind. Deshalb k\u00f6nnen wir sie f\u00fcr unterschiedlichste Anwendungen anpassen. <\/p>\n\n\n\n<hr class=\"wp-block-separator\"\/>\n\n\n\n<div class=\"wp-block-media-text alignwide is-stacked-on-mobile\" style=\"grid-template-columns:41% auto\"><figure class=\"wp-block-media-text__media\"><img loading=\"lazy\" decoding=\"async\" width=\"1200\" height=\"1050\" src=\"https:\/\/www.tele-radio.com\/app\/uploads\/t-13-t-21-1200x1050.png\" alt=\"PN-T13-3;\nPN-T13-6;\nPN-T21-10\" class=\"wp-image-75170 size-full\"\/><\/figure><div class=\"wp-block-media-text__content\">\n<p><\/p>\n\n\n\n<p class=\"has-medium-font-size\">Einfache Funktionen von Maschinen, die keine hohen Sicherheitsstandards erfordern, k\u00f6nnen mit den kleine Sendern der <a href=\"https:\/\/www.tele-radio.com\/ch-de\/products\/panther\/\" target=\"_blank\" aria-label=\"undefined (opens in a new tab)\" rel=\"noreferrer noopener\">Panther-Reihe<\/a> gesteuert werden. Diese Sender sind mit 3, 4, 6, 8 oder 10 einstufigen Drucktasten erh\u00e4ltlich und arbeiten auf einer Frequenz von 2,4 GHz. Ideal zur Steuerung einer Winde, eines Schneepflugs, einer Kehrmaschine oder zum \u00d6ffnen\/Schlie\u00dfen einer Ladefl\u00e4che eines Kippers.  <\/p>\n<\/div><\/div>\n\n\n\n<hr class=\"wp-block-separator\"\/>\n\n\n\n<div style=\"height:20px\" aria-hidden=\"true\" class=\"wp-block-spacer\"><\/div>\n\n\n\n<div class=\"wp-block-media-text alignwide is-stacked-on-mobile\" style=\"grid-template-columns:41% auto\"><figure class=\"wp-block-media-text__media\"><img loading=\"lazy\" decoding=\"async\" width=\"1200\" height=\"1050\" src=\"https:\/\/www.tele-radio.com\/app\/uploads\/pn-t19-tg-t9-tg-t11-1200x1050.png\" alt=\"PN-T19-2;\nTG-T9-1;\nTG-T11-4\" class=\"wp-image-75193 size-full\"\/><\/figure><div class=\"wp-block-media-text__content\">\n<p><\/p>\n\n\n\n<p class=\"has-medium-font-size\">Falls Sie eine Stopp-Funktion f\u00fcr Ihre Anwendung ben\u00f6tigen, haben Sie die Wahl zwischen dem Sicherheitsniveau PLd (<a href=\"https:\/\/www.tele-radio.com\/ch-de\/products\/panther\/panther-sender-8x2-stufige-drucktasten-pld-cat3\/\" target=\"_blank\" aria-label=\"undefined (opens in a new tab)\" rel=\"noreferrer noopener\">Panther-Sender PN-T19-2<\/a>) oder dem Sicherheitsniveau PLe (<a href=\"https:\/\/www.tele-radio.com\/ch-de\/products\/tiger\/\" target=\"_blank\" aria-label=\"undefined (opens in a new tab)\" rel=\"noreferrer noopener\">Tiger-Baureihe<\/a>). Die Tiger-Sender erm\u00f6glichen es Ihnen zudem, R\u00fcckmeldungen via Display oder LEDs anzeigen zu lassen. Deshalb sind sie ideal f\u00fcr die Steuerung eines M\u00fcllwagens oder eines Aufzugs.<\/p>\n<\/div><\/div>\n\n\n\n<div style=\"height:20px\" aria-hidden=\"true\" class=\"wp-block-spacer\"><\/div>\n\n\n\n<hr class=\"wp-block-separator\"\/>\n\n\n\n<div style=\"height:20px\" aria-hidden=\"true\" class=\"wp-block-spacer\"><\/div>\n\n\n\n<div class=\"wp-block-media-text alignwide is-stacked-on-mobile\" style=\"grid-template-columns:41% auto\"><figure class=\"wp-block-media-text__media\"><img loading=\"lazy\" decoding=\"async\" width=\"1200\" height=\"1050\" src=\"https:\/\/www.tele-radio.com\/app\/uploads\/jd-i-propocjonlane-1200x1050.png\" alt=\"TG-T14-7;\nTG-T12\" class=\"wp-image-75216 size-full\"\/><\/figure><div class=\"wp-block-media-text__content\">\n<p><\/p>\n\n\n\n<p class=\"has-medium-font-size\">F\u00fcr eine pr\u00e4zise Steuerung sind unsere <a href=\"https:\/\/www.tele-radio.com\/ch-de\/products\/tiger\/\" target=\"_blank\" aria-label=\"undefined (opens in a new tab)\" rel=\"noreferrer noopener\">Tiger-Sender<\/a> mit zus\u00e4tzlichen proportionalen Drucktasten (<a href=\"https:\/\/www.tele-radio.com\/ch-de\/products\/tiger\/tiger-g2-sender-4x2-stufige-drucktasten-display-sil3-ple-2\/\" target=\"_blank\" aria-label=\"undefined (opens in a new tab)\" rel=\"noreferrer noopener\">TG-T14<\/a> oder <a href=\"https:\/\/www.tele-radio.com\/ch-de\/products\/tiger\/tiger-g2-sender-4x2-stufige-drucktasten-display-sil3-ple\/\" target=\"_blank\" aria-label=\"undefined (opens in a new tab)\" rel=\"noreferrer noopener\">TG-T15<\/a>) oder die Joystick-Sender ideal geeignet. Diese erf\u00fcllen ebenfalls das Sicherheitsniveau PLe \/ SIL3. Zudem kann der Joysticksender individuell aufgebaut werden. Folglich sind diese ideal f\u00fcr die Steuerung des Neigungs- und Drehwinkels einer Leiter und deren L\u00e4ngenverstellung bei Feuerwehrfahrzeugen.<\/p>\n<\/div><\/div>\n\n\n\n<div style=\"height:20px\" aria-hidden=\"true\" class=\"wp-block-spacer\"><\/div>\n\n\n\n<hr class=\"wp-block-separator\"\/>\n\n\n\n<div style=\"height:20px\" aria-hidden=\"true\" class=\"wp-block-spacer\"><\/div>\n\n\n\n<div class=\"wp-block-media-text alignwide is-stacked-on-mobile\" style=\"grid-template-columns:41% auto\"><figure class=\"wp-block-media-text__media\"><img loading=\"lazy\" decoding=\"async\" width=\"1200\" height=\"1050\" src=\"https:\/\/www.tele-radio.com\/app\/uploads\/t24-01-1200x1050.png\" alt=\"T24-01\" class=\"wp-image-75239 size-full\"\/><\/figure><div class=\"wp-block-media-text__content\">\n<p><\/p>\n\n\n\n<p class=\"has-medium-font-size\">Beim neuesten System &#8220;<a aria-label=\"undefined (opens in a new tab)\" href=\"https:\/\/www.tele-radio.com\/ch-de\/products\/puma-homepage\/\" target=\"_blank\" rel=\"noreferrer noopener\">Puma<\/a>&#8221; k\u00f6nnen Sie zwischen der Standard- und der kundenspezifischen Variante w\u00e4hlen. Mit diesem k\u00f6nnen Sie sogar einen mit Exster ausgestatteten <a href=\"https:\/\/www.tele-radio.com\/ch-de\/volvo-exster\/\" target=\"_blank\" aria-label=\"undefined (opens in a new tab)\" rel=\"noreferrer noopener\">Volvo-LKW<\/a> von au\u00dferhalb der Fahrerkabine steuern. Deshalb ist Puma ideal f\u00fcr mobile und hydraulische Anwendungen. <\/p>\n<\/div><\/div>\n\n\n\n<div style=\"height:20px\" aria-hidden=\"true\" class=\"wp-block-spacer\"><\/div>\n\n\n\n<hr class=\"wp-block-separator\"\/>\n\n\n\n<div style=\"height:20px\" aria-hidden=\"true\" class=\"wp-block-spacer\"><\/div>\n\n\n\n<p>Neben der Wahl des Senders ist auch die des Empf\u00e4ngers von hoher Bedeutung. Hierbei gibt es Modelle mit digitalen und analogen Ein- bzw. Ausg\u00e4ngen. Ebenfalls sind Empf\u00e4nger mit Feldbus (CANopen, Modbus oder J1939) erh\u00e4ltlich. <\/p>\n\n\n\n<p><\/p>\n\n\n\n<h2 class=\"wp-block-heading\">Ben\u00f6tigen Sie Hilfe oder haben Sie Fragen?<\/h2>\n\n\n\n<p>Nehmen Sie einfach Kontakt mit uns auf, wir beraten Sie gerne! Unsere Kontaktdaten finden Sie in der Fusszeile.  <\/p>\n\n\n\n<div style=\"height:100px\" aria-hidden=\"true\" class=\"wp-block-spacer\"><\/div>\n\n\n\n<p><\/p>\n","protected":false},"excerpt":{"rendered":"<p>Sonderfahrzeuge Sonderfahrzeuge und Spezialfahrzeuge werden im Baugewerbe, im Rettungswesen, in der Landwirtschaft, im Bergbau, in der Versorgungswirtschaft und in vielen anderen Bereichen eingesetzt. Also \u00fcberall dort, wo Fahrzeuge besondere Aufgaben erf\u00fcllen oder eine bestimmte Art von Ladung bef\u00f6rdern. Aufgrund ihrer Besonderheit erfordern sie verschiedene Sicherheitsl\u00f6sungen. Dies kann neben der drahtlosen Steuerung einiger Funktionen ebenfalls die [&hellip;]<\/p>\n","protected":false},"author":78,"featured_media":0,"parent":83477,"menu_order":0,"comment_status":"closed","ping_status":"closed","template":"","meta":{"_acf_changed":false,"footnotes":""},"class_list":["post-83509","page","type-page","status-publish","hentry"],"acf":[],"_links":{"self":[{"href":"https:\/\/www.tele-radio.com\/ch-de\/wp-json\/wp\/v2\/pages\/83509","targetHints":{"allow":["GET"]}}],"collection":[{"href":"https:\/\/www.tele-radio.com\/ch-de\/wp-json\/wp\/v2\/pages"}],"about":[{"href":"https:\/\/www.tele-radio.com\/ch-de\/wp-json\/wp\/v2\/types\/page"}],"author":[{"embeddable":true,"href":"https:\/\/www.tele-radio.com\/ch-de\/wp-json\/wp\/v2\/users\/78"}],"replies":[{"embeddable":true,"href":"https:\/\/www.tele-radio.com\/ch-de\/wp-json\/wp\/v2\/comments?post=83509"}],"version-history":[{"count":9,"href":"https:\/\/www.tele-radio.com\/ch-de\/wp-json\/wp\/v2\/pages\/83509\/revisions"}],"predecessor-version":[{"id":147465,"href":"https:\/\/www.tele-radio.com\/ch-de\/wp-json\/wp\/v2\/pages\/83509\/revisions\/147465"}],"up":[{"embeddable":true,"href":"https:\/\/www.tele-radio.com\/ch-de\/wp-json\/wp\/v2\/pages\/83477"}],"wp:attachment":[{"href":"https:\/\/www.tele-radio.com\/ch-de\/wp-json\/wp\/v2\/media?parent=83509"}],"curies":[{"name":"wp","href":"https:\/\/api.w.org\/{rel}","templated":true}]}}