{"id":83505,"date":"2021-09-27T09:20:29","date_gmt":"2021-09-27T09:20:29","guid":{"rendered":"https:\/\/www.tele-radio.com\/schifffahrtsindustrie\/"},"modified":"2023-03-08T17:08:35","modified_gmt":"2023-03-08T17:08:35","slug":"schifffahrtsindustrie","status":"publish","type":"page","link":"https:\/\/www.tele-radio.com\/ch-de\/anwendungen\/schifffahrtsindustrie\/","title":{"rendered":"Anwendungen &#8211; Schifffahrtsindustrie"},"content":{"rendered":"\n<h1 class=\"wp-block-heading\">Funkfernsteuerungen in der Schifffahrtsindustrie<\/h1>\n\n\n\n<p>Sicherheit, Zuverl\u00e4ssigkeit und Effizienz sind entscheidend f\u00fcr moderne Marine- und Offshore-Anwendungen. In den letzten Jahren wurden in der Schifffahrtsindustrie vermehrt Funkfernsteuerungen eingesetzt. Schlie\u00dflich bietet diese L\u00f6sung einen gro\u00dfen Vorteil: Die Sicherheit wird verbessert, indem gef\u00e4hrliche Arbeiten aus angemessener Entfernung durchgef\u00fchrt werden. <\/p>\n\n\n\n<p>Funkfernsteuerungen werden in allen Bereichen der maritimen Industrie eingesetzt. Dies umfasst spezielle L\u00f6sungen f\u00fcr Containerschiffe, ebenfalls wie f\u00fcr Kreuzfahrtschiffe oder Privatyachten. Mit einer Funkfernsteuerung k\u00f6nnen Sie die Ausr\u00fcstung Ihres Schiffes (Winde, Krane, etc.) bedienen. Dadurch ist keine zweite Person mehr erforderlich. Erw\u00e4hnenswert ist zudem, dass eine Funkfernsteuerung die <a href=\"https:\/\/www.tele-radio.com\/ch-de\/industrial-remote-control-increases-safety-on-skipyard\/\" target=\"_blank\" aria-label=\"undefined (opens in a new tab)\" rel=\"noreferrer noopener\">Sicherheit in Werften<\/a> erh\u00f6ht. Au\u00dferdem erweisen sich diese in der Offshore-Industrie als n\u00fctzlich, z.B. bei der Installation, Wartung und Reparatur eines <a href=\"https:\/\/www.tele-radio.com\/ch-de\/anwendungen\/windenergie\/\" target=\"_blank\" aria-label=\"undefined (opens in a new tab)\" rel=\"noreferrer noopener\">Windparks<\/a>.<\/p>\n\n\n\n<h2 class=\"wp-block-heading\">Tele Radio Funkfernsteuerungen f\u00fcr die Schifffahrtsindustrie<\/h2>\n\n\n\n<p> Alle Tele Radio-Sender und -Empf\u00e4nger sind robust und langlebig. Dadurch k\u00f6nnen Sie diese auch unter schwierigsten Bedingungen verwenden. Nachfolgend stellen wir Ihnen einige Funkfernsteuerungsl\u00f6sungen vor. Bitte beachten Sie, dass unsere Systeme \u00e4u\u00dferst flexibel sind. Dadurch k\u00f6nnen sie f\u00fcr unterschiedlichste Anwendungen angepasst werden. <\/p>\n\n\n\n<hr class=\"wp-block-separator\"\/>\n\n\n\n<div class=\"wp-block-media-text alignwide is-stacked-on-mobile\" style=\"grid-template-columns:41% auto\"><figure class=\"wp-block-media-text__media\"><img loading=\"lazy\" decoding=\"async\" width=\"1200\" height=\"1050\" src=\"https:\/\/www.tele-radio.com\/app\/uploads\/PN-T13-10-PN-T17-8-PN-T19-2.png\" alt=\"\" class=\"wp-image-79659 size-full\" srcset=\"https:\/\/www.tele-radio.com\/app\/uploads\/PN-T13-10-PN-T17-8-PN-T19-2.png 1200w, https:\/\/www.tele-radio.com\/app\/uploads\/PN-T13-10-PN-T17-8-PN-T19-2-400x350.png 400w, https:\/\/www.tele-radio.com\/app\/uploads\/PN-T13-10-PN-T17-8-PN-T19-2-768x672.png 768w, https:\/\/www.tele-radio.com\/app\/uploads\/PN-T13-10-PN-T17-8-PN-T19-2-750x656.png 750w, https:\/\/www.tele-radio.com\/app\/uploads\/PN-T13-10-PN-T17-8-PN-T19-2-500x438.png 500w, https:\/\/www.tele-radio.com\/app\/uploads\/PN-T13-10-PN-T17-8-PN-T19-2-800x700.png 800w\" sizes=\"auto, (max-width: 1200px) 100vw, 1200px\" \/><\/figure><div class=\"wp-block-media-text__content\">\n<p><\/p>\n\n\n\n<p class=\"has-medium-font-size\">Das <a href=\"https:\/\/www.tele-radio.com\/ch-de\/products\/panther\/\" target=\"_blank\" aria-label=\"undefined (opens in a new tab)\" rel=\"noreferrer noopener\">Panther-System<\/a> arbeitet auf dem Frequenzband von 2,4 GHz. Dadurch ist es weltweit nutzbar. Ebenfalls ist diese Baureihe sehr flexibel und einfach zu bedienen. F\u00fcr Anwendungen ohne ein ben\u00f6tigtes Sicherheitsniveau eignen sich die kleinen Sender mit 3, 4, 6, 8 oder 10 einstufigen Drucktasten. Zudem umfasst die Baureihe gr\u00f6\u00dfere Handsender sowie einen nach <a href=\"https:\/\/www.tele-radio.com\/ch-de\/products\/panther\/panther-sender-8x2-stufige-drucktasten-pld-cat3\/\" target=\"_blank\" aria-label=\"undefined (opens in a new tab)\" rel=\"noreferrer noopener\">PLd zertifizierten Sender<\/a> mit Notstopp.<\/p>\n<\/div><\/div>\n\n\n\n<hr class=\"wp-block-separator\"\/>\n\n\n\n<div style=\"height:20px\" aria-hidden=\"true\" class=\"wp-block-spacer\"><\/div>\n\n\n\n<div class=\"wp-block-media-text alignwide is-stacked-on-mobile\" style=\"grid-template-columns:41% auto\"><figure class=\"wp-block-media-text__media\"><img loading=\"lazy\" decoding=\"async\" width=\"1200\" height=\"1050\" src=\"https:\/\/www.tele-radio.com\/app\/uploads\/tigerg2-1200x1050.png\" alt=\"\" class=\"wp-image-75332 size-full\"\/><\/figure><div class=\"wp-block-media-text__content\">\n<p><\/p>\n\n\n\n<p class=\"has-medium-font-size\">Die <a href=\"https:\/\/www.tele-radio.com\/ch-de\/products\/tiger\/\" target=\"_blank\" aria-label=\"undefined (opens in a new tab)\" rel=\"noreferrer noopener\">Tiger-Baureihe<\/a> bietet Ihnen das Sicherheitsniveau PLe. Zudem k\u00f6nnen Sie sich bei diesen Sendern R\u00fcckmeldungen via LEDs oder Display anzeigen lassen. Diese Sender verf\u00fcgen \u00fcber zweistufige Drucktasten, proportionale Drucktasten oder sogar Joysticks und Schalter.<\/p>\n<\/div><\/div>\n\n\n\n<div style=\"height:20px\" aria-hidden=\"true\" class=\"wp-block-spacer\"><\/div>\n\n\n\n<hr class=\"wp-block-separator\"\/>\n\n\n\n<div style=\"height:20px\" aria-hidden=\"true\" class=\"wp-block-spacer\"><\/div>\n\n\n\n<div class=\"wp-block-media-text alignwide is-stacked-on-mobile\" style=\"grid-template-columns:41% auto\"><figure class=\"wp-block-media-text__media\"><img loading=\"lazy\" decoding=\"async\" width=\"1200\" height=\"1050\" src=\"https:\/\/www.tele-radio.com\/app\/uploads\/t24-01-1200x1050.png\" alt=\"\" class=\"wp-image-75239 size-full\"\/><\/figure><div class=\"wp-block-media-text__content\">\n<p><\/p>\n\n\n\n<p class=\"has-medium-font-size\">Beim neuesten System &#8220;<a aria-label=\"undefined (opens in a new tab)\" href=\"https:\/\/www.tele-radio.com\/ch-de\/products\/puma-homepage\/\" target=\"_blank\" rel=\"noreferrer noopener\">Puma<\/a>&#8221; k\u00f6nnen Sie zwischen der Standard- und der kundenspezifischen Variante w\u00e4hlen. Mit diesem k\u00f6nnen Sie sogar einen mit Exster ausgestatteten <a href=\"https:\/\/www.tele-radio.com\/ch-de\/volvo-exster\/\" target=\"_blank\" aria-label=\"undefined (opens in a new tab)\" rel=\"noreferrer noopener\">Volvo-LKW<\/a> von au\u00dferhalb der Fahrerkabine steuern. Ideal f\u00fcr mobile und hydraulische Anwendungen. <\/p>\n<\/div><\/div>\n\n\n\n<div style=\"height:20px\" aria-hidden=\"true\" class=\"wp-block-spacer\"><\/div>\n\n\n\n<hr class=\"wp-block-separator\"\/>\n\n\n\n<p>Neben der Wahl des Senders ist auch die des Empf\u00e4ngers von hoher Bedeutung. Hierbei gibt es Modelle mit digitalen und analogen Ein- bzw. Ausg\u00e4ngen. Ebenfalls sind Empf\u00e4nger mit Feldbus (CANopen, Modbus oder J1939) erh\u00e4ltlich.<\/p>\n\n\n\n<p> <\/p>\n\n\n\n<h2 class=\"wp-block-heading\">Ben\u00f6tigen Sie Hilfe oder haben Sie Fragen?<\/h2>\n\n\n\n<p>Nehmen Sie einfach Kontakt mit uns auf, wir beraten Sie gerne! Unsere Kontaktdaten finden Sie in der Fusszeile.  <\/p>\n\n\n\n<div style=\"height:100px\" aria-hidden=\"true\" class=\"wp-block-spacer\"><\/div>\n","protected":false},"excerpt":{"rendered":"<p>Funkfernsteuerungen in der Schifffahrtsindustrie Sicherheit, Zuverl\u00e4ssigkeit und Effizienz sind entscheidend f\u00fcr moderne Marine- und Offshore-Anwendungen. In den letzten Jahren wurden in der Schifffahrtsindustrie vermehrt Funkfernsteuerungen eingesetzt. Schlie\u00dflich bietet diese L\u00f6sung einen gro\u00dfen Vorteil: Die Sicherheit wird verbessert, indem gef\u00e4hrliche Arbeiten aus angemessener Entfernung durchgef\u00fchrt werden. Funkfernsteuerungen werden in allen Bereichen der maritimen Industrie eingesetzt. Dies [&hellip;]<\/p>\n","protected":false},"author":78,"featured_media":0,"parent":83477,"menu_order":0,"comment_status":"closed","ping_status":"closed","template":"","meta":{"_acf_changed":false,"footnotes":""},"class_list":["post-83505","page","type-page","status-publish","hentry"],"acf":[],"_links":{"self":[{"href":"https:\/\/www.tele-radio.com\/ch-de\/wp-json\/wp\/v2\/pages\/83505","targetHints":{"allow":["GET"]}}],"collection":[{"href":"https:\/\/www.tele-radio.com\/ch-de\/wp-json\/wp\/v2\/pages"}],"about":[{"href":"https:\/\/www.tele-radio.com\/ch-de\/wp-json\/wp\/v2\/types\/page"}],"author":[{"embeddable":true,"href":"https:\/\/www.tele-radio.com\/ch-de\/wp-json\/wp\/v2\/users\/78"}],"replies":[{"embeddable":true,"href":"https:\/\/www.tele-radio.com\/ch-de\/wp-json\/wp\/v2\/comments?post=83505"}],"version-history":[{"count":8,"href":"https:\/\/www.tele-radio.com\/ch-de\/wp-json\/wp\/v2\/pages\/83505\/revisions"}],"predecessor-version":[{"id":147205,"href":"https:\/\/www.tele-radio.com\/ch-de\/wp-json\/wp\/v2\/pages\/83505\/revisions\/147205"}],"up":[{"embeddable":true,"href":"https:\/\/www.tele-radio.com\/ch-de\/wp-json\/wp\/v2\/pages\/83477"}],"wp:attachment":[{"href":"https:\/\/www.tele-radio.com\/ch-de\/wp-json\/wp\/v2\/media?parent=83505"}],"curies":[{"name":"wp","href":"https:\/\/api.w.org\/{rel}","templated":true}]}}