{"id":83501,"date":"2021-09-27T09:30:12","date_gmt":"2021-09-27T09:30:12","guid":{"rendered":"https:\/\/www.tele-radio.com\/recycling\/"},"modified":"2023-03-08T17:09:34","modified_gmt":"2023-03-08T17:09:34","slug":"recycling","status":"publish","type":"page","link":"https:\/\/www.tele-radio.com\/ch-de\/anwendungen\/recycling\/","title":{"rendered":"Anwendungen &#8211; Recycling"},"content":{"rendered":"\n<h1 class=\"wp-block-heading\">Funkfernsteuerungen von Recycling-, Aufbereitungs- und Abfalltrennungsmaschinen<\/h1>\n\n\n\n<p>Die Bedeutung von Recycling nimmt weiter zu. Dies liegt daran, dass Recycling einen wichtigen Beitrag zur Abfallbewirtschaftung leistet. Diese positive Entwicklung bietet viele Vorteile. Dadurch wird der Verbrauch nat\u00fcrlicher Ressourcen reduziert und zugleich der Umweltschutz verbessert. Die Aufbereitung von Abf\u00e4llen und die Gewinnung von Sekund\u00e4rrohstoffen erfordert jedoch oft den Einsatz von speziellen Maschinen und Anlagen. Oftmals ist es m\u00f6glich, ihre Effizienz und Sicherheit durch den Einsatz einer Funkfernsteuerung zu verbessern.<\/p>\n\n\n\n<p>Funkfernsteuerungen erm\u00f6glichen es, den Betrieb einer Maschine aus sicherer Entfernung zu \u00fcberwachen und sie zudem von jedem Ort innerhalb der Reichweite auszuschalten. Somit wird die Abfallwirtschaft wesentlich effektiver und effizienter betrieben. Funkfernsteuerungen k\u00f6nnen bereits in der ersten Phase des Recyclings (Abfallsammlung und -trennung) eingesetzt werden, z.B. bei M\u00fcllw\u00e4gen, F\u00f6rderb\u00e4ndern oder Kranen. Aber auch im weiteren Prozess ist deren Einsatz m\u00f6glich, z.B. bei Schredder, M\u00fchlen, Sieben und Pressen.<\/p>\n\n\n\n<h2 class=\"wp-block-heading\">Tele Radio Funkfernsteuerungen im <a href=\"https:\/\/www.tele-radio.com\/ch-de\/bergbau\/\" target=\"_blank\" aria-label=\"undefined (opens in a new tab)\" rel=\"noreferrer noopener\">Recycling-Sektor<\/a><\/h2>\n\n\n\n<p>Alle Tele Radio-Sender und -Empf\u00e4nger sind robust und langlebig. Dadurch k\u00f6nnen Sie diese auch unter schwierigsten Bedingungen verwenden. Nachfolgend stellen wir Ihnen einige Funkfernsteuerungsl\u00f6sungen vor. Bitte beachten Sie, dass unsere Systeme \u00e4u\u00dferst flexibel sind. Dadurch k\u00f6nnen sie f\u00fcr unterschiedlichste Anwendungen angepasst werden. <\/p>\n\n\n\n<hr class=\"wp-block-separator\"\/>\n\n\n\n<div style=\"height:30px\" aria-hidden=\"true\" class=\"wp-block-spacer\"><\/div>\n\n\n\n<div class=\"wp-block-media-text alignwide is-stacked-on-mobile\" style=\"grid-template-columns:41% auto\"><figure class=\"wp-block-media-text__media\"><img loading=\"lazy\" decoding=\"async\" width=\"1200\" height=\"1050\" src=\"https:\/\/www.tele-radio.com\/app\/uploads\/panther-1200x1050.png\" alt=\"Tele Radio Panther\" class=\"wp-image-75309 size-full\"\/><\/figure><div class=\"wp-block-media-text__content\">\n<p><\/p>\n\n\n\n<p class=\"has-medium-font-size\">Das <a href=\"https:\/\/www.tele-radio.com\/ch-de\/products\/panther\/\" target=\"_blank\" aria-label=\"undefined (opens in a new tab)\" rel=\"noreferrer noopener\">Panther-System<\/a> arbeitet auf dem Frequenzband von 2,4 GHz. Dadurch ist es weltweit nutzbar. Ebenfalls ist diese Baureihe sehr flexibel und einfach zu bedienen. F\u00fcr Anwendungen ohne ein ben\u00f6tigtes Sicherheitsniveau eignen sich die kleinen Sender mit 3, 4, 6, 8 oder 10 einstufigen Drucktasten. Zudem umfasst die Baureihe gr\u00f6\u00dfere Handsender sowie einen nach <a href=\"https:\/\/www.tele-radio.com\/ch-de\/products\/panther\/panther-sender-8x2-stufige-drucktasten-pld-cat3\/\" target=\"_blank\" aria-label=\"undefined (opens in a new tab)\" rel=\"noreferrer noopener\">PLd zertifizierten Sender<\/a> mit Notstopp. <\/p>\n<\/div><\/div>\n\n\n\n<div style=\"height:30px\" aria-hidden=\"true\" class=\"wp-block-spacer\"><\/div>\n\n\n\n<hr class=\"wp-block-separator\"\/>\n\n\n\n<div style=\"height:30px\" aria-hidden=\"true\" class=\"wp-block-spacer\"><\/div>\n\n\n\n<div class=\"wp-block-media-text alignwide is-stacked-on-mobile\" style=\"grid-template-columns:41% auto\"><figure class=\"wp-block-media-text__media\"><img loading=\"lazy\" decoding=\"async\" width=\"1200\" height=\"1050\" src=\"https:\/\/www.tele-radio.com\/app\/uploads\/tigerg2-1200x1050.png\" alt=\"Tele Radio Tiger G2\" class=\"wp-image-75332 size-full\"\/><\/figure><div class=\"wp-block-media-text__content\">\n<p><\/p>\n\n\n\n<p class=\"has-medium-font-size\">Die <a href=\"https:\/\/www.tele-radio.com\/ch-de\/products\/tiger\/\" target=\"_blank\" aria-label=\"undefined (opens in a new tab)\" rel=\"noreferrer noopener\">Tiger-Baureihe<\/a> bietet Ihnen das Sicherheitsniveau PLe. Zudem k\u00f6nnen Sie sich bei diesen Sendern R\u00fcckmeldungen via LEDs oder Display anzeigen lassen. Diese Sender verf\u00fcgen \u00fcber zweistufige Drucktasten, proportionale Drucktasten oder sogar Joysticks und Schalter. <\/p>\n<\/div><\/div>\n\n\n\n<div style=\"height:30px\" aria-hidden=\"true\" class=\"wp-block-spacer\"><\/div>\n\n\n\n<hr class=\"wp-block-separator\"\/>\n\n\n\n<div style=\"height:30px\" aria-hidden=\"true\" class=\"wp-block-spacer\"><\/div>\n\n\n\n<div class=\"wp-block-media-text alignwide is-stacked-on-mobile\" style=\"grid-template-columns:41% auto\"><figure class=\"wp-block-media-text__media\"><img loading=\"lazy\" decoding=\"async\" width=\"1200\" height=\"1200\" src=\"https:\/\/www.tele-radio.com\/app\/uploads\/\/PUMA-basic-line_T24-01-MIDI-1200x1200.png\" alt=\"Puma Basic Line\" class=\"wp-image-45293 size-full\" srcset=\"https:\/\/www.tele-radio.com\/app\/uploads\/PUMA-basic-line_T24-01-MIDI-1200x1200.png 1200w, https:\/\/www.tele-radio.com\/app\/uploads\/PUMA-basic-line_T24-01-MIDI-150x150.png 150w, https:\/\/www.tele-radio.com\/app\/uploads\/PUMA-basic-line_T24-01-MIDI-400x400.png 400w, https:\/\/www.tele-radio.com\/app\/uploads\/PUMA-basic-line_T24-01-MIDI-768x768.png 768w, https:\/\/www.tele-radio.com\/app\/uploads\/PUMA-basic-line_T24-01-MIDI-250x250.png 250w, https:\/\/www.tele-radio.com\/app\/uploads\/PUMA-basic-line_T24-01-MIDI-750x750.png 750w, https:\/\/www.tele-radio.com\/app\/uploads\/PUMA-basic-line_T24-01-MIDI-500x500.png 500w, https:\/\/www.tele-radio.com\/app\/uploads\/PUMA-basic-line_T24-01-MIDI-1600x1600.png 1600w, https:\/\/www.tele-radio.com\/app\/uploads\/PUMA-basic-line_T24-01-MIDI-800x800.png 800w\" sizes=\"auto, (max-width: 1200px) 100vw, 1200px\" \/><\/figure><div class=\"wp-block-media-text__content\">\n<p><\/p>\n\n\n\n<p class=\"has-medium-font-size\">Beim neuesten System &#8220;<a aria-label=\"undefined (opens in a new tab)\" href=\"https:\/\/www.tele-radio.com\/ch-de\/products\/puma-homepage\/\" target=\"_blank\" rel=\"noreferrer noopener\">Puma<\/a>&#8221; k\u00f6nnen Sie zwischen der Standard- und der kundenspezifischen Variante w\u00e4hlen. Mit diesem k\u00f6nnen Sie sogar einen mit Exster ausgestatteten <a href=\"https:\/\/www.tele-radio.com\/ch-de\/volvo-exster\/\" target=\"_blank\" aria-label=\"undefined (opens in a new tab)\" rel=\"noreferrer noopener\">Volvo-LKW<\/a> von au\u00dferhalb der Fahrerkabine steuern. Ideal f\u00fcr mobile und hydraulische Anwendungen.  <\/p>\n<\/div><\/div>\n\n\n\n<div style=\"height:30px\" aria-hidden=\"true\" class=\"wp-block-spacer\"><\/div>\n\n\n\n<hr class=\"wp-block-separator\"\/>\n\n\n\n<p>Neben der Wahl des Senders ist auch die des Empf\u00e4ngers von hoher Bedeutung. Hierbei gibt es Modelle mit digitalen und analogen Ein- bzw. Ausg\u00e4ngen. Ebenfalls sind Empf\u00e4nger mit Feldbus (CANopen, Modbus oder J1939) erh\u00e4ltlich.  <\/p>\n\n\n\n<h2 class=\"wp-block-heading\">Ben\u00f6tigen Sie Hilfe oder haben Sie Fragen? <\/h2>\n\n\n\n<p>Nehmen Sie einfach Kontakt mit uns auf, wir beraten Sie gerne! Unsere Kontaktdaten finden Sie in der Fusszeile.  <\/p>\n\n\n\n<div style=\"height:100px\" aria-hidden=\"true\" class=\"wp-block-spacer\"><\/div>\n","protected":false},"excerpt":{"rendered":"<p>Funkfernsteuerungen von Recycling-, Aufbereitungs- und Abfalltrennungsmaschinen Die Bedeutung von Recycling nimmt weiter zu. Dies liegt daran, dass Recycling einen wichtigen Beitrag zur Abfallbewirtschaftung leistet. Diese positive Entwicklung bietet viele Vorteile. Dadurch wird der Verbrauch nat\u00fcrlicher Ressourcen reduziert und zugleich der Umweltschutz verbessert. Die Aufbereitung von Abf\u00e4llen und die Gewinnung von Sekund\u00e4rrohstoffen erfordert jedoch oft den [&hellip;]<\/p>\n","protected":false},"author":78,"featured_media":0,"parent":83477,"menu_order":0,"comment_status":"closed","ping_status":"closed","template":"","meta":{"_acf_changed":false,"footnotes":""},"class_list":["post-83501","page","type-page","status-publish","hentry"],"acf":[],"_links":{"self":[{"href":"https:\/\/www.tele-radio.com\/ch-de\/wp-json\/wp\/v2\/pages\/83501","targetHints":{"allow":["GET"]}}],"collection":[{"href":"https:\/\/www.tele-radio.com\/ch-de\/wp-json\/wp\/v2\/pages"}],"about":[{"href":"https:\/\/www.tele-radio.com\/ch-de\/wp-json\/wp\/v2\/types\/page"}],"author":[{"embeddable":true,"href":"https:\/\/www.tele-radio.com\/ch-de\/wp-json\/wp\/v2\/users\/78"}],"replies":[{"embeddable":true,"href":"https:\/\/www.tele-radio.com\/ch-de\/wp-json\/wp\/v2\/comments?post=83501"}],"version-history":[{"count":10,"href":"https:\/\/www.tele-radio.com\/ch-de\/wp-json\/wp\/v2\/pages\/83501\/revisions"}],"predecessor-version":[{"id":147206,"href":"https:\/\/www.tele-radio.com\/ch-de\/wp-json\/wp\/v2\/pages\/83501\/revisions\/147206"}],"up":[{"embeddable":true,"href":"https:\/\/www.tele-radio.com\/ch-de\/wp-json\/wp\/v2\/pages\/83477"}],"wp:attachment":[{"href":"https:\/\/www.tele-radio.com\/ch-de\/wp-json\/wp\/v2\/media?parent=83501"}],"curies":[{"name":"wp","href":"https:\/\/api.w.org\/{rel}","templated":true}]}}