{"id":83497,"date":"2021-08-06T11:35:49","date_gmt":"2021-08-06T11:35:49","guid":{"rendered":"https:\/\/www.tele-radio.com\/logistik\/"},"modified":"2021-10-14T08:48:46","modified_gmt":"2021-10-14T08:48:46","slug":"logistik","status":"publish","type":"page","link":"https:\/\/www.tele-radio.com\/ch-de\/anwendungen\/logistik\/","title":{"rendered":"Anwendungen &#8211; Logistik"},"content":{"rendered":"\n<h1 class=\"wp-block-heading\">Funkfernsteuerungen in der Logistik<\/h1>\n\n\n\n<p>Die innerbetriebliche Logistik (Intralogistik) spielt in jedem Unternehmen eine sehr wichtige Rolle. Schlie\u00dflich umfasst sie die Bewegung von Produkten und Materialien innerhalb eines Unternehmens. Daher tr\u00e4gt sie zur Verbesserung der Effizienz des Lagerbetriebs bei. Um einen effizienten Warenfluss zu gew\u00e4hrleisten, werden unter anderem Industrieroboter, F\u00f6rderanlagen, Gabelhubwagen und Br\u00fcckenkr\u00e4ne eingesetzt. Die Produktionsschritte in der Logistik sind mit st\u00e4ndiger Bewegung verbunden, wodurch die im Lager arbeitenden Personen Gefahren ausgesetzt sind. Der Einsatz einer Funkfernsteuerung tr\u00e4gt nicht nur zur Arbeitssicherheit bei, sondern auch zu einer schnellen und pr\u00e4zisen Handhabung der Lasten. Dies wiederum erh\u00f6ht die Produktivit\u00e4t des Unternehmens.<\/p>\n\n\n\n<p><\/p>\n\n\n\n<p>Die ergonomischen und innovativen Funkfernsteuerungen k\u00f6nnen f\u00fcr den innerbetrieblichen Transport sowie f\u00fcr Be- und Entladevorg\u00e4nge eingesetzt werden: zur Steuerung von Hubwagen, F\u00f6rderanlagen, F\u00f6rderb\u00e4ndern, Lastenaufz\u00fcgen oder Toren. Sie k\u00f6nnen ebenfalls zur Bedienung von Verpackungsmaschinen oder z. B. zur Steuerung eines Schubbodensystems in Lastwagen eingesetzt werden.<\/p>\n\n\n\n<h2 class=\"wp-block-heading\">Tele Radio Funkfernsteuerungen in der Logistik<\/h2>\n\n\n\n<p>Alle Tele Radio-Sender und -Empf\u00e4nger sind robust und langlebig. Dadurch k\u00f6nnen Sie diese auch unter schwierigsten Bedingungen verwenden. Nachfolgend stellen wir Ihnen einige Funkfernsteuerungsl\u00f6sungen vor. Bitte beachten Sie, dass unsere Systeme \u00e4u\u00dferst flexibel sind. Deshalb k\u00f6nnen wir diese  f\u00fcr unterschiedlichste Anwendungen angepasst werden k\u00f6nnen.<\/p>\n\n\n\n<hr class=\"wp-block-separator\"\/>\n\n\n\n<div class=\"wp-block-media-text alignwide is-stacked-on-mobile\" style=\"grid-template-columns:41% auto\"><figure class=\"wp-block-media-text__media\"><img loading=\"lazy\" decoding=\"async\" width=\"1200\" height=\"1050\" src=\"https:\/\/www.tele-radio.com\/app\/uploads\/pn-t13-1200x1050.png\" alt=\"PN-T13-3;\nPN-T13-6;\nPN-T21-10\" class=\"wp-image-75950 size-full\"\/><\/figure><div class=\"wp-block-media-text__content\">\n<p><\/p>\n\n\n\n<p class=\"has-medium-font-size\">Einfache Funktionen von Maschinen, die keine hohen Sicherheitsstandards erfordern, k\u00f6nnen mit den kleine Sendern der <a href=\"https:\/\/www.tele-radio.com\/ch-de\/products\/panther\/\" target=\"_blank\" aria-label=\"undefined (opens in a new tab)\" rel=\"noreferrer noopener\">Panther-Reihe<\/a> gesteuert werden. Diese Sender sind mit 3, 4, 6, 8 oder 10 einstufigen Drucktasten erh\u00e4ltlich und arbeiten auf einer Frequenz von 2,4 GHz. Ideal f\u00fcr die Steuerung eines Tors, eines Gabelhubwagens, von Lastenaufz\u00fcgen oder F\u00f6rderb\u00e4ndern.<\/p>\n<\/div><\/div>\n\n\n\n<hr class=\"wp-block-separator\"\/>\n\n\n\n<div style=\"height:20px\" aria-hidden=\"true\" class=\"wp-block-spacer\"><\/div>\n\n\n\n<div class=\"wp-block-media-text alignwide is-stacked-on-mobile\" style=\"grid-template-columns:41% auto\"><figure class=\"wp-block-media-text__media\"><img loading=\"lazy\" decoding=\"async\" width=\"1200\" height=\"1050\" src=\"https:\/\/www.tele-radio.com\/app\/uploads\/pn-t19-2-1200x1050.png\" alt=\"PN-T19-2\" class=\"wp-image-75119 size-full\"\/><\/figure><div class=\"wp-block-media-text__content\">\n<p class=\"has-medium-font-size\">Falls Sie eine Stopp-Funktion f\u00fcr Ihre Anwendung ben\u00f6tigen, bieten wir Ihnen das Sicherheitsniveau PLd (<a href=\"https:\/\/www.tele-radio.com\/ch-de\/products\/panther\/panther-sender-8x2-stufige-drucktasten-pld-cat3\/\" target=\"_blank\" aria-label=\"undefined (opens in a new tab)\" rel=\"noreferrer noopener\">Panther-Sender PN-T19-2<\/a>). Ideal f\u00fcr Br\u00fcckenkrane oder andere Hebe- und Transportger\u00e4te.<\/p>\n<\/div><\/div>\n\n\n\n<div class=\"wp-block-media-text alignwide is-stacked-on-mobile\" style=\"grid-template-columns:41% auto\"><figure class=\"wp-block-media-text__media\"><img loading=\"lazy\" decoding=\"async\" width=\"1200\" height=\"1050\" src=\"https:\/\/www.tele-radio.com\/app\/uploads\/tigerg2-1200x1050.png\" alt=\"\" class=\"wp-image-75340 size-full\" srcset=\"https:\/\/www.tele-radio.com\/app\/uploads\/tigerg2-1200x1050.png 1200w, https:\/\/www.tele-radio.com\/app\/uploads\/tigerg2-400x350.png 400w, https:\/\/www.tele-radio.com\/app\/uploads\/tigerg2-768x672.png 768w, https:\/\/www.tele-radio.com\/app\/uploads\/tigerg2-1536x1343.png 1536w, https:\/\/www.tele-radio.com\/app\/uploads\/tigerg2-750x656.png 750w, https:\/\/www.tele-radio.com\/app\/uploads\/tigerg2-500x437.png 500w, https:\/\/www.tele-radio.com\/app\/uploads\/tigerg2-1600x1399.png 1600w, https:\/\/www.tele-radio.com\/app\/uploads\/tigerg2-800x700.png 800w, https:\/\/www.tele-radio.com\/app\/uploads\/tigerg2.png 1667w\" sizes=\"auto, (max-width: 1200px) 100vw, 1200px\" \/><\/figure><div class=\"wp-block-media-text__content\">\n<p class=\"has-medium-font-size\">Sie ben\u00f6tigen das Sicherheitsniveau PLe? Hierf\u00fcr ist die <a href=\"https:\/\/www.tele-radio.com\/ch-de\/products\/tiger\/\" target=\"_blank\" aria-label=\"undefined (opens in a new tab)\" rel=\"noreferrer noopener\">Tiger-Baureihe<\/a> geeignet. Zudem  erm\u00f6glichen es Ihnen diese Sender, R\u00fcckmeldungen via Display oder LEDs anzeigen zu lassen.<\/p>\n<\/div><\/div>\n\n\n\n<div style=\"height:20px\" aria-hidden=\"true\" class=\"wp-block-spacer\"><\/div>\n\n\n\n<div style=\"height:20px\" aria-hidden=\"true\" class=\"wp-block-spacer\"><\/div>\n\n\n\n<hr class=\"wp-block-separator\"\/>\n\n\n\n<div style=\"height:20px\" aria-hidden=\"true\" class=\"wp-block-spacer\"><\/div>\n\n\n\n<p>Neben der Wahl des Senders ist auch die des Empf\u00e4ngers von hoher Bedeutung. Hierbei gibt es Modelle mit digitalen und analogen Ein- bzw. Ausg\u00e4ngen. Ebenfalls sind Empf\u00e4nger mit Feldbus (CANopen, Modbus oder J1939) erh\u00e4ltlich.<\/p>\n\n\n\n<p><\/p>\n\n\n\n<h2 class=\"wp-block-heading\">Ben\u00f6tigen Sie Hilfe oder haben Sie Fragen?<\/h2>\n\n\n\n<p>Nehmen Sie einfach Kontakt mit uns auf, wir beraten Sie gerne! Unsere Kontaktdaten finden Sie in der Fusszeile.  <\/p>\n\n\n\n<div style=\"height:100px\" aria-hidden=\"true\" class=\"wp-block-spacer\"><\/div>\n","protected":false},"excerpt":{"rendered":"<p>Funkfernsteuerungen in der Logistik Die innerbetriebliche Logistik (Intralogistik) spielt in jedem Unternehmen eine sehr wichtige Rolle. Schlie\u00dflich umfasst sie die Bewegung von Produkten und Materialien innerhalb eines Unternehmens. Daher tr\u00e4gt sie zur Verbesserung der Effizienz des Lagerbetriebs bei. Um einen effizienten Warenfluss zu gew\u00e4hrleisten, werden unter anderem Industrieroboter, F\u00f6rderanlagen, Gabelhubwagen und Br\u00fcckenkr\u00e4ne eingesetzt. Die Produktionsschritte [&hellip;]<\/p>\n","protected":false},"author":78,"featured_media":0,"parent":83477,"menu_order":0,"comment_status":"closed","ping_status":"closed","template":"","meta":{"_acf_changed":false,"footnotes":""},"class_list":["post-83497","page","type-page","status-publish","hentry"],"acf":[],"_links":{"self":[{"href":"https:\/\/www.tele-radio.com\/ch-de\/wp-json\/wp\/v2\/pages\/83497","targetHints":{"allow":["GET"]}}],"collection":[{"href":"https:\/\/www.tele-radio.com\/ch-de\/wp-json\/wp\/v2\/pages"}],"about":[{"href":"https:\/\/www.tele-radio.com\/ch-de\/wp-json\/wp\/v2\/types\/page"}],"author":[{"embeddable":true,"href":"https:\/\/www.tele-radio.com\/ch-de\/wp-json\/wp\/v2\/users\/78"}],"replies":[{"embeddable":true,"href":"https:\/\/www.tele-radio.com\/ch-de\/wp-json\/wp\/v2\/comments?post=83497"}],"version-history":[{"count":6,"href":"https:\/\/www.tele-radio.com\/ch-de\/wp-json\/wp\/v2\/pages\/83497\/revisions"}],"predecessor-version":[{"id":83764,"href":"https:\/\/www.tele-radio.com\/ch-de\/wp-json\/wp\/v2\/pages\/83497\/revisions\/83764"}],"up":[{"embeddable":true,"href":"https:\/\/www.tele-radio.com\/ch-de\/wp-json\/wp\/v2\/pages\/83477"}],"wp:attachment":[{"href":"https:\/\/www.tele-radio.com\/ch-de\/wp-json\/wp\/v2\/media?parent=83497"}],"curies":[{"name":"wp","href":"https:\/\/api.w.org\/{rel}","templated":true}]}}