{"id":83489,"date":"2021-07-26T10:39:52","date_gmt":"2021-07-26T10:39:52","guid":{"rendered":"https:\/\/www.tele-radio.com\/krane\/"},"modified":"2021-10-13T15:52:03","modified_gmt":"2021-10-13T15:52:03","slug":"krane","status":"publish","type":"page","link":"https:\/\/www.tele-radio.com\/ch-de\/anwendungen\/krane\/","title":{"rendered":"Anwendungen &#8211; Krane und Hebezeuge"},"content":{"rendered":"\n<h1 class=\"wp-block-heading\">Funkfernsteuerungen f\u00fcr Krane und Hebezeuge<\/h1>\n\n\n\n<p>Flurf\u00f6rderzeuge sind in vielen Wirtschaftszweigen unverzichtbar. Schlie\u00dflich erm\u00f6glichen sie den Transport und die Lagerung schwerer, manchmal tonnenschwerer Lasten und die Bewegung von Menschen, nicht nur in Hallen und Lagern, sondern auch im Freien, z. B. im <a href=\"https:\/\/www.tele-radio.com\/ch-de\/anwendungen\/bauwesen\/\">Baugewerbe<\/a>, im Schiffbau oder in der <a href=\"https:\/\/www.tele-radio.com\/de\/anwendungen\/logistik\/\">Logistik<\/a>. Immer mehr Unternehmen entscheiden sich f\u00fcr Funkfernsteuerungen bei Krane (Br\u00fcckenkrane, Portalkrane, Hebezeuge), Manipulatoren, Greifer und andere Materialtransportger\u00e4te. Der Vorteil einer kabellosen Steuerung ist zweifellos die Gew\u00e4hrleistung der Sicherheit der Mitarbeiter, die beim Heben und Transportieren schwerer Lasten von entscheidender Bedeutung ist. Der Kranf\u00fchrer befindet sich weit genug entfernt, hat aber dennoch einen guten \u00dcberblick \u00fcber den Arbeitsplatz.<\/p>\n\n\n\n<p>Wir k\u00f6nnen unsere Funkfernsteuerungen an spezifische Bed\u00fcrfnisse anpassen. Fernbedienungen f\u00fcr Krane und Hebezeuge m\u00fcssen eine Sicherheit mindestens auf PLd-Niveau gew\u00e4hrleisten. Daher schlagen wir im Folgenden Ger\u00e4te aus unserem Angebot vor, die von <a href=\"https:\/\/www.tele-radio.com\/ch-de\/die-wichtigkeit-einer-benannten-stelle-in-bezug-auf-ihre-sicherheit\/\" target=\"_blank\" aria-label=\"undefined (opens in a new tab)\" rel=\"noreferrer noopener\">unabh\u00e4ngigen Institutionen<\/a> zertifiziert wurden und einen h\u00f6heren Sicherheitsstandard aufweisen als gefordert. Wenn Sie sich f\u00fcr unsere Funkfernsteuerungen entscheiden, k\u00f6nnen Sie sicher sein, dass sie von h\u00f6chster Qualit\u00e4t sind.<\/p>\n\n\n\n<h2 class=\"wp-block-heading\"> Tele Radio Funkfernsteuerungen f\u00fcr Krane und Hebezeuge <\/h2>\n\n\n\n<p>Alle Tele Radio-Sender und -Empf\u00e4nger sind robust und langlebig. Dadurch k\u00f6nnen Sie diese auch unter schwierigsten Bedingungen verwenden. Nachfolgend stellen wir Ihnen einige Funkfernsteuerungsl\u00f6sungen vor. Bitte beachten Sie, dass unsere Systeme \u00e4u\u00dferst flexibel sind. Dadurch k\u00f6nnen wir diese f\u00fcr unterschiedlichste Anwendungen anpassen.<\/p>\n\n\n\n<hr class=\"wp-block-separator\"\/>\n\n\n\n<div style=\"height:20px\" aria-hidden=\"true\" class=\"wp-block-spacer\"><\/div>\n\n\n\n<div class=\"wp-block-media-text alignwide is-stacked-on-mobile\" style=\"grid-template-columns:41% auto\"><figure class=\"wp-block-media-text__media\"><img loading=\"lazy\" decoding=\"async\" width=\"1200\" height=\"1050\" src=\"https:\/\/www.tele-radio.com\/app\/uploads\/pn-t19-2-1200x1050.png\" alt=\"PN-T19-2\" class=\"wp-image-75119 size-full\"\/><\/figure><div class=\"wp-block-media-text__content\">\n<p class=\"has-medium-font-size\">Das <a href=\"https:\/\/www.tele-radio.com\/ch-de\/products\/panther\/panther-sender-8x2-stufige-drucktasten-pld-cat3\/\" target=\"_blank\" aria-label=\"undefined (opens in a new tab)\" rel=\"noreferrer noopener\">Panther PLd-System<\/a> ist f\u00fcr die Steuerung von Br\u00fcckenkranen sowie anderen Hebe- und F\u00f6rderanlagen konzipiert. Es garantiert die Sicherheitsstufe PLd \/ Cat. 3. Zudem arbeitet das System auf der weltweit zugelassenen Frequenz von 2,4 GHz.<\/p>\n<\/div><\/div>\n\n\n\n<div style=\"height:20px\" aria-hidden=\"true\" class=\"wp-block-spacer\"><\/div>\n\n\n\n<hr class=\"wp-block-separator\"\/>\n\n\n\n<div style=\"height:20px\" aria-hidden=\"true\" class=\"wp-block-spacer\"><\/div>\n\n\n\n<div class=\"wp-block-media-text alignwide is-stacked-on-mobile\" style=\"grid-template-columns:41% auto\"><figure class=\"wp-block-media-text__media\"><img loading=\"lazy\" decoding=\"async\" width=\"1200\" height=\"1050\" src=\"https:\/\/www.tele-radio.com\/app\/uploads\/tg-1200x1050.png\" alt=\"Tiger G2\" class=\"wp-image-75144 size-full\"\/><\/figure><div class=\"wp-block-media-text__content\">\n<p class=\"has-medium-font-size\">Die <a href=\"https:\/\/www.tele-radio.com\/ch-de\/products\/tiger\/\" target=\"_blank\" aria-label=\"undefined (opens in a new tab)\" rel=\"noreferrer noopener\">Tiger-Baureihe<\/a> ist nach dem Sicherheitsniveau PLe \/ SIL3 zertifizeirt. Zudem erm\u00f6glicht es Ihnen, sich R\u00fcckmeldungen \u00fcber LEDs oder das Display anzeigen zu lassen. Unsere Tiger-Baureihe umfasst Handsender mit zweistufigen Drucktasten, mit analogen Drucktasten sowie einen Joysticksender. Letzterer kann individuell f\u00fcr Sie gefertigt werden.<\/p>\n\n\n\n<p class=\"has-medium-font-size\"><\/p>\n<\/div><\/div>\n\n\n\n<p class=\"has-very-light-gray-background-color has-background has-medium-font-size\">Ein wichtiger Vorteil der Tele Radio TIGER G2 Systeme ist die M\u00f6glichkeit, im <a href=\"https:\/\/www.tele-radio.com\/ch-de\/remote-control-and-tandem-cranes\/\" target=\"_blank\" aria-label=\"undefined (opens in a new tab)\" rel=\"noreferrer noopener\">Tandem<\/a> und im MASTER-SLAVE System zu arbeiten &#8211; das System erm\u00f6glicht die Steuerung mehrerer Empf\u00e4nger mit einem Sender. R\u00fcckmeldungen k\u00f6nnen digital und analog mittels LEDs, Display und Tonsignal \u00fcbertragen werden. Der Bediener wird in Echtzeit z. B. \u00fcber Ausf\u00e4lle, das Gewicht der angeh\u00e4ngten Last oder deren Zuordnung zu einem bestimmten Kran informiert.<\/p>\n\n\n\n<div style=\"height:20px\" aria-hidden=\"true\" class=\"wp-block-spacer\"><\/div>\n\n\n\n<hr class=\"wp-block-separator\"\/>\n\n\n\n<div style=\"height:20px\" aria-hidden=\"true\" class=\"wp-block-spacer\"><\/div>\n\n\n\n<p>Neben der Wahl des Senders ist auch die des Empf\u00e4ngers von hoher Bedeutung. Hierbei gibt es Modelle mit digitalen und analogen Ein- bzw. Ausg\u00e4ngen. Ebenfalls sind Empf\u00e4nger mit Feldbus (CANopen, Modbus oder J1939) erh\u00e4ltlich. <\/p>\n\n\n\n<div style=\"height:40px\" aria-hidden=\"true\" class=\"wp-block-spacer\"><\/div>\n\n\n\n<h2 class=\"wp-block-heading\">Ben\u00f6tigen Sie Hilfe oder haben Sie Fragen? <\/h2>\n\n\n\n<p>Nehmen Sie einfach Kontakt mit uns auf, wir beraten Sie gerne! Unsere Kontaktdaten finden Sie in der Fusszeile.  <\/p>\n\n\n\n<div style=\"height:100px\" aria-hidden=\"true\" class=\"wp-block-spacer\"><\/div>\n\n\n\n<p><\/p>\n","protected":false},"excerpt":{"rendered":"<p>Funkfernsteuerungen f\u00fcr Krane und Hebezeuge Flurf\u00f6rderzeuge sind in vielen Wirtschaftszweigen unverzichtbar. Schlie\u00dflich erm\u00f6glichen sie den Transport und die Lagerung schwerer, manchmal tonnenschwerer Lasten und die Bewegung von Menschen, nicht nur in Hallen und Lagern, sondern auch im Freien, z. B. im Baugewerbe, im Schiffbau oder in der Logistik. Immer mehr Unternehmen entscheiden sich f\u00fcr Funkfernsteuerungen [&hellip;]<\/p>\n","protected":false},"author":78,"featured_media":0,"parent":83477,"menu_order":1,"comment_status":"closed","ping_status":"closed","template":"","meta":{"_acf_changed":false,"footnotes":""},"class_list":["post-83489","page","type-page","status-publish","hentry"],"acf":[],"_links":{"self":[{"href":"https:\/\/www.tele-radio.com\/ch-de\/wp-json\/wp\/v2\/pages\/83489","targetHints":{"allow":["GET"]}}],"collection":[{"href":"https:\/\/www.tele-radio.com\/ch-de\/wp-json\/wp\/v2\/pages"}],"about":[{"href":"https:\/\/www.tele-radio.com\/ch-de\/wp-json\/wp\/v2\/types\/page"}],"author":[{"embeddable":true,"href":"https:\/\/www.tele-radio.com\/ch-de\/wp-json\/wp\/v2\/users\/78"}],"replies":[{"embeddable":true,"href":"https:\/\/www.tele-radio.com\/ch-de\/wp-json\/wp\/v2\/comments?post=83489"}],"version-history":[{"count":7,"href":"https:\/\/www.tele-radio.com\/ch-de\/wp-json\/wp\/v2\/pages\/83489\/revisions"}],"predecessor-version":[{"id":83662,"href":"https:\/\/www.tele-radio.com\/ch-de\/wp-json\/wp\/v2\/pages\/83489\/revisions\/83662"}],"up":[{"embeddable":true,"href":"https:\/\/www.tele-radio.com\/ch-de\/wp-json\/wp\/v2\/pages\/83477"}],"wp:attachment":[{"href":"https:\/\/www.tele-radio.com\/ch-de\/wp-json\/wp\/v2\/media?parent=83489"}],"curies":[{"name":"wp","href":"https:\/\/api.w.org\/{rel}","templated":true}]}}