{"id":83481,"date":"2021-08-06T11:35:56","date_gmt":"2021-08-06T11:35:56","guid":{"rendered":"https:\/\/www.tele-radio.com\/bauwesen\/"},"modified":"2023-03-08T17:03:39","modified_gmt":"2023-03-08T17:03:39","slug":"bauwesen","status":"publish","type":"page","link":"https:\/\/www.tele-radio.com\/ch-de\/anwendungen\/bauwesen\/","title":{"rendered":"Anwendungen &#8211; Bauwesen"},"content":{"rendered":"\n<h1 class=\"wp-block-heading\">Funkfernsteuerung im Bauwesen<\/h1>\n\n\n\n<p>Die vielf\u00e4ltigen und unterschiedlichen Aufgaben im Bauwesen machen die Arbeit auf Baustellen oft gef\u00e4hrlich. So sind Arbeiter vielen Gefahren ausgesetzt. Dies schlie\u00dft beispielsweise das Arbeiten in der H\u00f6he, an beweglichen Teilen von Maschinen und Ger\u00e4ten oder aber auch in engen R\u00e4umen ein. Einige dieser Risiken lassen sich jedoch durch den Einsatz einer Funkfernsteuerung eliminieren. Mithilfe dieser k\u00f6nnen Sie viele Baumaschien bedienen. Dadurch erh\u00f6ht sich neben der Arbeitssicherheit auch der Komfort im Bauwesen. Der Bediener kann die Funktion einer Maschine n\u00e4mlich von einem optimal geeigneten Platz aus steuern. Dadurch wird die perfekte Sicht auf die Baustelle sowie die sichere Stellung au\u00dferhalb des Gefahrenbereichs gew\u00e4hrleistet.<\/p>\n\n\n\n<p>Sie k\u00f6nnen die Funkfernsteuerung im vielf\u00e4ltigen Bauwesen einsetzen. Beispiele hierf\u00fcr sind neben dem Stra\u00dfenbau oder Wohnungsbau ebenfalls der Erdbau. Mit unserer Funkfernsteuerung k\u00f6nnen Sie Baumaschinen wie Pumpwagen, Turmdrehkrane, Lader, <a href=\"https:\/\/www.tele-radio.com\/ch-de\/kippanhaenger\/\" target=\"_blank\" aria-label=\"undefined (opens in a new tab)\" rel=\"noreferrer noopener\">Muldenkipper<\/a> oder Bagger steuern. Ebenfalls k\u00f6nnen Sie diese im Gro\u00dfbau einsetzen, z.B. bei Tunnelbohrmaschinen. Funkfernsteuerungen erm\u00f6glichen es zudem, Maschinen au\u00dferhalb der Kabine zu steuern. Dadurch k\u00f6nnen Sie unter idealen Bedingungen arbeiten &#8211; ohne L\u00e4rm, Staub oder Vibrationen ausgesetzt zu sein.<\/p>\n\n\n\n<h2 class=\"wp-block-heading\">Tele Radio Funkfernsteuerungen f\u00fcr Baumaschinen<\/h2>\n\n\n\n<p>Alle Tele Radio-Sender und -Empf\u00e4nger sind robust und langlebig. Dadurch k\u00f6nnen Sie diese auch unter schwierigsten Bedingungen verwenden. Nachfolgend stellen wir Ihnen einige Funkfernsteuerungsl\u00f6sungen vor. Bitte beachten Sie, dass unsere Systeme \u00e4u\u00dferst flexibel sind. Dadurch k\u00f6nnen sie f\u00fcr unterschiedlichste Anwendungen angepasst werden.<\/p>\n\n\n\n<hr class=\"wp-block-separator\"\/>\n\n\n\n<div class=\"wp-block-media-text alignwide is-stacked-on-mobile\" style=\"grid-template-columns:41% auto\"><figure class=\"wp-block-media-text__media\"><img loading=\"lazy\" decoding=\"async\" width=\"1200\" height=\"1050\" src=\"https:\/\/www.tele-radio.com\/app\/uploads\/pn-t13-1200x1050.png\" alt=\"PN-T13;\nPN-T21\" class=\"wp-image-75950 size-full\"\/><\/figure><div class=\"wp-block-media-text__content\">\n<p><\/p>\n\n\n\n<p class=\"has-medium-font-size\">Einfache Funktionen von Maschinen, die keine hohen Sicherheitsstandards erfordern, k\u00f6nnen mit den kleine Sendern der <a href=\"https:\/\/www.tele-radio.com\/ch-de\/products\/panther\/\" target=\"_blank\" aria-label=\"undefined (opens in a new tab)\" rel=\"noreferrer noopener\">Panther-Reihe<\/a> gesteuert werden. Diese Sender sind mit 3, 4, 6, 8 oder 10 einstufigen Drucktasten erh\u00e4ltlich und arbeiten auf einer Frequenz von 2,4 GHz. <\/p>\n<\/div><\/div>\n\n\n\n<hr class=\"wp-block-separator\"\/>\n\n\n\n<div style=\"height:20px\" aria-hidden=\"true\" class=\"wp-block-spacer\"><\/div>\n\n\n\n<div class=\"wp-block-media-text alignwide is-stacked-on-mobile\" style=\"grid-template-columns:41% auto\"><figure class=\"wp-block-media-text__media\"><img loading=\"lazy\" decoding=\"async\" width=\"1200\" height=\"1050\" src=\"https:\/\/www.tele-radio.com\/app\/uploads\/pn-t19-2tg-tg9-2tg-t11-5-1200x1050.png\" alt=\"PN-T19-2;\nTG-T9-2;\nTG-T11-5\" class=\"wp-image-76384 size-full\"\/><\/figure><div class=\"wp-block-media-text__content\">\n<p><\/p>\n\n\n\n<p class=\"has-medium-font-size\">Falls Sie eine Stopp-Funktion f\u00fcr Ihre Anwendung ben\u00f6tigen, haben Sie die Wahl zwischen zwei Sicherheitsniveaus. Dem Sicherheitsniveau PLd (<a href=\"https:\/\/www.tele-radio.com\/ch-de\/products\/panther\/panther-sender-8x2-stufige-drucktasten-pld-cat3\/\" target=\"_blank\" aria-label=\"undefined (opens in a new tab)\" rel=\"noreferrer noopener\">Panther-Sender PN-T19-2<\/a>) oder dem Sicherheitsniveau PLe (<a href=\"https:\/\/www.tele-radio.com\/ch-de\/products\/tiger\/\" target=\"_blank\" aria-label=\"undefined (opens in a new tab)\" rel=\"noreferrer noopener\">Tiger-Baureihe<\/a>). Die Tiger-Sender erm\u00f6glichen es Ihnen zudem, R\u00fcckmeldungen via Display oder LEDs anzeigen zu lassen. Deshalb sind diese Sender ideal f\u00fcr einen Lader oder Bohrwagen.<\/p>\n<\/div><\/div>\n\n\n\n<div style=\"height:20px\" aria-hidden=\"true\" class=\"wp-block-spacer\"><\/div>\n\n\n\n<hr class=\"wp-block-separator\"\/>\n\n\n\n<div style=\"height:20px\" aria-hidden=\"true\" class=\"wp-block-spacer\"><\/div>\n\n\n\n<div class=\"wp-block-media-text alignwide is-stacked-on-mobile\" style=\"grid-template-columns:41% auto\"><figure class=\"wp-block-media-text__media\"><img loading=\"lazy\" decoding=\"async\" width=\"1200\" height=\"1050\" src=\"https:\/\/www.tele-radio.com\/app\/uploads\/jd-i-propocjonlane-1200x1050.png\" alt=\"TG-T14-7;\nTG-T12\" class=\"wp-image-75216 size-full\"\/><\/figure><div class=\"wp-block-media-text__content\">\n<p><\/p>\n\n\n\n<p class=\"has-medium-font-size\">F\u00fcr eine pr\u00e4zise Steuerung sind unsere <a href=\"https:\/\/www.tele-radio.com\/ch-de\/products\/tiger\/\" target=\"_blank\" aria-label=\"undefined (opens in a new tab)\" rel=\"noreferrer noopener\">Tiger-Sender<\/a> mit zus\u00e4tzlichen proportionalen Drucktasten (<a href=\"https:\/\/www.tele-radio.com\/ch-de\/products\/tiger\/tiger-g2-sender-4x2-stufige-drucktasten-display-sil3-ple-2\/\" target=\"_blank\" aria-label=\"undefined (opens in a new tab)\" rel=\"noreferrer noopener\">TG-T14<\/a> oder <a href=\"https:\/\/www.tele-radio.com\/ch-de\/products\/tiger\/tiger-g2-sender-4x2-stufige-drucktasten-display-sil3-ple\/\" target=\"_blank\" aria-label=\"undefined (opens in a new tab)\" rel=\"noreferrer noopener\">TG-T15<\/a>) oder die Joystick-Sender ideal geeignet. Diese erf\u00fcllen ebenfalls das Sicherheitsniveau PLe \/ SIL3. Zudem kann der Joysticksender individuell aufgebaut werden. Folglich sind diese ideal f\u00fcr Hubarbeitsb\u00fchnen, Baukrane oder einen Baggerarm.<\/p>\n<\/div><\/div>\n\n\n\n<div style=\"height:20px\" aria-hidden=\"true\" class=\"wp-block-spacer\"><\/div>\n\n\n\n<hr class=\"wp-block-separator\"\/>\n\n\n\n<div style=\"height:20px\" aria-hidden=\"true\" class=\"wp-block-spacer\"><\/div>\n\n\n\n<div class=\"wp-block-media-text alignwide is-stacked-on-mobile\" style=\"grid-template-columns:41% auto\"><figure class=\"wp-block-media-text__media\"><img loading=\"lazy\" decoding=\"async\" width=\"1200\" height=\"1050\" src=\"https:\/\/www.tele-radio.com\/app\/uploads\/t24-01-1-1200x1050.png\" alt=\"T24-01\" class=\"wp-image-76407 size-full\"\/><\/figure><div class=\"wp-block-media-text__content\">\n<p><\/p>\n\n\n\n<p class=\"has-medium-font-size\">Beim neuesten System &#8220;<a aria-label=\"undefined (opens in a new tab)\" href=\"https:\/\/www.tele-radio.com\/ch-de\/products\/puma-homepage\/\" target=\"_blank\" rel=\"noreferrer noopener\">Puma<\/a>&#8221; k\u00f6nnen Sie zwischen der Standard- und der kundenspezifischen Variante w\u00e4hlen. Mit diesem k\u00f6nnen Sie sogar einen mit Exster ausgestatteten <a href=\"https:\/\/www.tele-radio.com\/ch-de\/volvo-exster\/\" target=\"_blank\" aria-label=\"undefined (opens in a new tab)\" rel=\"noreferrer noopener\">Volvo-LKW<\/a> von au\u00dferhalb der Fahrerkabine steuern. Deshalb ist Puma ideal f\u00fcr mobile und hydraulische Anwendungen.<\/p>\n<\/div><\/div>\n\n\n\n<div style=\"height:20px\" aria-hidden=\"true\" class=\"wp-block-spacer\"><\/div>\n\n\n\n<hr class=\"wp-block-separator\"\/>\n\n\n\n<div style=\"height:20px\" aria-hidden=\"true\" class=\"wp-block-spacer\"><\/div>\n\n\n\n<p>Neben der Wahl des Senders ist auch die des Empf\u00e4ngers von hoher Bedeutung. Hierbei gibt es Modelle mit digitalen und analogen Ein- bzw. Ausg\u00e4ngen. Ebenfalls sind Empf\u00e4nger mit Feldbus (CANopen, Modbus oder J1939) erh\u00e4ltlich.<\/p>\n\n\n\n<p><\/p>\n\n\n\n<h2 class=\"wp-block-heading\">Ben\u00f6tigen Sie Hilfe oder haben Sie Fragen?<\/h2>\n\n\n\n<p>Nehmen Sie einfach Kontakt mit uns auf, wir beraten Sie gerne! Unsere Kontaktdaten finden Sie in der Fusszeile. <\/p>\n\n\n\n<div style=\"height:100px\" aria-hidden=\"true\" class=\"wp-block-spacer\"><\/div>\n","protected":false},"excerpt":{"rendered":"<p>Funkfernsteuerung im Bauwesen Die vielf\u00e4ltigen und unterschiedlichen Aufgaben im Bauwesen machen die Arbeit auf Baustellen oft gef\u00e4hrlich. So sind Arbeiter vielen Gefahren ausgesetzt. Dies schlie\u00dft beispielsweise das Arbeiten in der H\u00f6he, an beweglichen Teilen von Maschinen und Ger\u00e4ten oder aber auch in engen R\u00e4umen ein. Einige dieser Risiken lassen sich jedoch durch den Einsatz einer [&hellip;]<\/p>\n","protected":false},"author":78,"featured_media":78329,"parent":83477,"menu_order":0,"comment_status":"closed","ping_status":"closed","template":"","meta":{"_acf_changed":false,"footnotes":""},"class_list":["post-83481","page","type-page","status-publish","has-post-thumbnail","hentry"],"acf":[],"_links":{"self":[{"href":"https:\/\/www.tele-radio.com\/ch-de\/wp-json\/wp\/v2\/pages\/83481","targetHints":{"allow":["GET"]}}],"collection":[{"href":"https:\/\/www.tele-radio.com\/ch-de\/wp-json\/wp\/v2\/pages"}],"about":[{"href":"https:\/\/www.tele-radio.com\/ch-de\/wp-json\/wp\/v2\/types\/page"}],"author":[{"embeddable":true,"href":"https:\/\/www.tele-radio.com\/ch-de\/wp-json\/wp\/v2\/users\/78"}],"replies":[{"embeddable":true,"href":"https:\/\/www.tele-radio.com\/ch-de\/wp-json\/wp\/v2\/comments?post=83481"}],"version-history":[{"count":8,"href":"https:\/\/www.tele-radio.com\/ch-de\/wp-json\/wp\/v2\/pages\/83481\/revisions"}],"predecessor-version":[{"id":147201,"href":"https:\/\/www.tele-radio.com\/ch-de\/wp-json\/wp\/v2\/pages\/83481\/revisions\/147201"}],"up":[{"embeddable":true,"href":"https:\/\/www.tele-radio.com\/ch-de\/wp-json\/wp\/v2\/pages\/83477"}],"wp:featuredmedia":[{"embeddable":true,"href":"https:\/\/www.tele-radio.com\/ch-de\/wp-json\/wp\/v2\/media\/78329"}],"wp:attachment":[{"href":"https:\/\/www.tele-radio.com\/ch-de\/wp-json\/wp\/v2\/media?parent=83481"}],"curies":[{"name":"wp","href":"https:\/\/api.w.org\/{rel}","templated":true}]}}