{"id":74568,"date":"2021-07-16T15:04:24","date_gmt":"2021-07-16T15:04:24","guid":{"rendered":"https:\/\/www.tele-radio.com\/?page_id=74568"},"modified":"2025-06-18T10:03:47","modified_gmt":"2025-06-18T10:03:47","slug":"programmer","status":"publish","type":"page","link":"https:\/\/www.tele-radio.com\/ch-de\/programmer\/","title":{"rendered":"Programmer"},"content":{"rendered":"\n<div style=\"height:5px\" aria-hidden=\"true\" class=\"wp-block-spacer\"><\/div>\n\n\n\n<h2 class=\"wp-block-heading\">Programmier-Kit<\/h2>\n\n\n\n<div style=\"height:25px\" aria-hidden=\"true\" class=\"wp-block-spacer\"><\/div>\n\n\n\n<p class=\"has-medium-font-size\">Wenn Sie \u00fcber ein Tele Radio Programmier-Kit verf\u00fcgen, k\u00f6nnen Sie hier die entsprechende Programmieranleitung sowie die dazugeh\u00f6rige Software herunterladen.<br><br>Das Programmier-Kit (TRABUS-Coverter D2-3 plus entsprechende Kabel) kann bei uns gekauft oder gemietet werden.<\/p>\n\n\n\n<p style=\"font-size:15px\"><\/p>\n\n\n\n<div class=\"wp-block-file\"><a href=\"https:\/\/www.tele-radio.com\/app\/uploads\/Programming-Instructions-Tiger.pdf\">Programming-Instructions-Tiger<\/a><a href=\"https:\/\/www.tele-radio.com\/app\/uploads\/Programming-Instructions-Tiger.pdf\" class=\"wp-block-file__button wp-element-button\" download>Download<\/a><\/div>\n\n\n\n<div class=\"wp-block-file\"><a href=\"https:\/\/www.tele-radio.com\/app\/uploads\/Programming-Instructions-Panther.pdf\">Programming-Instructions-Panther<\/a><a href=\"https:\/\/www.tele-radio.com\/app\/uploads\/Programming-Instructions-Panther.pdf\" class=\"wp-block-file__button wp-element-button\" download>Download<\/a><\/div>\n\n\n\n<div class=\"wp-block-file\"><a id=\"wp-block-file--media-250e0c63-0b21-4e6f-8ce6-8ee46ad25efb\" href=\"https:\/\/www.tele-radio.com\/app\/uploads\/TRCHE_Software.zip\">TRCHE_Software<\/a><a href=\"https:\/\/www.tele-radio.com\/app\/uploads\/TRCHE_Software.zip\" class=\"wp-block-file__button wp-element-button\" download aria-describedby=\"wp-block-file--media-250e0c63-0b21-4e6f-8ce6-8ee46ad25efb\">Download<\/a><\/div>\n\n\n\n<p class=\"has-medium-font-size\">Die Software-Datei enth\u00e4lt folgende Programme:<br> &#8211; Programmer: TIGER Gen. 2 oder PANTHER Gen. 1<br> &#8211; Flasher: PUMA oder PANTHER Gen. 2<br> &#8211; FTDI-Driver: Treiber f\u00fcr TRABUS-Converter<\/p>\n\n\n\n<div style=\"height:20px\" aria-hidden=\"true\" class=\"wp-block-spacer\"><\/div>\n\n\n\n<p class=\"has-medium-font-size\"><strong>Ben\u00f6tigen Sie Hilfe? Rufen Sie uns einfach an, wir sind gerne f\u00fcr Sie da!<\/strong><\/p>\n\n\n\n<div style=\"height:55px\" aria-hidden=\"true\" class=\"wp-block-spacer\"><\/div>\n\n\n\n<p><\/p>\n","protected":false},"excerpt":{"rendered":"<p>Programmier-Kit Wenn Sie \u00fcber ein Tele Radio Programmier-Kit verf\u00fcgen, k\u00f6nnen Sie hier die entsprechende Programmieranleitung sowie die dazugeh\u00f6rige Software herunterladen. Das Programmier-Kit (TRABUS-Coverter D2-3 plus entsprechende Kabel) kann bei uns gekauft oder gemietet werden. Die Software-Datei enth\u00e4lt folgende Programme: &#8211; Programmer: TIGER Gen. 2 oder PANTHER Gen. 1 &#8211; Flasher: PUMA oder PANTHER Gen. 2 [&hellip;]<\/p>\n","protected":false},"author":23,"featured_media":0,"parent":0,"menu_order":0,"comment_status":"closed","ping_status":"closed","template":"","meta":{"_acf_changed":false,"footnotes":""},"class_list":["post-74568","page","type-page","status-publish","hentry"],"acf":[],"_links":{"self":[{"href":"https:\/\/www.tele-radio.com\/ch-de\/wp-json\/wp\/v2\/pages\/74568","targetHints":{"allow":["GET"]}}],"collection":[{"href":"https:\/\/www.tele-radio.com\/ch-de\/wp-json\/wp\/v2\/pages"}],"about":[{"href":"https:\/\/www.tele-radio.com\/ch-de\/wp-json\/wp\/v2\/types\/page"}],"author":[{"embeddable":true,"href":"https:\/\/www.tele-radio.com\/ch-de\/wp-json\/wp\/v2\/users\/23"}],"replies":[{"embeddable":true,"href":"https:\/\/www.tele-radio.com\/ch-de\/wp-json\/wp\/v2\/comments?post=74568"}],"version-history":[{"count":18,"href":"https:\/\/www.tele-radio.com\/ch-de\/wp-json\/wp\/v2\/pages\/74568\/revisions"}],"predecessor-version":[{"id":262108,"href":"https:\/\/www.tele-radio.com\/ch-de\/wp-json\/wp\/v2\/pages\/74568\/revisions\/262108"}],"wp:attachment":[{"href":"https:\/\/www.tele-radio.com\/ch-de\/wp-json\/wp\/v2\/media?parent=74568"}],"curies":[{"name":"wp","href":"https:\/\/api.w.org\/{rel}","templated":true}]}}