{"id":7006,"date":"2018-05-04T14:47:12","date_gmt":"2018-05-04T14:47:12","guid":{"rendered":"https:\/\/www.tele-radio.com\/support\/"},"modified":"2024-03-13T14:03:38","modified_gmt":"2024-03-13T14:03:38","slug":"support","status":"publish","type":"page","link":"https:\/\/www.tele-radio.com\/ch-de\/support\/","title":{"rendered":"Support \/ Download"},"content":{"rendered":"\n<h2 class=\"wp-block-heading\"><strong>Sie ben\u00f6tigen Hilfe?<\/strong><\/h2>\n\n\n\n<p><\/p>\n\n\n\n<p>Das Tele Radio Schweiz Team ist gerne f\u00fcr Sie da!<\/p>\n\n\n\n<p>Ob bei Fragen zu Bestellungen, Lieferungen oder zur Verf\u00fcgbarkeit unserer Produkte, wir geben Ihnen Auskunft und helfen auch bei Reparaturen weiter. Selbstverst\u00e4ndlich stehen wir Ihnen auch bei Fragen rund um Installation oder Programmierung zur Seite. Zudem finden Sie im Downloadbereich sowie  in der Detail-Ansicht der jeweiligen <a aria-label=\"undefined (opens in a new tab)\" href=\"https:\/\/www.tele-radio.com\/ch-de\/products\/\" target=\"_blank\" rel=\"noreferrer noopener\">Produkte<\/a> weitere Informationen.<\/p>\n\n\n\n<p><strong>Ben\u00f6tige<\/strong><span class=\"has-inline-color has-black-color\"><strong>n Sie Hilfe ausserhalb unserer Gesch\u00e4ftszeiten?<\/strong> Auf dem Tele Radio <strong><a aria-label=\"undefined (opens in a new tab)\" href=\"https:\/\/www.youtube.com\/channel\/UCTyp6D2TC0QnVk0A3Xgzyrg\/videos\" target=\"_blank\" rel=\"noreferrer noopener\">YouTube-Kanal <\/a><\/strong>finden Sie <strong> <\/strong><\/span><strong><span class=\"has-inline-color has-luminous-vivid-amber-color\">Videos f\u00fcr die Installation unsere g\u00e4ngigsten Funksteuerungen<\/span><\/strong>.<\/p>\n\n\n\n<div class=\"wp-block-columns is-layout-flex wp-container-core-columns-is-layout-9d6595d7 wp-block-columns-is-layout-flex\">\n<div class=\"wp-block-column is-layout-flow wp-block-column-is-layout-flow\">\n<div class=\"wp-block-cover aligncenter is-light\"><span aria-hidden=\"true\" class=\"wp-block-cover__background has-background-dim-100 has-background-dim\" style=\"background-color:#f7f7f7\"><\/span><div class=\"wp-block-cover__inner-container is-layout-flow wp-block-cover-is-layout-flow\"><div class=\"wp-block-image\">\n<figure class=\"aligncenter size-large is-resized\"><img loading=\"lazy\" decoding=\"async\" src=\"https:\/\/www.tele-radio.com\/app\/uploads\/certification.png\" alt=\"\" class=\"wp-image-46654\" width=\"64\" height=\"64\"\/><\/figure><\/div>\n\n\n<h2 class=\"wp-block-heading has-text-align-center has-very-dark-gray-color has-text-color\">Downloads<\/h2>\n\n\n\n<p class=\"has-text-align-center has-very-dark-gray-color has-text-color\">Hier finden Sie Installationsanleitungen, technische Datenbl\u00e4tter, Zertifikate u.v.m.<\/p>\n\n\n\n<div class=\"wp-block-buttons is-horizontal is-content-justification-center is-layout-flex wp-container-core-buttons-is-layout-499968f5 wp-block-buttons-is-layout-flex\">\n<div class=\"wp-block-button\"><a class=\"wp-block-button__link has-white-color has-text-color has-background wp-element-button\" href=\"https:\/\/www.tele-radio.com\/us\/support\/downloads\/\" style=\"background-color:#feb914\" target=\"_blank\" rel=\"noreferrer noopener\"><strong>Download Bereich<\/strong><\/a><\/div>\n<\/div>\n\n\n\n<div style=\"height:30px\" aria-hidden=\"true\" class=\"wp-block-spacer\"><\/div>\n\n\n\n<p><\/p>\n<\/div><\/div>\n<\/div>\n\n\n\n<div class=\"wp-block-column is-layout-flow wp-block-column-is-layout-flow\">\n<div class=\"wp-block-cover is-light\"><span aria-hidden=\"true\" class=\"wp-block-cover__background has-background-dim-100 has-background-dim\" style=\"background-color:#f7f7f7\"><\/span><div class=\"wp-block-cover__inner-container is-layout-flow wp-block-cover-is-layout-flow\"><div class=\"wp-block-image\">\n<figure class=\"aligncenter size-large is-resized\"><img loading=\"lazy\" decoding=\"async\" src=\"https:\/\/www.tele-radio.com\/app\/uploads\/box.png\" alt=\"\" class=\"wp-image-50841\" width=\"64\" height=\"64\"\/><\/figure><\/div>\n\n\n<h2 class=\"wp-block-heading has-text-align-center has-very-dark-gray-color has-text-color\">Abgek\u00fcndigte Produkte<\/h2>\n\n\n\n<p class=\"has-text-align-center has-very-dark-gray-color has-text-color\">Hier finden Sie alle Informationen zu den abgek\u00fcndigten Produkten und deren Ersatz.<\/p>\n\n\n\n<div class=\"wp-block-buttons is-horizontal is-content-justification-center is-layout-flex wp-container-core-buttons-is-layout-499968f5 wp-block-buttons-is-layout-flex\">\n<div class=\"wp-block-button\"><a class=\"wp-block-button__link has-white-color has-text-color has-background wp-element-button\" href=\"https:\/\/www.tele-radio.com\/us\/retired-products\/\" style=\"background-color:#feb914\" target=\"_blank\" rel=\"noreferrer noopener\"><strong>Abgek\u00fcndigte Produkte<\/strong><\/a><\/div>\n<\/div>\n\n\n\n<div style=\"height:30px\" aria-hidden=\"true\" class=\"wp-block-spacer\"><\/div>\n\n\n\n<p><\/p>\n<\/div><\/div>\n\n\n\n<p><\/p>\n<\/div>\n<\/div>\n\n\n\n<div style=\"height:70px\" aria-hidden=\"true\" class=\"wp-block-spacer\"><\/div>\n\n\n\n<p><\/p>\n","protected":false},"excerpt":{"rendered":"<p>Sie ben\u00f6tigen Hilfe? Das Tele Radio Schweiz Team ist gerne f\u00fcr Sie da! Ob bei Fragen zu Bestellungen, Lieferungen oder zur Verf\u00fcgbarkeit unserer Produkte, wir geben Ihnen Auskunft und helfen auch bei Reparaturen weiter. Selbstverst\u00e4ndlich stehen wir Ihnen auch bei Fragen rund um Installation oder Programmierung zur Seite. Zudem finden Sie im Downloadbereich sowie in [&hellip;]<\/p>\n","protected":false},"author":1,"featured_media":0,"parent":0,"menu_order":0,"comment_status":"closed","ping_status":"closed","template":"","meta":{"_acf_changed":false,"footnotes":""},"class_list":["post-7006","page","type-page","status-publish","hentry"],"acf":[],"_links":{"self":[{"href":"https:\/\/www.tele-radio.com\/ch-de\/wp-json\/wp\/v2\/pages\/7006","targetHints":{"allow":["GET"]}}],"collection":[{"href":"https:\/\/www.tele-radio.com\/ch-de\/wp-json\/wp\/v2\/pages"}],"about":[{"href":"https:\/\/www.tele-radio.com\/ch-de\/wp-json\/wp\/v2\/types\/page"}],"author":[{"embeddable":true,"href":"https:\/\/www.tele-radio.com\/ch-de\/wp-json\/wp\/v2\/users\/1"}],"replies":[{"embeddable":true,"href":"https:\/\/www.tele-radio.com\/ch-de\/wp-json\/wp\/v2\/comments?post=7006"}],"version-history":[{"count":28,"href":"https:\/\/www.tele-radio.com\/ch-de\/wp-json\/wp\/v2\/pages\/7006\/revisions"}],"predecessor-version":[{"id":212511,"href":"https:\/\/www.tele-radio.com\/ch-de\/wp-json\/wp\/v2\/pages\/7006\/revisions\/212511"}],"wp:attachment":[{"href":"https:\/\/www.tele-radio.com\/ch-de\/wp-json\/wp\/v2\/media?parent=7006"}],"curies":[{"name":"wp","href":"https:\/\/api.w.org\/{rel}","templated":true}]}}