{"id":6966,"date":"2018-05-04T14:35:06","date_gmt":"2018-05-04T14:35:06","guid":{"rendered":"https:\/\/www.tele-radio.com\/start\/"},"modified":"2026-01-22T14:30:39","modified_gmt":"2026-01-22T14:30:39","slug":"ch-de","status":"publish","type":"page","link":"https:\/\/www.tele-radio.com\/ch-de\/","title":{"rendered":"Start"},"content":{"rendered":"<h1>Funkfernsteuerungen f\u00fcr mehr Sicherheit<\/h1>\n<p>Tele Radio ist Ihr Experte f\u00fcr sichere industrielle Funkfernsteuerungen und kabellose Steuerl\u00f6sungen. Unsere Hauptgesch\u00e4ftsfelder sind Funkfernsteuerungen f\u00fcr die Industrie, Hebeanwendungen, Maschinen, sowie T\u00fcr- und Torsteuerungen. Ebenso bieten wir Funkfernsteuerungsl\u00f6sungen f\u00fcr den Hydraulikmarkt an.<\/p>\n<h2><img loading=\"lazy\" decoding=\"async\" class=\"alignnone wp-image-28577 \" src=\"https:\/\/www.tele-radio.com\/app\/uploads\/Web_image_1600_x310_px-1-1600x310-1.jpg\" alt=\"\" width=\"1174\" height=\"229\" srcset=\"https:\/\/www.tele-radio.com\/app\/uploads\/Web_image_1600_x310_px-1-1600x310-1-400x78.jpg 400w, https:\/\/www.tele-radio.com\/app\/uploads\/Web_image_1600_x310_px-1-1600x310-1-768x149.jpg 768w, https:\/\/www.tele-radio.com\/app\/uploads\/Web_image_1600_x310_px-1-1600x310-1-1200x233.jpg 1200w, https:\/\/www.tele-radio.com\/app\/uploads\/Web_image_1600_x310_px-1-1600x310-1-750x145.jpg 750w, https:\/\/www.tele-radio.com\/app\/uploads\/Web_image_1600_x310_px-1-1600x310-1-500x97.jpg 500w, https:\/\/www.tele-radio.com\/app\/uploads\/Web_image_1600_x310_px-1-1600x310-1-800x155.jpg 800w\" sizes=\"auto, (max-width: 1174px) 100vw, 1174px\" \/><\/h2>\n<h2><\/h2>\n<h2><\/h2>\n<h2><\/h2>\n<h2><\/h2>\n<h2><\/h2>\n<h2><\/h2>\n<h2><\/h2>\n<h2>Forschung und Entwicklung kommen aus dem Hause Tele Radio<\/h2>\n<p>Mit \u00fcber 60 Jahren Erfahrung haben wir ein fundiertes Wissen und viel Erfahrung im Bereich Funkfernsteuerungen. Unsere Mission ist es Gesamtl\u00f6sungen, ausgereifte Technologien und Dienste im Bereich Funkfernsteuerungen und Maschinenkommunikation bereitzustellen. Ohne Kompromisse bei Zuverl\u00e4ssigkeit und Sicherheit. Wir erreichen diese Ziele, indem wir all unsere Angestellten zu einem Teil des Herstellungsprozesses machen und sie die Verantwortung f\u00fcr ihren eigenen Arbeitsbereich \u00fcbernehmen lassen. Unser oberstes Ziel ist es, Ihrem Unternehmen mit unseren Produkten einen Mehrwert bieten und Ihnen gleichzeitig \u2013 wenn Sie es ben\u00f6tigen \u2013 einen einwandfreien Support zu gew\u00e4hrleisten.<\/p>\n<h2><\/h2>\n<h2><img loading=\"lazy\" decoding=\"async\" class=\"alignnone wp-image-29341 \" src=\"https:\/\/www.tele-radio.com\/app\/uploads\/PH_PM-TG-PN_002.jpg\" alt=\"\" width=\"353\" height=\"250\" srcset=\"https:\/\/www.tele-radio.com\/app\/uploads\/PH_PM-TG-PN_002.jpg 3508w, https:\/\/www.tele-radio.com\/app\/uploads\/PH_PM-TG-PN_002-400x283.jpg 400w, https:\/\/www.tele-radio.com\/app\/uploads\/PH_PM-TG-PN_002-768x543.jpg 768w, https:\/\/www.tele-radio.com\/app\/uploads\/PH_PM-TG-PN_002-1200x848.jpg 1200w, https:\/\/www.tele-radio.com\/app\/uploads\/PH_PM-TG-PN_002-750x530.jpg 750w, https:\/\/www.tele-radio.com\/app\/uploads\/PH_PM-TG-PN_002-500x353.jpg 500w, https:\/\/www.tele-radio.com\/app\/uploads\/PH_PM-TG-PN_002-1600x1131.jpg 1600w, https:\/\/www.tele-radio.com\/app\/uploads\/PH_PM-TG-PN_002-800x566.jpg 800w\" sizes=\"auto, (max-width: 353px) 100vw, 353px\" \/>Sicherheitsfunkfernsteuerungen<\/h2>\n<p>Sicherheit ist ein grosses Anliegen f\u00fcr uns. Als schwedisches Unternehmen ist es ein Teil unseres Wesens. Unser Ziel ist sicherzustellen, dass unsere Funkfernsteuerungen den h\u00f6chstm\u00f6glichen Sicherheitsstandards entsprechen und wir verf\u00fcgen \u00fcber die Zertifikate, die diesen Anspruch untermauern.<\/p>\n<p>Wie Sie wahrscheinlich bereits vermuten, sind unsere Funkfernsteuerungen nicht nur sicher, sondern auch robust. Sie k\u00f6nnen St\u00fcrze und hohe Belastungen aushalten. Wir wissen, dass unsere Funkfernsteuerungen herumgeworfen, fallen gelassen und Feuchtigkeit ausgesetzt werden \u2013 und das ist gut so, wir hatten all dies bei der Entwicklung im Hinterkopf. Sie wurden gemacht, um verwendet zu werden.<\/p>\n<h2><\/h2>\n<h2><\/h2>\n<h2>Warum Funkfernsteuerungen<\/h2>\n<p>Eine kabellose Funkfernsteuerung ist eine sichere und komfortable Variante zur Steuerung einer Maschine. Dadurch kann sich der Anwender genau an der Stelle positionieren, an der er sich befinden muss. Er unterliegt keinen Einschr\u00e4nkungen, die ein Bedienfeld oder eine Kabelsteuerung von Natur aus mit sich bringen. Eine Funkfernsteuerung ist auch nicht im Weg, wie es bei einem kabelgebundenen System der Fall w\u00e4re. Ein Kabel ist nicht nur hinderlich bei der Arbeit, es stellt auch ein Sicherheitsrisiko dar, da es zur Stolperfalle werden kann und zudem sehr anf\u00e4llig f\u00fcr Besch\u00e4digungen ist.<\/p>\n\n\n<p><\/p>\n","protected":false},"excerpt":{"rendered":"<p>Funkfernsteuerungen f\u00fcr mehr Sicherheit Tele Radio ist Ihr Experte f\u00fcr sichere industrielle Funkfernsteuerungen und kabellose Steuerl\u00f6sungen. Unsere Hauptgesch\u00e4ftsfelder sind Funkfernsteuerungen f\u00fcr die Industrie, Hebeanwendungen, Maschinen, sowie T\u00fcr- und Torsteuerungen. Ebenso bieten wir Funkfernsteuerungsl\u00f6sungen f\u00fcr den Hydraulikmarkt an. Forschung und Entwicklung kommen aus dem Hause Tele Radio Mit \u00fcber 60 Jahren Erfahrung haben wir ein fundiertes [&hellip;]<\/p>\n","protected":false},"author":1,"featured_media":0,"parent":0,"menu_order":0,"comment_status":"closed","ping_status":"closed","template":"","meta":{"_acf_changed":false,"footnotes":""},"class_list":["post-6966","page","type-page","status-publish","hentry"],"acf":[],"_links":{"self":[{"href":"https:\/\/www.tele-radio.com\/ch-de\/wp-json\/wp\/v2\/pages\/6966","targetHints":{"allow":["GET"]}}],"collection":[{"href":"https:\/\/www.tele-radio.com\/ch-de\/wp-json\/wp\/v2\/pages"}],"about":[{"href":"https:\/\/www.tele-radio.com\/ch-de\/wp-json\/wp\/v2\/types\/page"}],"author":[{"embeddable":true,"href":"https:\/\/www.tele-radio.com\/ch-de\/wp-json\/wp\/v2\/users\/1"}],"replies":[{"embeddable":true,"href":"https:\/\/www.tele-radio.com\/ch-de\/wp-json\/wp\/v2\/comments?post=6966"}],"version-history":[{"count":186,"href":"https:\/\/www.tele-radio.com\/ch-de\/wp-json\/wp\/v2\/pages\/6966\/revisions"}],"predecessor-version":[{"id":277789,"href":"https:\/\/www.tele-radio.com\/ch-de\/wp-json\/wp\/v2\/pages\/6966\/revisions\/277789"}],"wp:attachment":[{"href":"https:\/\/www.tele-radio.com\/ch-de\/wp-json\/wp\/v2\/media?parent=6966"}],"curies":[{"name":"wp","href":"https:\/\/api.w.org\/{rel}","templated":true}]}}