{"id":66569,"date":"2021-05-07T09:45:12","date_gmt":"2021-05-07T09:45:12","guid":{"rendered":"https:\/\/www.tele-radio.com\/?page_id=66569"},"modified":"2025-05-15T15:24:27","modified_gmt":"2025-05-15T15:24:27","slug":"produktekatalog","status":"publish","type":"page","link":"https:\/\/www.tele-radio.com\/ch-de\/produktekatalog\/","title":{"rendered":"Produktkatalog"},"content":{"rendered":"\n<p style=\"font-size:40px\"><strong>PRODUKTKATALOGE<\/strong><\/p>\n\n\n\n<p><\/p>\n\n\n\n<p><\/p>\n\n\n\n<h2 class=\"wp-block-heading\">PROSPEKTE PRODUKTLINIEN<\/h2>\n\n\n\n<p class=\"has-medium-font-size\"><\/p>\n\n\n\n<p class=\"has-medium-font-size\"><strong><a href=\"https:\/\/www.tele-radio.com\/app\/uploads\/TRCHE-Prospekt-PUMA.pdf\" target=\"_blank\" rel=\"noreferrer noopener\">PUMA<\/a><br><a href=\"https:\/\/www.tele-radio.com\/app\/uploads\/TRCHE-Prospekt-TIGER.pdf\" target=\"_blank\" rel=\"noreferrer noopener\">TIGER<\/a><br><a href=\"https:\/\/www.tele-radio.com\/app\/uploads\/TRCHE-Prospekt-PANTHER.pdf\" target=\"_blank\" rel=\"noreferrer noopener\">PANTHER<\/a><\/strong><br><strong><a href=\"https:\/\/www.tele-radio.com\/app\/uploads\/TRCHE-Prospekt-PANTHER-PLd.pdf\" target=\"_blank\" rel=\"noreferrer noopener\">PANTHER PLd<\/a><br><a href=\"https:\/\/www.tele-radio.com\/app\/uploads\/TRCHE-Prospekt-PANTHER-Winden-Sets.pdf\" target=\"_blank\" rel=\"noreferrer noopener\">PANTHER Winden-Sets<\/a><\/strong><br><br><strong><a href=\"https:\/\/www.tele-radio.com\/app\/uploads\/TRCHE-Prospekt-EXSTER.pdf\" target=\"_blank\" rel=\"noreferrer noopener\">ExSter LKW-Steuerung<\/a><\/strong><br><strong><a href=\"https:\/\/www.tele-radio.com\/app\/uploads\/TRCHE-Prospekt-Folien.pdf\" target=\"_blank\" rel=\"noreferrer noopener\">Kundenspezifische Folien<\/a><a href=\"https:\/\/www.tele-radio.com\/app\/uploads\/TeleRadio-PANTHER-Winden-Sets.pdf\" target=\"_blank\" rel=\"noreferrer noopener\"><br><\/a><a href=\"https:\/\/www.tele-radio.com\/app\/uploads\/TRCHE-Prospekt-Maschinensicherheit.pdf\" target=\"_blank\" rel=\"noreferrer noopener\">Maschinensicherheit<\/a><br><\/strong><br><br><\/p>\n\n\n\n<p class=\"has-medium-font-size\">M\u00f6chten Sie alle Prospekte in einem einzelnen PDF herunterlanden? <strong><a href=\"https:\/\/www.tele-radio.com\/app\/uploads\/TRCHE-Prospekte-Produktlinien-V2.1.pdf\" target=\"_blank\" rel=\"noreferrer noopener\">Hier<\/a><\/strong> finden Sie die Gesamtbrosch\u00fcre.<\/p>\n\n\n\n<p class=\"has-vivid-red-color has-text-color has-link-color wp-elements-4a61aee12d4c41b535ac73937252552c\" style=\"font-size:16px\"><strong>WICHTIG:<\/strong> <strong>Beim Herunterladen der Gesamtbrosch\u00fcre bitte die Datei herunterladen und anschliessend mit Acrobat Reader \u00f6ffnen.<\/strong> Bei einer Ansicht direkt in diesem Web-Browser, in Microsoft Edge oder einem anderen PDF-Programm <strong>wird m\u00f6glicherweise nur das Inhaltsverzeichnis angezeigt<\/strong>.<\/p>\n\n\n\n<hr class=\"wp-block-separator has-alpha-channel-opacity\"\/>\n\n\n\n<h2 class=\"wp-block-heading\">PRODUKT\u00dcBERSICHT<\/h2>\n\n\n\n<p><\/p>\n\n\n\n<p class=\"has-medium-font-size\">Den Flyer mit unserer Produkt\u00fcbersicht k\u00f6nnen Sie <strong><a href=\"https:\/\/www.tele-radio.com\/app\/uploads\/TRCHE-Flyer-Produktuebersicht-V2.2.pdf\" target=\"_blank\" rel=\"noreferrer noopener\">hier<\/a><\/strong> herunterladen.<\/p>\n\n\n\n<p class=\"has-medium-font-size\"><\/p>\n\n\n\n<hr class=\"wp-block-separator has-alpha-channel-opacity\"\/>\n\n\n\n<h2 class=\"wp-block-heading\">ZUBEH\u00d6R &amp; ERSATZTEILE<\/h2>\n\n\n\n<p><\/p>\n\n\n\n<p><span style=\"font-size: var(--wp--preset--font-size--medium); color: initial;\">Die Webseite mit unserem Zubeh\u00f6r und den verschiedenen Ersatzteilen finden Sie <\/span><strong style=\"font-size: var(--wp--preset--font-size--medium); color: initial;\"><a href=\"https:\/\/www.tele-radio.com\/ch-de\/?p=958\" target=\"_blank\" rel=\"noreferrer noopener\">hier<\/a><\/strong><span style=\"font-size: var(--wp--preset--font-size--medium); color: initial;\">.<\/span><\/p>\n\n\n\n<p><\/p>\n\n\n\n<hr class=\"wp-block-separator has-alpha-channel-opacity\"\/>\n\n\n\n<h2 class=\"wp-block-heading\">ALLE SENDER &amp; EMPF\u00c4NGER<\/h2>\n\n\n\n<p><\/p>\n\n\n<p class=\"has-medium-font-size\">Die Webseite mit der Auflistung all unserer Sender und Empf\u00e4nger finden Sie <strong><a href=\"https:\/\/www.tele-radio.com\/ch-de\/?page_id=7066\" target=\"_blank\" rel=\"noreferrer noopener\">hier<\/a><\/strong>.<\/p>\n\n\n<p><\/p>\n\n\n\n<hr class=\"wp-block-separator has-alpha-channel-opacity\"\/>\n\n\n\n<p><\/p>\n\n\n\n<p><em>K\u00f6nnen Sie die PDFs nicht \u00f6ffnen oder sehen nur das Inhaltsverzeichnis? Hier k\u00f6nnen Sie den <a aria-label=\"undefined (opens in a new tab)\" href=\"https:\/\/get.adobe.com\/de\/reader\/?promoid=TTGWL47M\" target=\"_blank\" rel=\"noreferrer noopener\">Acrobat Reader<\/a> kostenlos herunterladen.<\/em><\/p>\n","protected":false},"excerpt":{"rendered":"<p>PRODUKTKATALOGE PROSPEKTE PRODUKTLINIEN PUMATIGERPANTHERPANTHER PLdPANTHER Winden-Sets ExSter LKW-SteuerungKundenspezifische FolienMaschinensicherheit M\u00f6chten Sie alle Prospekte in einem einzelnen PDF herunterlanden? Hier finden Sie die Gesamtbrosch\u00fcre. WICHTIG: Beim Herunterladen der Gesamtbrosch\u00fcre bitte die Datei herunterladen und anschliessend mit Acrobat Reader \u00f6ffnen. Bei einer Ansicht direkt in diesem Web-Browser, in Microsoft Edge oder einem anderen PDF-Programm wird m\u00f6glicherweise nur [&hellip;]<\/p>\n","protected":false},"author":23,"featured_media":0,"parent":0,"menu_order":0,"comment_status":"closed","ping_status":"closed","template":"","meta":{"_acf_changed":false,"footnotes":""},"class_list":["post-66569","page","type-page","status-publish","hentry"],"acf":[],"_links":{"self":[{"href":"https:\/\/www.tele-radio.com\/ch-de\/wp-json\/wp\/v2\/pages\/66569","targetHints":{"allow":["GET"]}}],"collection":[{"href":"https:\/\/www.tele-radio.com\/ch-de\/wp-json\/wp\/v2\/pages"}],"about":[{"href":"https:\/\/www.tele-radio.com\/ch-de\/wp-json\/wp\/v2\/types\/page"}],"author":[{"embeddable":true,"href":"https:\/\/www.tele-radio.com\/ch-de\/wp-json\/wp\/v2\/users\/23"}],"replies":[{"embeddable":true,"href":"https:\/\/www.tele-radio.com\/ch-de\/wp-json\/wp\/v2\/comments?post=66569"}],"version-history":[{"count":31,"href":"https:\/\/www.tele-radio.com\/ch-de\/wp-json\/wp\/v2\/pages\/66569\/revisions"}],"predecessor-version":[{"id":260297,"href":"https:\/\/www.tele-radio.com\/ch-de\/wp-json\/wp\/v2\/pages\/66569\/revisions\/260297"}],"wp:attachment":[{"href":"https:\/\/www.tele-radio.com\/ch-de\/wp-json\/wp\/v2\/media?parent=66569"}],"curies":[{"name":"wp","href":"https:\/\/api.w.org\/{rel}","templated":true}]}}