{"id":6613,"date":"2018-05-24T12:02:02","date_gmt":"2018-05-24T12:02:02","guid":{"rendered":"https:\/\/www.tele-radio.com\/retired-products\/"},"modified":"2020-01-31T11:21:41","modified_gmt":"2020-01-31T11:21:41","slug":"retired-products","status":"publish","type":"page","link":"https:\/\/www.tele-radio.com\/ch-de\/retired-products\/","title":{"rendered":"Abgek\u00fcndigte Produkte"},"content":{"rendered":"<h1>Abgek\u00fcndigte Produkte und Systeme<\/h1>\n<h2><img loading=\"lazy\" decoding=\"async\" class=\"alignright size-medium wp-image-6265\" src=\"https:\/\/www.tele-radio.com\/app\/uploads\/\/T70-Jaguar-tele-radio-1-400x400.jpg\" alt=\"\" width=\"400\" height=\"400\" srcset=\"https:\/\/www.tele-radio.com\/app\/uploads\/T70-Jaguar-tele-radio-1-400x400.jpg 400w, https:\/\/www.tele-radio.com\/app\/uploads\/T70-Jaguar-tele-radio-1-150x150.jpg 150w, https:\/\/www.tele-radio.com\/app\/uploads\/T70-Jaguar-tele-radio-1-250x250.jpg 250w, https:\/\/www.tele-radio.com\/app\/uploads\/T70-Jaguar-tele-radio-1-500x500.jpg 500w, https:\/\/www.tele-radio.com\/app\/uploads\/T70-Jaguar-tele-radio-1.jpg 626w\" sizes=\"auto, (max-width: 400px) 100vw, 400px\" \/><\/h2>\n<h2>T70 Jaguar<\/h2>\n<p>Das System T70 Jaguar wurde erstmals im Jahr 2007 vorgestellt. Hierdurch sollte der Markt der elektronischen und hydraulischen Winden bedient werden. Es war ein preiswertes System, welches gegen\u00fcber seinem gro\u00dfen Bruder, dem T60 System, mehrere Vorteile, wie zum Beispiel den Schmalbandfunk, mehr Funktionen, und eine gr\u00f6\u00dfere Reichweite bot. Das System T70 Jaguar wurde im Jahr 2015 zugunsten des neuen Panther-Systems abgek\u00fcndigt. Panther bietet mehrere verbesserte Parameter.<\/p>\n<p><a href=\"https:\/\/www.tele-radio.com\/ch-de\/products\/panther\/\" target=\"_blank\" rel=\"noopener\">F\u00fcr mehr Details \u00fcber das Panther-System, klicken Sie hier. <\/a><\/p>\n<hr \/>\n<p><img loading=\"lazy\" decoding=\"async\" class=\"alignright wp-image-6266\" src=\"https:\/\/www.tele-radio.com\/app\/uploads\/tiger-retired-system-tele-radio-1.jpg\" alt=\"\" width=\"420\" height=\"231\" srcset=\"https:\/\/www.tele-radio.com\/app\/uploads\/tiger-retired-system-tele-radio-1.jpg 626w, https:\/\/www.tele-radio.com\/app\/uploads\/tiger-retired-system-tele-radio-1-400x220.jpg 400w, https:\/\/www.tele-radio.com\/app\/uploads\/tiger-retired-system-tele-radio-1-500x276.jpg 500w\" sizes=\"auto, (max-width: 420px) 100vw, 420px\" \/><\/p>\n<h2>Tiger Gen. 1<\/h2>\n<p>Das Tiger Generation 1 System wurde um 2010 eingef\u00fchrt, um den Marktanforderungen von Sicherheitsfunkfernsteuerungen gerecht zu werden. Mit der Maschinenrichtlinie der EU wurden neue und strikte Anforderungen an Maschinen und deren Steuerungssysteme eingef\u00fchrt.<\/p>\n<p>Die Sender der Tiger Baureihe \u00e4hnelten im \u00c4u\u00dferen denen des Systems 860 Lion. Es waren zwei Handsender und ein Joystick-Sender in verschiedenen Varianten verf\u00fcgbar. Einige Sender verf\u00fcgten \u00fcber ein Display, welches zur Anzeige von Informationen \u00fcber Batteriestatus, Frequenz oder anderen Meldungen genutzt werden konnte.<\/p>\n<p>Das Tiger System hatte eine SIL3-Zulassung, wodurch ein sehr hoher Sicherheitsstandard eingehalten wurde. Tiger wurde durchgehend verbessert und aufgewertet, bis der Unterschied zum Ursprungsprodukt so gro\u00df war, dass ein neues System Tiger Generation 2 geschaffen wurde. Die Generation 2 beinhaltet die Sender, die bereits aus der ersten Generation bekannt waren, sowie Sender der zweiten Generation mit vielen neuen Features und verbesserten Funktionen.<\/p>\n<p>&nbsp;<\/p>\n<p><a href=\"https:\/\/www.tele-radio.com\/ch-de\/products\/tiger\/\" target=\"_blank\" rel=\"noopener\">Lesen Sie hier mehr \u00fcber das Tiger G2 System<\/a><\/p>\n<hr \/>\n<h2><img loading=\"lazy\" decoding=\"async\" class=\"alignright size-medium wp-image-6267\" src=\"https:\/\/www.tele-radio.com\/app\/uploads\/\/860-lion-retired-system-tele-radio-1-400x252.jpg\" alt=\"\" width=\"400\" height=\"252\" srcset=\"https:\/\/www.tele-radio.com\/app\/uploads\/860-lion-retired-system-tele-radio-1-400x252.jpg 400w, https:\/\/www.tele-radio.com\/app\/uploads\/860-lion-retired-system-tele-radio-1-500x315.jpg 500w, https:\/\/www.tele-radio.com\/app\/uploads\/860-lion-retired-system-tele-radio-1.jpg 626w\" sizes=\"auto, (max-width: 400px) 100vw, 400px\" \/><\/h2>\n<h2>860 Lion<\/h2>\n<p>860 Lion wurde 2003 vorgestellt, um dem Markt ein neues technisch fortschrittliches Steuerungssystem zu bieten, das auch den neuen Sicherheitsstandards seiner Zeit entsprach. Zu Beginn waren Handsender mit 10 oder 12 Drucktasten und Empf\u00e4nger mit 10 bis 24 Funktionsrelais verf\u00fcgbar. Sp\u00e4ter wurden auch Joystick-Sender zur Produktpalette hinzugef\u00fcgt.<\/p>\n<p>Zu seiner Zeit war 860 Lion ein sehr sicheres System mit einer zertifizierten STOPP-Funktion nach EN 945-1 Kategorie 3 (entspricht heutigem Performance Level PLd). Die dedizierten Sicherheitsrelais \u00fcberwachten die Stoppfunktion.<\/p>\n<p>Das System 860 Lion verf\u00fcgte standardm\u00e4\u00dfig \u00fcber viele Optionen und eingebaute Funktionen. Es war m\u00f6glich zwei Empf\u00e4nger unabh\u00e4ngig voneinander oder auch gleichzeitig zu steuern. Diese Funktion wurde Tandem-Funktion genannt. Das System war mit einer Frequenz von 433 &#8211; 434 MHz und 69 Kan\u00e4len verf\u00fcgbar.<\/p>\n<p>860 Lion wurde Schritt f\u00fcr Schritt im Zeitraum von 2010 bis 2013 durch das System Tiger Gen. 1 und schlie\u00dflich durch Tiger Generation 2 ersetzt, welches im Gegensatz zu 860 Lion den SIL3-Standard erf\u00fcllt.<\/p>\n<p><a href=\"https:\/\/www.tele-radio.com\/ch-de\/products\/tiger\/\" target=\"_blank\" rel=\"noopener\">Erfahren Sie hier mehr \u00fcber das TIGER G2 System.<\/a><\/p>\n<hr \/>\n<h2><img loading=\"lazy\" decoding=\"async\" class=\"alignright size-medium wp-image-6268\" src=\"https:\/\/www.tele-radio.com\/app\/uploads\/\/T80-leopard-retired-system-Tele-Radio-1-400x294.jpg\" alt=\"\" width=\"400\" height=\"294\" srcset=\"https:\/\/www.tele-radio.com\/app\/uploads\/T80-leopard-retired-system-Tele-Radio-1-400x294.jpg 400w, https:\/\/www.tele-radio.com\/app\/uploads\/T80-leopard-retired-system-Tele-Radio-1-500x367.jpg 500w, https:\/\/www.tele-radio.com\/app\/uploads\/T80-leopard-retired-system-Tele-Radio-1.jpg 626w\" sizes=\"auto, (max-width: 400px) 100vw, 400px\" \/><\/h2>\n<h2>T80 Leopard<\/h2>\n<p>Das T80 Leopard System wurde 2006 eingef\u00fchrt und war ein robustes System mit einem Sender und zwei Arten von Empf\u00e4ngern, gedacht f\u00fcr Hebeanwendungen. Das System verf\u00fcgte \u00fcber eine zertifizierte STOPP-Funktion nach EN 945-1 Kategorie 3 (entspricht heutigem Performance Level PLd).<\/p>\n<p>Der so genannte &#8220;MQ&#8221;-Empf\u00e4nger zeichnete sich durch sein sehr schlankes Geh\u00e4usedesign aus, welches sich besonders f\u00fcr enge Installationsbereiche eignete. Das System wurde Ende 2012 abgek\u00fcndigt und in erster Linie durch das Tiger-System ersetzt.<\/p>\n<p><a href=\"https:\/\/www.tele-radio.com\/ch-de\/products\/tiger\/\" target=\"_blank\" rel=\"noopener\">Erfahren Sie hier mehr \u00fcber das TIGER G2 System.<\/a><\/p>\n<hr \/>\n<h2><img loading=\"lazy\" decoding=\"async\" class=\"alignright size-full wp-image-6263\" src=\"https:\/\/www.tele-radio.com\/app\/uploads\/460-system-retired-tele-radio.jpg\" alt=\"460 system retired Tele Radio\" width=\"339\" height=\"339\" srcset=\"https:\/\/www.tele-radio.com\/app\/uploads\/460-system-retired-tele-radio.jpg 339w, https:\/\/www.tele-radio.com\/app\/uploads\/460-system-retired-tele-radio-150x150.jpg 150w, https:\/\/www.tele-radio.com\/app\/uploads\/460-system-retired-tele-radio-250x250.jpg 250w\" sizes=\"auto, (max-width: 339px) 100vw, 339px\" \/><\/h2>\n<h2>460 System<\/h2>\n<p>Das 460 System wurde zu Beginn der 1990er Jahre eingef\u00fchrt und bestand aus mehreren Sendern, beginnend bei den kleinsten Handsendern mit einer Drucktaste bis hin zu den Robusthandsendern mit 8 Drucktasten. Die Produktpalette des Systems bot zus\u00e4tzlich mehrere Empf\u00e4nger beginnend mit einem Funktionsrelais bis zu den gro\u00dfen Empf\u00e4ngern mit 8 Funktionsrelais. Das System 460 sendete auf einer Frequenz von 433 MHz.<\/p>\n<p>Das 460 System wurde 2006 abgek\u00fcndigt und durch das System T60 ersetzt, das im Gegensatz zu seinem Vorg\u00e4nger digitale Funktionen aufwies. Das System T60 bot mehr aktualisierte Funktionen und die M\u00f6glichkeit zur Nutzung von weiteren Codes.<\/p>\n<p>Das T60-System ist weitestgehend mit dem System 460 kompatibel und kann in den meisten F\u00e4llen als Ersatz verwendet werden. Um eine m\u00f6gliche Kompatibilit\u00e4t Ihres vorhandenen 460-Systems mit der Baureihe T60 zu pr\u00fcfen, <a href=\"https:\/\/www.tele-radio.com\/contact-us\/\">kontaktieren Sie bitte Ihren n\u00e4chstgelegenen H\u00e4ndler<\/a>, der Ihre Fragen beantworten wird.<\/p>\n<p><a href=\"https:\/\/www.tele-radio.com\/ch-de\/products\/t20_t60\/\" target=\"_blank\" rel=\"noopener\">Erfahren Sie hier mehr \u00fcber die Produkte des System T60.<\/a><\/p>\n","protected":false},"excerpt":{"rendered":"<p>Abgek\u00fcndigte Produkte und Systeme T70 Jaguar Das System T70 Jaguar wurde erstmals im Jahr 2007 vorgestellt. Hierdurch sollte der Markt der elektronischen und hydraulischen Winden bedient werden. Es war ein preiswertes System, welches gegen\u00fcber seinem gro\u00dfen Bruder, dem T60 System, mehrere Vorteile, wie zum Beispiel den Schmalbandfunk, mehr Funktionen, und eine gr\u00f6\u00dfere Reichweite bot. Das [&hellip;]<\/p>\n","protected":false},"author":29,"featured_media":11451,"parent":0,"menu_order":0,"comment_status":"closed","ping_status":"closed","template":"","meta":{"_acf_changed":false,"footnotes":""},"class_list":["post-6613","page","type-page","status-publish","has-post-thumbnail","hentry"],"acf":[],"_links":{"self":[{"href":"https:\/\/www.tele-radio.com\/ch-de\/wp-json\/wp\/v2\/pages\/6613","targetHints":{"allow":["GET"]}}],"collection":[{"href":"https:\/\/www.tele-radio.com\/ch-de\/wp-json\/wp\/v2\/pages"}],"about":[{"href":"https:\/\/www.tele-radio.com\/ch-de\/wp-json\/wp\/v2\/types\/page"}],"author":[{"embeddable":true,"href":"https:\/\/www.tele-radio.com\/ch-de\/wp-json\/wp\/v2\/users\/29"}],"replies":[{"embeddable":true,"href":"https:\/\/www.tele-radio.com\/ch-de\/wp-json\/wp\/v2\/comments?post=6613"}],"version-history":[{"count":4,"href":"https:\/\/www.tele-radio.com\/ch-de\/wp-json\/wp\/v2\/pages\/6613\/revisions"}],"predecessor-version":[{"id":155924,"href":"https:\/\/www.tele-radio.com\/ch-de\/wp-json\/wp\/v2\/pages\/6613\/revisions\/155924"}],"wp:featuredmedia":[{"embeddable":true,"href":"https:\/\/www.tele-radio.com\/ch-de\/wp-json\/wp\/v2\/media\/11451"}],"wp:attachment":[{"href":"https:\/\/www.tele-radio.com\/ch-de\/wp-json\/wp\/v2\/media?parent=6613"}],"curies":[{"name":"wp","href":"https:\/\/api.w.org\/{rel}","templated":true}]}}