{"id":6569,"date":"2018-05-13T20:05:40","date_gmt":"2018-05-13T20:05:40","guid":{"rendered":"https:\/\/www.tele-radio.com\/munck-cranes-a-s\/"},"modified":"2021-02-05T10:15:05","modified_gmt":"2021-02-05T10:15:05","slug":"munck-cranes-a-s","status":"publish","type":"page","link":"https:\/\/www.tele-radio.com\/ch-de\/munck-cranes-a-s\/","title":{"rendered":"Munck Cranes A\/S"},"content":{"rendered":"<h1>Munck Cranes A\/S<\/h1>\n<p>Die Firma Muck Cranes ist ein Kranhersteller mit Sitz in Bergen, Norwegen und wurde 1924 von Sverre Munck, als H\u00e4ndler von Rolltreppen, Aufz\u00fcgen und Seilz\u00fcgen, gegr\u00fcndet. Munck Cranes geh\u00f6rt zu den Pionieren der norwegischen Exportindustrie. Das aller erste Hebezeug, das exportiert wurde, wurde 1948 nach Schweden geliefert. Im selben Jahr folgte das N\u00e4chste, welches nach England ausgeliefert wurde. Danach stiegen die Exportzahlen rasch an.<\/p>\n<h2>Ein weltweit agierender Lieferant<\/h2>\n<p>Sp\u00e4ter, in den 1950er und 1960er Jahren, wurden Tochterunternehmen in den Vereinigten Staaten, Kanada, Grossbritannien, Schweden, Brasilien und Belgien gegr\u00fcndet. In anderen Teilen der Welt, wurde ein H\u00e4ndlernetz aufgebaut. Mit vielen dieser Unternehmen arbeitet Munck auch heute noch eng zusammen, obwohl sie von lokalen Eigent\u00fcmern gef\u00fchrt werden. Mittlerweile liefert Munck Cranes \u00fcber 1&#8217;000 Kr\u00e4ne pro Jahr weltweit, davon allein 750 St\u00fcck in Norwegen.<\/p>\n<h2>Einer der Ersten, wenn es um funkgesteuerte Kr\u00e4ne geht<\/h2>\n<p>Munck war einer der ersten Kranhersteller, der die Kabelsteuerungen standardm\u00e4ssig an seinen Kr\u00e4nen durch Funkfernsteuerungen ersetzte. Wenn der Kunde eine Kabelsteuerung w\u00fcnscht, muss diese separat bezogen werden. Die Entscheidung gegen eine Kabelsteuerung war in der Branche zu dieser Zeit un\u00fcblich und f\u00fchrte zu einer Kritikwelle seitens der Mitbewerber.\u00a0 R\u00fcckblickend muss man sich eingestehen, dass Munck mit seinem revolution\u00e4ren Ansatz, ein Vorreiter bei der technischen Weiterentwicklung der Kransteuerung war.<\/p>\n<blockquote><p>\u201c<em>Wir nutzen Produkte von Tele Radio wegen dem hervorragenden Kundenservice und Support, da dies f\u00fcr uns und unser Unternehmen sehr wichtig ist.<\/em>\u201d<\/p><\/blockquote>\n<p>Says Rune Wab\u00f8, Gesch\u00e4ftsf\u00fchrer von Munck Cranes.<\/p>\n","protected":false},"excerpt":{"rendered":"<p>Munck Cranes A\/S Die Firma Muck Cranes ist ein Kranhersteller mit Sitz in Bergen, Norwegen und wurde 1924 von Sverre Munck, als H\u00e4ndler von Rolltreppen, Aufz\u00fcgen und Seilz\u00fcgen, gegr\u00fcndet. Munck Cranes geh\u00f6rt zu den Pionieren der norwegischen Exportindustrie. Das aller erste Hebezeug, das exportiert wurde, wurde 1948 nach Schweden geliefert. Im selben Jahr folgte das [&hellip;]<\/p>\n","protected":false},"author":29,"featured_media":9723,"parent":0,"menu_order":0,"comment_status":"closed","ping_status":"closed","template":"","meta":{"_acf_changed":false,"footnotes":""},"class_list":["post-6569","page","type-page","status-publish","has-post-thumbnail","hentry"],"acf":[],"_links":{"self":[{"href":"https:\/\/www.tele-radio.com\/ch-de\/wp-json\/wp\/v2\/pages\/6569","targetHints":{"allow":["GET"]}}],"collection":[{"href":"https:\/\/www.tele-radio.com\/ch-de\/wp-json\/wp\/v2\/pages"}],"about":[{"href":"https:\/\/www.tele-radio.com\/ch-de\/wp-json\/wp\/v2\/types\/page"}],"author":[{"embeddable":true,"href":"https:\/\/www.tele-radio.com\/ch-de\/wp-json\/wp\/v2\/users\/29"}],"replies":[{"embeddable":true,"href":"https:\/\/www.tele-radio.com\/ch-de\/wp-json\/wp\/v2\/comments?post=6569"}],"version-history":[{"count":6,"href":"https:\/\/www.tele-radio.com\/ch-de\/wp-json\/wp\/v2\/pages\/6569\/revisions"}],"predecessor-version":[{"id":59875,"href":"https:\/\/www.tele-radio.com\/ch-de\/wp-json\/wp\/v2\/pages\/6569\/revisions\/59875"}],"wp:featuredmedia":[{"embeddable":true,"href":"https:\/\/www.tele-radio.com\/ch-de\/wp-json\/wp\/v2\/media\/9723"}],"wp:attachment":[{"href":"https:\/\/www.tele-radio.com\/ch-de\/wp-json\/wp\/v2\/media?parent=6569"}],"curies":[{"name":"wp","href":"https:\/\/api.w.org\/{rel}","templated":true}]}}