{"id":6545,"date":"2018-05-14T06:12:23","date_gmt":"2018-05-14T06:12:23","guid":{"rendered":"https:\/\/www.tele-radio.com\/thames-reinforcements-ltd\/"},"modified":"2021-02-05T10:20:55","modified_gmt":"2021-02-05T10:20:55","slug":"thames-reinforcements-ltd","status":"publish","type":"page","link":"https:\/\/www.tele-radio.com\/ch-de\/thames-reinforcements-ltd\/","title":{"rendered":"Thames Reinforcements Ltd"},"content":{"rendered":"<h1>Die Konkurrenz ersetzen<\/h1>\n<p>Thames Reinforcements Ltd ist eine Fabrik in Sheerness (Kent), welche Stahl f\u00fcr Stahlbeton herstellt. Die Kapazit\u00e4t der Fertigung bel\u00e4uft sich auf 1&#8217;500 Tonnen CARES-zertifizierte Schnitt- und Biegestahlverst\u00e4rkungen pro Woche.<\/p>\n<p>Thames begann mit einer Funkfernsteuerung eines Mitbewerbers und musste sehr schnell feststellen, dass das raue Klima der Stahlproduktion die Funkfernsteuerungen sehr stark beanspruchte.<\/p>\n<p>Nachdem die Funkfernsteuerungen nur einen Monat lang funktionierten, suchten sie nach einem passenden Ersatz. Sie entschieden sich, es mit Tele Radio zu versuchen und integrierten das Tiger-System, mit dem TG-T9-1 Handsender, in ihre Krane.<\/p>\n<p>Um bei der 24-Stunden-Schichtarbeit einen ausfallfreien Betrieb zu garantieren, sind jeweils zwei Sender pro Kran im Einsatz. Aufgrund des erfolgreichen Tests wurden alle drei Br\u00fcckenkrane im Werk mit dem Tiger-System nachger\u00fcstet. Nach einem Jahr mit 24-st\u00fcndiger Beanspruchung pro Tag, mussten insgesamt nur zwei Sender ausgetauscht werden. Einige Zeit sp\u00e4ter wurden die Krane ersetzt und in die Fabrik in Nottingham gebracht, in der diese mit den dazugeh\u00f6rigen Funkfernsteuerungssystemen weiterhin einwandfrei funktionieren.<\/p>\n<p>In der Fabrik in Kent wurden neue Markenkrane mit eigenen Funkfernsteuerungen installiert. Nach nur einem Monat fiel bereits die erste Steuerung aus, was Tomasz Fraczek, Leiter der Instandhaltung, dazu bewegte, die fremden Funkfernsteuerungen wieder durch Tele Radio-Systeme zu ersetzen.<\/p>\n<blockquote><p>&#8220;<em>Funkfernsteuerungen von Tele Radio halten einer hohen mechanischen \u00dcberbeanspruchung stand, ohne kaputt zu gehen. Ebenso ist die Akkulaufzeit beeindruckend.<\/em>&#8220;<\/p><\/blockquote>\n<p>Dieses Mal wurde ein Panther-System mit wiederaufladbaren Wechselakkus nachger\u00fcstet, um einen ausfallsicheren Betrieb zu gew\u00e4hrleisten. Der Handsender hat eine Betriebszeit von bis zu 100 Stunden, eine Dauer, die sonst keiner erreicht. Diese Systeme sind nun seit drei Monaten ohne Ausf\u00e4lle im Betrieb.<\/p>\n<p>Lesen Sie hier, warum sich\u00a0<a href=\"https:\/\/www.tele-radio.com\/munck-cranes-a-s\/\">Munck Cranes<\/a>\u00a0f\u00fcr Tele Radio entschieden hat.<\/p>\n","protected":false},"excerpt":{"rendered":"<p>Die Konkurrenz ersetzen Thames Reinforcements Ltd ist eine Fabrik in Sheerness (Kent), welche Stahl f\u00fcr Stahlbeton herstellt. Die Kapazit\u00e4t der Fertigung bel\u00e4uft sich auf 1&#8217;500 Tonnen CARES-zertifizierte Schnitt- und Biegestahlverst\u00e4rkungen pro Woche. Thames begann mit einer Funkfernsteuerung eines Mitbewerbers und musste sehr schnell feststellen, dass das raue Klima der Stahlproduktion die Funkfernsteuerungen sehr stark beanspruchte. [&hellip;]<\/p>\n","protected":false},"author":29,"featured_media":9759,"parent":0,"menu_order":0,"comment_status":"closed","ping_status":"closed","template":"","meta":{"_acf_changed":false,"footnotes":""},"class_list":["post-6545","page","type-page","status-publish","has-post-thumbnail","hentry"],"acf":[],"_links":{"self":[{"href":"https:\/\/www.tele-radio.com\/ch-de\/wp-json\/wp\/v2\/pages\/6545","targetHints":{"allow":["GET"]}}],"collection":[{"href":"https:\/\/www.tele-radio.com\/ch-de\/wp-json\/wp\/v2\/pages"}],"about":[{"href":"https:\/\/www.tele-radio.com\/ch-de\/wp-json\/wp\/v2\/types\/page"}],"author":[{"embeddable":true,"href":"https:\/\/www.tele-radio.com\/ch-de\/wp-json\/wp\/v2\/users\/29"}],"replies":[{"embeddable":true,"href":"https:\/\/www.tele-radio.com\/ch-de\/wp-json\/wp\/v2\/comments?post=6545"}],"version-history":[{"count":6,"href":"https:\/\/www.tele-radio.com\/ch-de\/wp-json\/wp\/v2\/pages\/6545\/revisions"}],"predecessor-version":[{"id":144823,"href":"https:\/\/www.tele-radio.com\/ch-de\/wp-json\/wp\/v2\/pages\/6545\/revisions\/144823"}],"wp:featuredmedia":[{"embeddable":true,"href":"https:\/\/www.tele-radio.com\/ch-de\/wp-json\/wp\/v2\/media\/9759"}],"wp:attachment":[{"href":"https:\/\/www.tele-radio.com\/ch-de\/wp-json\/wp\/v2\/media?parent=6545"}],"curies":[{"name":"wp","href":"https:\/\/api.w.org\/{rel}","templated":true}]}}