{"id":6521,"date":"2018-05-14T06:20:21","date_gmt":"2018-05-14T06:20:21","guid":{"rendered":"https:\/\/www.tele-radio.com\/easy-silage\/"},"modified":"2021-02-05T10:25:18","modified_gmt":"2021-02-05T10:25:18","slug":"easy-silage","status":"publish","type":"page","link":"https:\/\/www.tele-radio.com\/ch-de\/easy-silage\/","title":{"rendered":"Easy Silage BV"},"content":{"rendered":"<h1>Fahrsiloabdeckung<\/h1>\n<p>Easy Silage BV ist ein auf Fahrsiloabdeckungen spezialisiertes Unternehmen mit Sitz in Dearsum, in Mitten von Friesland, die f\u00fcr ihre Milchproduktion bekannte Provinz in den Niederlanden.<\/p>\n<h2>Passgenau gefertigt<\/h2>\n<p>Die Abdeckungssysteme von Easy Silage eignen sich f\u00fcr Fahrsilos mit einer L\u00e4nge von bis zu 100 Metern und einer Breite von bis zu 25 Metern. Diese Anwendung wird mit einem Panther-System von Tele Radio ferngesteuert. Da jeder Bauernhof in seinem Aufbau einzigartig ist, werden die Siloabdeckungen individuell nach den W\u00fcnschen der Kunden gefertigt. Grunds\u00e4tzlich gibt es drei verschiedene Arten von Siloabdeckungssystemen: Das Schienensystem, das Winden- oder das Portalsystem.<\/p>\n<h2>Flexibles System<\/h2>\n<p>Die Schienen- und Windensysteme passen auf nahezu jedes vorhandene Silo. Das System f\u00e4hrt hierbei an einer Rinne an der Silowand. Der Empf\u00e4nger wird mit speziellen Halterungen an der Silowand montiert. Das Windensystem kann dank eines speziell entwickelten Kontaktpunkts f\u00fcr mehrere Silos verwendet werden. Mit einem Traktor oder Teleskoplader kann der Anwender das Abdecksystem problemlos von einem Silo zum andren transportieren.<\/p>\n<h2>Ersatz eines festen Bedienfelds<\/h2>\n<p>Das Unternehmen stellte seine Systeme von einer fest installierten Steuerung auf Funkfernsteuerungen um, da der Anwender durch die Nutzung von Funkfernsteuerungen einen besseren \u00dcberblick \u00fcber das Geschehen hat. Dieser \u00dcberblick ging fr\u00fcher verloren, da die Stelle, die f\u00fcr das Bedienfeld vorgesehenen war, nur eine eingeschr\u00e4nkte Sicht bot. Tele Radio BV liefert bis zu 40 Systeme pro Jahr an Easy Silage BV.<\/p>\n","protected":false},"excerpt":{"rendered":"<p>Fahrsiloabdeckung Easy Silage BV ist ein auf Fahrsiloabdeckungen spezialisiertes Unternehmen mit Sitz in Dearsum, in Mitten von Friesland, die f\u00fcr ihre Milchproduktion bekannte Provinz in den Niederlanden. Passgenau gefertigt Die Abdeckungssysteme von Easy Silage eignen sich f\u00fcr Fahrsilos mit einer L\u00e4nge von bis zu 100 Metern und einer Breite von bis zu 25 Metern. Diese [&hellip;]<\/p>\n","protected":false},"author":29,"featured_media":9795,"parent":0,"menu_order":0,"comment_status":"closed","ping_status":"closed","template":"","meta":{"_acf_changed":false,"footnotes":""},"class_list":["post-6521","page","type-page","status-publish","has-post-thumbnail","hentry"],"acf":[],"_links":{"self":[{"href":"https:\/\/www.tele-radio.com\/ch-de\/wp-json\/wp\/v2\/pages\/6521","targetHints":{"allow":["GET"]}}],"collection":[{"href":"https:\/\/www.tele-radio.com\/ch-de\/wp-json\/wp\/v2\/pages"}],"about":[{"href":"https:\/\/www.tele-radio.com\/ch-de\/wp-json\/wp\/v2\/types\/page"}],"author":[{"embeddable":true,"href":"https:\/\/www.tele-radio.com\/ch-de\/wp-json\/wp\/v2\/users\/29"}],"replies":[{"embeddable":true,"href":"https:\/\/www.tele-radio.com\/ch-de\/wp-json\/wp\/v2\/comments?post=6521"}],"version-history":[{"count":8,"href":"https:\/\/www.tele-radio.com\/ch-de\/wp-json\/wp\/v2\/pages\/6521\/revisions"}],"predecessor-version":[{"id":59877,"href":"https:\/\/www.tele-radio.com\/ch-de\/wp-json\/wp\/v2\/pages\/6521\/revisions\/59877"}],"wp:featuredmedia":[{"embeddable":true,"href":"https:\/\/www.tele-radio.com\/ch-de\/wp-json\/wp\/v2\/media\/9795"}],"wp:attachment":[{"href":"https:\/\/www.tele-radio.com\/ch-de\/wp-json\/wp\/v2\/media?parent=6521"}],"curies":[{"name":"wp","href":"https:\/\/api.w.org\/{rel}","templated":true}]}}