{"id":6497,"date":"2018-05-14T09:08:21","date_gmt":"2018-05-14T09:08:21","guid":{"rendered":"https:\/\/www.tele-radio.com\/euro-prima-doo\/"},"modified":"2021-02-05T10:33:28","modified_gmt":"2021-02-05T10:33:28","slug":"euro-prima-doo","status":"publish","type":"page","link":"https:\/\/www.tele-radio.com\/ch-de\/euro-prima-doo\/","title":{"rendered":"Euro Prima doo"},"content":{"rendered":"<h1>Spezialist f\u00fcr Kr\u00e4uteranbau<\/h1>\n<p>Das Unternehmen Euro Prima ist ein serbischer Hersteller von Erntemaschinen, die speziell f\u00fcr die Ernte von Heilpflanzen und Kr\u00e4utern wie Rosmarin, Minze, Zitronengras, Petersilie usw. geeignet sind. Die Firma, mit Sitz in Novi Sad, liefert ihre Maschinen in 50 L\u00e4nder weltweit.<\/p>\n<h2>Arbeitserleichterung Dank Tele Radio<\/h2>\n<p>Oben abgebildet ist der Harvester-Mower NB 2005 V, der, wie der Name schon sagt, eine Erntemaschine f\u00fcr Kamille, Minze und andere Kr\u00e4uter ist. Er wird mittels eines Traktors \u00fcber die Pflanzen positioniert und f\u00e4hrt \u00fcber diese hinweg, wobei er die Bl\u00fcten so vom Stiel trennt, dass der gr\u00f6\u00dfte Teil der Pflanze intakt bleibt.<\/p>\n<p>Das Unternehmen und auch dessen Kunden hatten Schwierigkeiten die Kabelsteuerung an spezielle Anwendungen anzupassen. Durch die Verwendung eines Funkfernsteuerungssystems von Tele Radio kann der Anwender den Harvester mit Leichtigkeit steuern, ohne an heissen Tagen die klimatisierte Kabine des Traktors verlassen zu m\u00fcssen.<\/p>\n<p>F\u00fcr diese Anwendung kam das Panther-System, bestehend aus einem PN-T19-2 Handsender und einem PN-R8-3 Empf\u00e4nger, zum Einsatz.<\/p>\n<p>Dank der Einstellungsm\u00f6glichkeiten konnten Relais so verriegelt werden, dass bei Aktivierung einer Funktion, die vorhergehende Funktion automatisch deaktiviert wurde. Diese L\u00f6sung erleichterte dem Anwender die Nutzung und war auch f\u00fcr das Unternehmen leicht zu etablieren.<\/p>\n","protected":false},"excerpt":{"rendered":"<p>Spezialist f\u00fcr Kr\u00e4uteranbau Das Unternehmen Euro Prima ist ein serbischer Hersteller von Erntemaschinen, die speziell f\u00fcr die Ernte von Heilpflanzen und Kr\u00e4utern wie Rosmarin, Minze, Zitronengras, Petersilie usw. geeignet sind. Die Firma, mit Sitz in Novi Sad, liefert ihre Maschinen in 50 L\u00e4nder weltweit. Arbeitserleichterung Dank Tele Radio Oben abgebildet ist der Harvester-Mower NB 2005 [&hellip;]<\/p>\n","protected":false},"author":29,"featured_media":9831,"parent":0,"menu_order":0,"comment_status":"closed","ping_status":"closed","template":"","meta":{"_acf_changed":false,"footnotes":""},"class_list":["post-6497","page","type-page","status-publish","has-post-thumbnail","hentry"],"acf":[],"_links":{"self":[{"href":"https:\/\/www.tele-radio.com\/ch-de\/wp-json\/wp\/v2\/pages\/6497","targetHints":{"allow":["GET"]}}],"collection":[{"href":"https:\/\/www.tele-radio.com\/ch-de\/wp-json\/wp\/v2\/pages"}],"about":[{"href":"https:\/\/www.tele-radio.com\/ch-de\/wp-json\/wp\/v2\/types\/page"}],"author":[{"embeddable":true,"href":"https:\/\/www.tele-radio.com\/ch-de\/wp-json\/wp\/v2\/users\/29"}],"replies":[{"embeddable":true,"href":"https:\/\/www.tele-radio.com\/ch-de\/wp-json\/wp\/v2\/comments?post=6497"}],"version-history":[{"count":7,"href":"https:\/\/www.tele-radio.com\/ch-de\/wp-json\/wp\/v2\/pages\/6497\/revisions"}],"predecessor-version":[{"id":59882,"href":"https:\/\/www.tele-radio.com\/ch-de\/wp-json\/wp\/v2\/pages\/6497\/revisions\/59882"}],"wp:featuredmedia":[{"embeddable":true,"href":"https:\/\/www.tele-radio.com\/ch-de\/wp-json\/wp\/v2\/media\/9831"}],"wp:attachment":[{"href":"https:\/\/www.tele-radio.com\/ch-de\/wp-json\/wp\/v2\/media?parent=6497"}],"curies":[{"name":"wp","href":"https:\/\/api.w.org\/{rel}","templated":true}]}}