{"id":6390,"date":"2018-05-10T13:37:16","date_gmt":"2018-05-10T13:37:16","guid":{"rendered":"https:\/\/www.tele-radio.com\/ethical-standards\/"},"modified":"2018-12-17T12:12:27","modified_gmt":"2018-12-17T12:12:27","slug":"ethical-standards","status":"publish","type":"page","link":"https:\/\/www.tele-radio.com\/ch-de\/ethical-standards\/","title":{"rendered":"Ethische Unternehmensgrunds\u00e4tze"},"content":{"rendered":"<h1>ethische Unternehmensgrunds\u00e4tze<\/h1>\n<h2>Tele Radio setzt soziale und umweltbezogene Standards um<\/h2>\n<p>Wir bei Tele Radio glauben an die gro\u00dfe Wichtigkeit des Umweltschutzes und setzen diesen um, indem wir die Reduzierung von Abfallmaterial, sowie Verwendung von Recyclingmaterialien im eigenen Unternehmen und bei unseren Lieferanten, soweit es m\u00f6glich und f\u00fcr den Betrieb geeignet ist, f\u00f6rdern. Tele Radio regt au\u00dferdem die Lieferanten an, das Verpackungsmaterial so weit wie m\u00f6glich zu reduzieren und recycelte, sowie ungiftige Verpackungen zu nutzen. Jede Niederlassung muss die CO\u00b2-Emission reduzieren, um die Umweltbelastung so gering wie m\u00f6glich zu halten und auch einen Plan erstellen, wie das k\u00fcnftige Emissionsrisiko weiter verringert werden kann.<\/p>\n<h2>Sicherer Arbeitsplatz<\/h2>\n<p>Tele Radio schafft f\u00fcr alle Mitarbeiter einen sicheren, sauberen, gesundheitsf\u00f6rdernden und produktiven Arbeitsbereich und erwartet dies auch von seinen Lieferanten. Unsere Lieferanten sollen ihren Mitarbeitern sichere und gesundheitsf\u00f6rdernde Arbeitsbedingungen bieten. Fabriken, die Waren oder Produkte von Tele Radio nutzen, m\u00fcssen \u00fcber angemessene medizinische Einrichtungen, Notausg\u00e4nge, Sicherheitsausr\u00fcstung, gut beleuchtete und komfortable Arbeitspl\u00e4tze, sowie saubere Pausenr\u00e4ume bieten. Tele Radio lehnt jegliche Zusammenarbeit mit Lieferanten ab, die gesundheitssch\u00e4dliche und gef\u00e4hrliche Arbeitsbedingungen bieten oder psychische bzw. physische Gewalt gegen\u00fcber den Mitarbeitern und Gesch\u00e4ftspartnern anwenden.<\/p>\n<h2>Gegen Diskriminierung<\/h2>\n<p>Tele Radio wei\u00df, dass kulturelle Unterschiede und Standards sowohl in den verschiedenen L\u00e4ndern, als auch im eigenen Land existieren. Wir sind jedoch der Ansicht, dass ein Teammitglied nach den pers\u00f6nlichen F\u00e4higkeiten zur Aus\u00fcbung der jeweiligen Aufgaben beurteilt werden soll und diese Beurteilung nicht auf pers\u00f6nlichen Einstellungen oder Glaubensgrunds\u00e4tzen beruhen soll. Tele Radio verpflichtet sich selbst und seine Lieferanten dazu, die Menschenrechte zu wahren und Angestellte nicht aufgrund von Herkunft, nationaler Abstammung, Geschlecht, Religion, Behinderung, sexueller Orientierung oder politischer Meinung zu diskriminieren.<\/p>\n<h2>Kinderarbeit wird nicht toleriert<\/h2>\n<p>Tele Radio toleriert den Einsatz von Kindern bei der Entwicklung oder Herstellung von Produkten, die von Tele Radio gekauft oder verkauft werden, nicht. Tele Radio wird keine Produkte von Lieferanten akzeptieren die auf irgendeine Art mit Hilfe von Kinderarbeit hergestellt, produziert oder verkauft wurden.<\/p>\n<h2>Lesen Sie unseren vollst\u00e4ndigen Unternehmensgrunds\u00e4tze<\/h2>\n<p><a href=\"https:\/\/api.tele-radio.com\/api\/files\/1990\">Hier k\u00f6nnen Sie die vollst\u00e4ndigen Unternehmensgrunds\u00e4tze einsehen und lesen.<\/a><\/p>\n<h2>WWF<\/h2>\n<p>1900 gab es noch \u00fcber 100 000 Tiger auf der Welt. Diese Zahl sank bis in die 1970er Jahre auf 4000. Heute sind sie eine vom Aussterben bedrohte Spezies. Die Gesamtzahl aller Wildbest\u00e4nde der f\u00fcnf verbleibenden Unterarten (Bengalen, Indochinesen, Sibirier, S\u00fcdchina und Sumatra) wird auf 3900 Tiger gesch\u00e4tzt. Es ist weitgehend bekannt, dass alle verbleibenden Tiger in kleinen, isolierten Populationen in weit voneinander entfernten Reservaten leben. Die h\u00f6chste Anzahl an Tigern in einem Reservat betr\u00e4gt 215. Tele Radio unterst\u00fctzt den World Wide Fund of Nature (WWF) und seine Bem\u00fchungen um den Erhalt des Tigers. Durch die starken Bem\u00fchungen des WWF erholt sich die Tigerpopulation langsam. Da der Tiger bei Tele Radio eine herausragende Rolle spielt und der Name eines unserer Systeme ist, vertreten wir die Ansicht, dass es mehr als selbstverst\u00e4ndlich ist, einen Teil zur Erhaltung diese Tierart beizutragen.<\/p>\n<p><img loading=\"lazy\" decoding=\"async\" class=\"aligncenter size-full wp-image-6302\" src=\"https:\/\/www.tele-radio.com\/app\/uploads\/tiger_wwf.jpg\" alt=\"Tele Radio supports WWF\" width=\"1200\" height=\"555\" \/><\/p>\n","protected":false},"excerpt":{"rendered":"<p>ethische Unternehmensgrunds\u00e4tze Tele Radio setzt soziale und umweltbezogene Standards um Wir bei Tele Radio glauben an die gro\u00dfe Wichtigkeit des Umweltschutzes und setzen diesen um, indem wir die Reduzierung von Abfallmaterial, sowie Verwendung von Recyclingmaterialien im eigenen Unternehmen und bei unseren Lieferanten, soweit es m\u00f6glich und f\u00fcr den Betrieb geeignet ist, f\u00f6rdern. Tele Radio regt [&hellip;]<\/p>\n","protected":false},"author":29,"featured_media":9705,"parent":0,"menu_order":0,"comment_status":"closed","ping_status":"closed","template":"","meta":{"_acf_changed":false,"footnotes":""},"class_list":["post-6390","page","type-page","status-publish","has-post-thumbnail","hentry"],"acf":[],"_links":{"self":[{"href":"https:\/\/www.tele-radio.com\/ch-de\/wp-json\/wp\/v2\/pages\/6390","targetHints":{"allow":["GET"]}}],"collection":[{"href":"https:\/\/www.tele-radio.com\/ch-de\/wp-json\/wp\/v2\/pages"}],"about":[{"href":"https:\/\/www.tele-radio.com\/ch-de\/wp-json\/wp\/v2\/types\/page"}],"author":[{"embeddable":true,"href":"https:\/\/www.tele-radio.com\/ch-de\/wp-json\/wp\/v2\/users\/29"}],"replies":[{"embeddable":true,"href":"https:\/\/www.tele-radio.com\/ch-de\/wp-json\/wp\/v2\/comments?post=6390"}],"version-history":[{"count":2,"href":"https:\/\/www.tele-radio.com\/ch-de\/wp-json\/wp\/v2\/pages\/6390\/revisions"}],"predecessor-version":[{"id":15076,"href":"https:\/\/www.tele-radio.com\/ch-de\/wp-json\/wp\/v2\/pages\/6390\/revisions\/15076"}],"wp:featuredmedia":[{"embeddable":true,"href":"https:\/\/www.tele-radio.com\/ch-de\/wp-json\/wp\/v2\/media\/9705"}],"wp:attachment":[{"href":"https:\/\/www.tele-radio.com\/ch-de\/wp-json\/wp\/v2\/media?parent=6390"}],"curies":[{"name":"wp","href":"https:\/\/api.w.org\/{rel}","templated":true}]}}