{"id":6371,"date":"2018-05-10T13:37:03","date_gmt":"2018-05-10T13:37:03","guid":{"rendered":"https:\/\/www.tele-radio.com\/iso-certifications\/"},"modified":"2025-05-15T10:56:01","modified_gmt":"2025-05-15T10:56:01","slug":"iso-certifications","status":"publish","type":"page","link":"https:\/\/www.tele-radio.com\/ch-de\/iso-certifications\/","title":{"rendered":"ISO Zertifizierungen &#038; Sustainability Report"},"content":{"rendered":"\n<h1 class=\"wp-block-heading\"><strong>ISO Zertifizierungen &amp; Sustainability Report<\/strong><\/h1>\n\n\n\n<p class=\"has-medium-font-size\"><em>Die Allgon-Gruppe, einschliesslich <strong>Tele Radio i Lysekil AB<\/strong>, ist nach den Qualit\u00e4tsmanagement-Standards ISO 9001 sowie den Umweltmanagement-Standards ISO 14001 zertifiziert. Diese Zertifizierungen belegen unsere Kompetenz und unser Engagement f\u00fcr kontinuierliche Verbesserung. Dar\u00fcber hinaus erstellen wir seit 2021 einen Nachhaltigkeitsbericht (bis 2024 nach NFRD-Standard, ab 2025 nach CSRD-Standard). Dieser unterstreicht das Bestreben, unseren CO2-Fussabdruck stetig zu reduzieren und \u00f6kologische, \u00f6konomische sowie soziale Standards einzuhalten. Dazu geh\u00f6rt u. a. so umweltfreundliche Komponenten wie m\u00f6glich zu verwenden, die Transportmittel und -wege so optimal wie m\u00f6glich zu w\u00e4hlen und die Gesundheit sowie das Wohlbefinden unserer Mitarbeiter zu f\u00f6rdern.<\/em><\/p>\n\n\n\n<div style=\"height:30px\" aria-hidden=\"true\" class=\"wp-block-spacer\"><\/div>\n\n\n\n<h2 class=\"wp-block-heading\" style=\"font-size:27px\"><strong>Nachhaltigkeitsbericht | Sustainability Report<\/strong><\/h2>\n\n\n\n<p>Unser Engagement f\u00fcr Nachhaltigkeit ist heute st\u00e4rker denn je. Die Fortschritte, die wir in Kernbereichen wie der Senkung des Energieverbrauchs und der Reduzierung von Treibhausgasemissionen erzielen, stehen im Zentrum unserer Bem\u00fchungen. Unsere Unterst\u00fctzung f\u00fcr den World Wildlife Fund und innovativer Projekte wie das \u201eT\u00e9cnico Solar Boat\u201c verdeutlichen, dass wir nicht nur in unserer Branche f\u00fchrend sind, sondern auch aktiv zu einer positiven Entwicklung der Welt beitragen m\u00f6chten. Ein zentraler Schwerpunkt f\u00fcr die Zukunft wird daher sein, das Thema Nachhaltigkeit noch st\u00e4rker in die Unternehmensgruppe zu integrieren und unseren \u00f6kologischen Fussabdruck weiter zu verringern.<\/p>\n\n\n\n<div class=\"wp-block-buttons is-layout-flex wp-block-buttons-is-layout-flex\">\n<div class=\"wp-block-button\"><a class=\"wp-block-button__link wp-element-button\" href=\"https:\/\/www.tele-radio.com\/app\/uploads\/Allgon_Sustainability_Report_2023.pdf\" target=\"_blank\" rel=\"noreferrer noopener\"><strong>Nachhaltigkeitsbericht 2023<\/strong><\/a><\/div>\n<\/div>\n\n\n\n<div style=\"height:20px\" aria-hidden=\"true\" class=\"wp-block-spacer\"><\/div>\n\n\n\n<div class=\"wp-block-buttons is-layout-flex wp-block-buttons-is-layout-flex\">\n<div class=\"wp-block-button\"><a class=\"wp-block-button__link wp-element-button\" href=\"https:\/\/www.tele-radio.com\/app\/uploads\/Sustainability-report-2022.pdf\" target=\"_blank\" rel=\"noreferrer noopener\"><strong>Nachhaltigkeitsbericht 2022<\/strong><\/a><\/div>\n<\/div>\n\n\n\n<div style=\"height:20px\" aria-hidden=\"true\" class=\"wp-block-spacer\"><\/div>\n\n\n\n<div class=\"wp-block-buttons is-layout-flex wp-block-buttons-is-layout-flex\">\n<div class=\"wp-block-button\"><a class=\"wp-block-button__link wp-element-button\" href=\"https:\/\/www.tele-radio.com\/app\/uploads\/Allgon-Sustainability-Report-2021-EN-1.pdf\" target=\"_blank\" rel=\"noreferrer noopener\"><strong>Nachhaltigkeitsbericht 2021<\/strong><\/a><\/div>\n<\/div>\n\n\n\n<div style=\"height:95px\" aria-hidden=\"true\" class=\"wp-block-spacer\"><\/div>\n\n\n\n<h2 class=\"wp-block-heading\" style=\"font-size:27px\"><strong>ISO 9001 Zertifizierung<\/strong><\/h2>\n\n\n\n<p>ISO 9001 ist&nbsp;der weltweit am h\u00e4ufigsten verwendete Standard&nbsp;f\u00fcr Qualit\u00e4tsmanagementsysteme (QMS). Es bietet Organisationen eine Reihe von Managementrichtlinien, die dabei helfen, gleichbleibend hochwertige Produkte und Ergebnisse sicherzustellen. Das in ISO 9001 dargestellte QMS-System kann&nbsp;einem Unternehmen u. a. dabei helfen, Produkte von verl\u00e4sslich hoher Qualit\u00e4t herzustellen, die Kundenzufriedenheit zu verbessern, die Betriebseffizienz zu steigern und Risiken zu minimieren. Die ISO 9001-Zertifizierung zeigt, dass einem Unternehmen Qualit\u00e4tskontrolle und effektives Management wichtig sind.<\/p>\n\n\n\n<p><strong>Die nachstehende Zertifizierung ist Teil einer Multi-Site-Zertifizierung unseres Mutterhauses Allgon AB. Die zugeh\u00f6rigen Sites sind auf der zweiten Zertifikatsseite aufgelistet.<\/strong><\/p>\n\n\n\n<div style=\"height:15px\" aria-hidden=\"true\" class=\"wp-block-spacer\"><\/div>\n\n\n<a href=\"https:\/\/www.tele-radio.com\/app\/uploads\/Allgon-AB-Certificate-SE009776-2-9k-2024-1.pdf\" class=\"pdfemb-viewer\" style=\"\" data-width=\"max\" data-height=\"max\" data-toolbar=\"bottom\" data-toolbar-fixed=\"off\">Allgon-AB-Certificate-SE009776-2-9k-2024-1<\/a>\n<p class=\"wp-block-pdfemb-pdf-embedder-viewer\"><\/p>\n\n\n\n<div style=\"height:55px\" aria-hidden=\"true\" class=\"wp-block-spacer\"><\/div>\n\n\n\n<h2 class=\"wp-block-heading\" style=\"font-size:27px\"><strong>ISO 14001<\/strong> <strong>Zertifizierung<\/strong><\/h2>\n\n\n\n<p>ISO 14001 ist eine internationale Norm f\u00fcr Umweltmanagementsysteme, die Organisationen hilft, Umweltauswirkungen zu identifizieren, zu bewerten, zu steuern und kontinuierlich zu verbessern. Ziele&nbsp;des Umweltmanagements nach&nbsp;ISO 14001 sind u. a. die Reduzierung von Umweltauswirkungen, das Einhalten gesetzlicher Bestimmungen, die Reduktion von Kosten, die Steigerung der Ressourcen-Effizienz, die Verringerung von Risiken sowie die F\u00f6rderung von Nachhaltigkeit. Die ISO 14001-Zertifizierung zeigt somit, dass ein Unternehmen&nbsp;Verantwortung f\u00fcr die Umwelt \u00fcbernimmt.<\/p>\n\n\n\n<p>Nat\u00fcrlich erf\u00fcllen unsere Produkte die Standards von REACH und RoHS. Die RoHS-Richtlinie regelt die Verwendung und das&nbsp;Inverkehrbringen&nbsp;von&nbsp;Gefahrstoffen&nbsp;in&nbsp;Elektroger\u00e4ten&nbsp;und&nbsp;elektronischen Bauelementen. Die REACH-Verordnung hat zum Ziel, die menschliche Gesundheit und die Umwelt besser vor den Risiken zu sch\u00fctzen, die durch Chemikalien entstehen k\u00f6nnen. <\/p>\n\n\n\n<p><strong>Die nachstehende Zertifizierung ist Teil einer Multi-Site-Zertifizierung unseres Mutterhauses Allgon AB. Die zugeh\u00f6rigen Sites sind auf der zweiten Zertifikatsseite aufgelistet.<\/strong><\/p>\n\n\n\n<div style=\"height:10px\" aria-hidden=\"true\" class=\"wp-block-spacer\"><\/div>\n\n\n<a href=\"https:\/\/www.tele-radio.com\/app\/uploads\/Allgon-AB-Certificate-SE009777-2-14k-2024-1.pdf\" class=\"pdfemb-viewer\" style=\"\" data-width=\"max\" data-height=\"max\" data-toolbar=\"bottom\" data-toolbar-fixed=\"off\">Allgon-AB-Certificate-SE009777-2-14k-2024-1<\/a>\n<p class=\"wp-block-pdfemb-pdf-embedder-viewer\"><\/p>\n\n\n\n<div style=\"height:30px\" aria-hidden=\"true\" class=\"wp-block-spacer\"><\/div>\n","protected":false},"excerpt":{"rendered":"<p>ISO Zertifizierungen &amp; Sustainability Report Die Allgon-Gruppe, einschliesslich Tele Radio i Lysekil AB, ist nach den Qualit\u00e4tsmanagement-Standards ISO 9001 sowie den Umweltmanagement-Standards ISO 14001 zertifiziert. Diese Zertifizierungen belegen unsere Kompetenz und unser Engagement f\u00fcr kontinuierliche Verbesserung. Dar\u00fcber hinaus erstellen wir seit 2021 einen Nachhaltigkeitsbericht (bis 2024 nach NFRD-Standard, ab 2025 nach CSRD-Standard). Dieser unterstreicht das [&hellip;]<\/p>\n","protected":false},"author":29,"featured_media":9687,"parent":0,"menu_order":0,"comment_status":"closed","ping_status":"closed","template":"","meta":{"_acf_changed":false,"footnotes":""},"class_list":["post-6371","page","type-page","status-publish","has-post-thumbnail","hentry"],"acf":[],"_links":{"self":[{"href":"https:\/\/www.tele-radio.com\/ch-de\/wp-json\/wp\/v2\/pages\/6371","targetHints":{"allow":["GET"]}}],"collection":[{"href":"https:\/\/www.tele-radio.com\/ch-de\/wp-json\/wp\/v2\/pages"}],"about":[{"href":"https:\/\/www.tele-radio.com\/ch-de\/wp-json\/wp\/v2\/types\/page"}],"author":[{"embeddable":true,"href":"https:\/\/www.tele-radio.com\/ch-de\/wp-json\/wp\/v2\/users\/29"}],"replies":[{"embeddable":true,"href":"https:\/\/www.tele-radio.com\/ch-de\/wp-json\/wp\/v2\/comments?post=6371"}],"version-history":[{"count":30,"href":"https:\/\/www.tele-radio.com\/ch-de\/wp-json\/wp\/v2\/pages\/6371\/revisions"}],"predecessor-version":[{"id":259861,"href":"https:\/\/www.tele-radio.com\/ch-de\/wp-json\/wp\/v2\/pages\/6371\/revisions\/259861"}],"wp:featuredmedia":[{"embeddable":true,"href":"https:\/\/www.tele-radio.com\/ch-de\/wp-json\/wp\/v2\/media\/9687"}],"wp:attachment":[{"href":"https:\/\/www.tele-radio.com\/ch-de\/wp-json\/wp\/v2\/media?parent=6371"}],"curies":[{"name":"wp","href":"https:\/\/api.w.org\/{rel}","templated":true}]}}