{"id":6352,"date":"2018-05-10T13:36:49","date_gmt":"2018-05-10T13:36:49","guid":{"rendered":"https:\/\/www.tele-radio.com\/specialized-production\/"},"modified":"2024-03-11T13:05:09","modified_gmt":"2024-03-11T13:05:09","slug":"kundenspezifische-produkte","status":"publish","type":"page","link":"https:\/\/www.tele-radio.com\/ch-de\/kundenspezifische-produkte\/","title":{"rendered":"Kundenspezifische Produkte"},"content":{"rendered":"<h1>Kundenspezifische Anpassung<\/h1>\n<p>Bei Tele Radio wissen wir, dass es zur Zufriedenheit des Kunden oft notwendig ist, das Produkt an den Kunden anzupassen &#8211; nicht umgekehrt. Um dies zu erreichen, haben wir ein Technik-Team zusammengestellt, das ausschliesslich an kundenspezifischen L\u00f6sungen arbeitet. Es kann sein, dass ein Kunde eine spezielle Software-L\u00f6sung ben\u00f6tigt, um seine Anwendung auf eine ganz gezielte Weise steuern zu k\u00f6nnen. In manchen F\u00e4llen muss auch die Hardware an die Bed\u00fcrfnisse des Kunden angepasst werden und in einigen F\u00e4llen, muss sogar beides adaptiert werden. Ausserdem versehen wir unsere Produkte mit kundenspezifischen Folien, die ganz an das Firmen-Image des Kunden angepasst werden k\u00f6nnen. Was auch immer die Anforderungen des Kunden sind, wir suchen immer nach kosteng\u00fcnstigen L\u00f6sungen, die die Bed\u00fcrfnisse des Kunden perfekt erf\u00fcllt.<\/p>\n<p><img loading=\"lazy\" decoding=\"async\" class=\"aligncenter size-full wp-image-6294\" src=\"https:\/\/www.tele-radio.com\/app\/uploads\/customer-foil.jpg\" alt=\"Customer using Tele Radio remote with custom foil\" width=\"1200\" height=\"495\" srcset=\"https:\/\/www.tele-radio.com\/app\/uploads\/customer-foil.jpg 1200w, https:\/\/www.tele-radio.com\/app\/uploads\/customer-foil-400x165.jpg 400w, https:\/\/www.tele-radio.com\/app\/uploads\/customer-foil-768x317.jpg 768w, https:\/\/www.tele-radio.com\/app\/uploads\/customer-foil-750x309.jpg 750w, https:\/\/www.tele-radio.com\/app\/uploads\/customer-foil-500x206.jpg 500w, https:\/\/www.tele-radio.com\/app\/uploads\/customer-foil-800x330.jpg 800w\" sizes=\"auto, (max-width: 1200px) 100vw, 1200px\" \/><\/p>\n<h2>Software oder Hardware?<\/h2>\n<p>Jedes Projekt variiert in seiner Komplexit\u00e4t. Die einfachsten und schnellsten Projekte sind in der Regel softwarebezogen. So ist es nur eine Frage von einigen Tagen, bis der Kunde nach der \u00c4usserung seiner W\u00fcnsche die fertige Software erh\u00e4lt. 90% aller Projekte, die Anpassungen ben\u00f6tigen, sind durch Software\u00e4nderungen realisierbar. Aber wir bieten auch L\u00f6sungen f\u00fcr komplexere Anpassungen. Diese Projekte bestehen in der Regel aus Software- und Hardware\u00e4nderungen und bieten dem Kunden am Ende eine sehr individuelle Steuerungsl\u00f6sung. Diese Projekte beinhalten zus\u00e4tzliche Kundengespr\u00e4che und Besprechungen innerhalb des Tele Radio Teams, um sicherzustellen, dass alles nach den W\u00fcnschen des Kunden funktioniert.<br \/>\nWir setzen j\u00e4hrlich hunderte kundenspezifischer Projekte um.<\/p>\n<p><img loading=\"lazy\" decoding=\"async\" class=\"aligncenter size-full wp-image-6293\" src=\"https:\/\/www.tele-radio.com\/app\/uploads\/custom_remotes_from_Tele_Radio.jpg\" alt=\"Custom remote control being milled | Tele Radio\" width=\"1200\" height=\"499\" srcset=\"https:\/\/www.tele-radio.com\/app\/uploads\/custom_remotes_from_Tele_Radio.jpg 1200w, https:\/\/www.tele-radio.com\/app\/uploads\/custom_remotes_from_Tele_Radio-400x166.jpg 400w, https:\/\/www.tele-radio.com\/app\/uploads\/custom_remotes_from_Tele_Radio-768x319.jpg 768w, https:\/\/www.tele-radio.com\/app\/uploads\/custom_remotes_from_Tele_Radio-750x312.jpg 750w, https:\/\/www.tele-radio.com\/app\/uploads\/custom_remotes_from_Tele_Radio-500x208.jpg 500w, https:\/\/www.tele-radio.com\/app\/uploads\/custom_remotes_from_Tele_Radio-800x333.jpg 800w\" sizes=\"auto, (max-width: 1200px) 100vw, 1200px\" \/><\/p>\n<h2>Sie sind einzigartig!<\/h2>\n<p>Die Anwendungen unserer Kunden sind oft sehr individuell und wir glauben nicht, dass es ein Standardprodukt gibt, welches allen Bed\u00fcrfnissen gerecht wird. Wir arbeiten gerne mit unseren Kunden zusammen und sind bestrebt eine langfristige Beziehung zu ihnen aufzubauen. Wir sind uns sicher, dass dies vorteilhaft f\u00fcr beide Seiten ist. Es bringt uns unseren Kunden n\u00e4her, was wiederum zur Entwicklung von Produkten beitr\u00e4gt, die noch besser auf die kundenspezifischen Bed\u00fcrfnisse zugeschnitten sind. Eine Win-Win-Situation f\u00fcr alle.<\/p>\n","protected":false},"excerpt":{"rendered":"<p>Kundenspezifische Anpassung Bei Tele Radio wissen wir, dass es zur Zufriedenheit des Kunden oft notwendig ist, das Produkt an den Kunden anzupassen &#8211; nicht umgekehrt. Um dies zu erreichen, haben wir ein Technik-Team zusammengestellt, das ausschliesslich an kundenspezifischen L\u00f6sungen arbeitet. Es kann sein, dass ein Kunde eine spezielle Software-L\u00f6sung ben\u00f6tigt, um seine Anwendung auf eine [&hellip;]<\/p>\n","protected":false},"author":29,"featured_media":11793,"parent":0,"menu_order":0,"comment_status":"closed","ping_status":"closed","template":"","meta":{"_acf_changed":false,"footnotes":""},"class_list":["post-6352","page","type-page","status-publish","has-post-thumbnail","hentry"],"acf":[],"_links":{"self":[{"href":"https:\/\/www.tele-radio.com\/ch-de\/wp-json\/wp\/v2\/pages\/6352","targetHints":{"allow":["GET"]}}],"collection":[{"href":"https:\/\/www.tele-radio.com\/ch-de\/wp-json\/wp\/v2\/pages"}],"about":[{"href":"https:\/\/www.tele-radio.com\/ch-de\/wp-json\/wp\/v2\/types\/page"}],"author":[{"embeddable":true,"href":"https:\/\/www.tele-radio.com\/ch-de\/wp-json\/wp\/v2\/users\/29"}],"replies":[{"embeddable":true,"href":"https:\/\/www.tele-radio.com\/ch-de\/wp-json\/wp\/v2\/comments?post=6352"}],"version-history":[{"count":7,"href":"https:\/\/www.tele-radio.com\/ch-de\/wp-json\/wp\/v2\/pages\/6352\/revisions"}],"predecessor-version":[{"id":212158,"href":"https:\/\/www.tele-radio.com\/ch-de\/wp-json\/wp\/v2\/pages\/6352\/revisions\/212158"}],"wp:featuredmedia":[{"embeddable":true,"href":"https:\/\/www.tele-radio.com\/ch-de\/wp-json\/wp\/v2\/media\/11793"}],"wp:attachment":[{"href":"https:\/\/www.tele-radio.com\/ch-de\/wp-json\/wp\/v2\/media?parent=6352"}],"curies":[{"name":"wp","href":"https:\/\/api.w.org\/{rel}","templated":true}]}}