{"id":6333,"date":"2018-05-10T13:36:29","date_gmt":"2018-05-10T13:36:29","guid":{"rendered":"https:\/\/www.tele-radio.com\/why-remote-control\/"},"modified":"2021-02-05T14:34:48","modified_gmt":"2021-02-05T14:34:48","slug":"why-remote-control","status":"publish","type":"page","link":"https:\/\/www.tele-radio.com\/ch-de\/why-remote-control\/","title":{"rendered":"Sicherheits-funkfernsteuerungen"},"content":{"rendered":"<h1>Warum eine Funkfernsteuerung nutzen?<\/h1>\n<h2>Bequem und sicher<\/h2>\n<p>Funkfernsteuerungen sind eine sichere und komfortable M\u00f6glichkeit zur Steuerung von Maschinen. Einer der gr\u00f6ssten Vorteile einer Funkfernsteuerung ist, dass der Bediener nicht st\u00e4ndig zwischen dem Arbeitsort und der Maschine hin und her laufen muss, um seine Anwendung zu steuern. Dadurch kann sich der Anwender genau an der Stelle positionieren, an der er sich befinden muss. Er unterliegt keinen Einschr\u00e4nkungen, die ein Bedienfeld oder eine Kabelsteuerung von Natur aus mit sich bringen. Eine Funkfernsteuerung ist auch nicht im Weg, wie es bei einem kabelgebundenen System der Fall w\u00e4re. Ein Kabel ist nicht nur hinderlich bei der Arbeit, es stellt auch ein Sicherheitsrisiko dar, da es zur Stolperfalle werden kann und zudem sehr anf\u00e4llig f\u00fcr Besch\u00e4digungen ist. Die Reparatur einer Kabelsteuerung w\u00e4hrend der Arbeitszeit kann sowohl kostspielig als auch zeitaufw\u00e4ndig sein. Ganz zu schweigen davon, wenn dieser Fall ausserhalb der Gesch\u00e4ftszeiten des Herstellers eintritt. Die Kosten, die bei einem Produktionsstillstand entstehen, sollten vor dem Kauf einer Steuerung ebenfalls ber\u00fccksichtigt und mit eingerechnet werden. Diese Kosten \u00fcbersteigen h\u00e4ufig den Wert der Reparaturkosten um ein Vielfaches.<\/p>\n<p><img loading=\"lazy\" decoding=\"async\" class=\"size-full wp-image-6288 aligncenter\" src=\"https:\/\/www.tele-radio.com\/app\/uploads\/eot_lifting.jpg\" alt=\"crane operator using Tele Radio remote\" width=\"1200\" height=\"515\" srcset=\"https:\/\/www.tele-radio.com\/app\/uploads\/eot_lifting.jpg 1200w, https:\/\/www.tele-radio.com\/app\/uploads\/eot_lifting-400x172.jpg 400w, https:\/\/www.tele-radio.com\/app\/uploads\/eot_lifting-768x330.jpg 768w, https:\/\/www.tele-radio.com\/app\/uploads\/eot_lifting-750x322.jpg 750w, https:\/\/www.tele-radio.com\/app\/uploads\/eot_lifting-500x215.jpg 500w, https:\/\/www.tele-radio.com\/app\/uploads\/eot_lifting-800x343.jpg 800w\" sizes=\"auto, (max-width: 1200px) 100vw, 1200px\" \/><\/p>\n<h2>Bewegungsfreiheit mit einem sicheren Bauchgef\u00fchl<\/h2>\n<p>Durch die Nutzung einer Funkfernsteuerung hat der Anwender komplette Bewegungsfreiheit (zum Beispiel beim Bedienen einer Presse, eines Holzzerkleinerers, eines Hochdruckreinigers oder einer Hebeanwendung) und die Gewissheit, dass der STOPP-Taster immer in greifbarer Reichweite ist. Eine Funkfernsteuerung tr\u00e4gt wesentlich dazu bei, die Risiken am Arbeitsplatz zu minimieren. Tele Radio bietet viele Sicherheitsfunktionen. Wir lassen unsere Systeme nach den h\u00f6chsten Sicherheitsstandards der Industrie von unabh\u00e4ngigen Pr\u00fcfinstituten zertifizieren, um sicher zu stellen, dass diese auch unter h\u00e4rtesten Bedingungen funktionieren. Systeme mit den h\u00f6chsten Sicherheitsanforderungen sind nach SIL3, PLe oder PLd zertifiziert. Diese Systeme verf\u00fcgen \u00fcber redundante Sicherheitsrelais, die gew\u00e4hrleisten, dass Sie auch bei einer Fehlfunktion immer noch die Kontrolle \u00fcber Ihre Maschine behalten.<\/p>\n<p><img loading=\"lazy\" decoding=\"async\" class=\"size-full wp-image-6287 aligncenter\" src=\"https:\/\/www.tele-radio.com\/app\/uploads\/tow.jpg\" alt=\"Towing a car with radop remote control from Tele Radio\" width=\"1200\" height=\"612\" srcset=\"https:\/\/www.tele-radio.com\/app\/uploads\/tow.jpg 1200w, https:\/\/www.tele-radio.com\/app\/uploads\/tow-400x204.jpg 400w, https:\/\/www.tele-radio.com\/app\/uploads\/tow-768x392.jpg 768w, https:\/\/www.tele-radio.com\/app\/uploads\/tow-750x383.jpg 750w, https:\/\/www.tele-radio.com\/app\/uploads\/tow-500x255.jpg 500w, https:\/\/www.tele-radio.com\/app\/uploads\/tow-800x408.jpg 800w\" sizes=\"auto, (max-width: 1200px) 100vw, 1200px\" \/><\/p>\n<h2>Was macht eine Funkfernsteuerung sicherer als eine Kabelsteuerung?<\/h2>\n<p>Bei unsachgem\u00e4sser Bedienung wird jede Maschine und der dazugeh\u00f6rige Anwendungsbereich unsicher. Bei richtiger Verwendung hat eine Funkfernsteuerung viele Vorteile gegen\u00fcber einer herk\u00f6mmlichen Kabelsteuerung. Zus\u00e4tzlich zu den oben genannten Vorteilen verf\u00fcgen unsere Systeme \u00fcber verschiedene Sicherheitsmerkmale.<br \/>\nZum Beispiel erm\u00f6glicht die \u201eDonut\u201c-Funktion einen bestimmten Arbeitsbereich f\u00fcr einen Sender festzulegen. Dieser sollte sich nicht in unmittelbarer N\u00e4he zur Maschine befinden \u2013 da es dort zu gef\u00e4hrlich ist \u2013 aber auch nicht zu weit entfernt, da sich der Nutzer sonst ausserhalb der Sichtweite befindet. Der Handsender kann somit nur in diesem vordefinierten Bereich bedient werden. Mit einer kabelgebundenen Steuerung ist eine solche Funktion gar nicht oder nur schwer realisierbar.<br \/>\nZudem verwenden unsere Sender einen eindeutigen verschl\u00fcsselten Code, der verhindert, dass eine Maschine von einem nicht autorisierten Sender gesteuert werden kann oder das Signal unterbrochen wird. Der Startvorgang selbst kann zus\u00e4tzlich durch einen PIN-Code gesichert werden.<\/p>\n<p><img loading=\"lazy\" decoding=\"async\" class=\"alignnone size-medium wp-image-22524\" src=\"https:\/\/www.tele-radio.com\/app\/uploads\/\/Certified-2-400x400.jpg\" alt=\"\" width=\"400\" height=\"400\" srcset=\"https:\/\/www.tele-radio.com\/app\/uploads\/Certified-2-400x400.jpg 400w, https:\/\/www.tele-radio.com\/app\/uploads\/Certified-2-150x150.jpg 150w, https:\/\/www.tele-radio.com\/app\/uploads\/Certified-2-768x768.jpg 768w, https:\/\/www.tele-radio.com\/app\/uploads\/Certified-2-250x250.jpg 250w, https:\/\/www.tele-radio.com\/app\/uploads\/Certified-2-750x750.jpg 750w, https:\/\/www.tele-radio.com\/app\/uploads\/Certified-2-500x500.jpg 500w, https:\/\/www.tele-radio.com\/app\/uploads\/Certified-2.jpg 800w\" sizes=\"auto, (max-width: 400px) 100vw, 400px\" \/><\/p>\n<h2>Unabh\u00e4ngiges Test- und Zertifizierungsinstitut<\/h2>\n<p>In 95 % der F\u00e4lle erfolgt die Pr\u00fcfung f\u00fcr die vorgeschriebenen Sicherheitskennzeichnungen und -erkl\u00e4rungen durch den Hersteller der Maschinen und Komponenten selbst. Inwieweit der Hersteller die Tests und Analysen entsprechend den Anforderungen der Richtlinien durchgef\u00fchrt hat, bleibt f\u00fcr den Endbenutzer jedoch unklar. Tele Radio ist sich der Tatsache bewusst, dass unsere Systeme unter kritischen Bedingungen eingesetzt werden. Um ein H\u00f6chstmass an Sicherheit zu gew\u00e4hrleisten, werden unsere Produkte daher von einem anerkannten unabh\u00e4ngigen Institut gepr\u00fcft. Diese Zertifikate k\u00f6nnen vorgelegt werden, falls Sie diese ben\u00f6tigen. Als Anwender k\u00f6nnen Sie sich zu 100% auf die Sicherheit der Tele Radio Produkte verlassen.<\/p>\n","protected":false},"excerpt":{"rendered":"<p>Warum eine Funkfernsteuerung nutzen? Bequem und sicher Funkfernsteuerungen sind eine sichere und komfortable M\u00f6glichkeit zur Steuerung von Maschinen. Einer der gr\u00f6ssten Vorteile einer Funkfernsteuerung ist, dass der Bediener nicht st\u00e4ndig zwischen dem Arbeitsort und der Maschine hin und her laufen muss, um seine Anwendung zu steuern. Dadurch kann sich der Anwender genau an der Stelle [&hellip;]<\/p>\n","protected":false},"author":29,"featured_media":120762,"parent":0,"menu_order":0,"comment_status":"closed","ping_status":"closed","template":"","meta":{"_acf_changed":false,"footnotes":""},"class_list":["post-6333","page","type-page","status-publish","has-post-thumbnail","hentry"],"acf":[],"_links":{"self":[{"href":"https:\/\/www.tele-radio.com\/ch-de\/wp-json\/wp\/v2\/pages\/6333","targetHints":{"allow":["GET"]}}],"collection":[{"href":"https:\/\/www.tele-radio.com\/ch-de\/wp-json\/wp\/v2\/pages"}],"about":[{"href":"https:\/\/www.tele-radio.com\/ch-de\/wp-json\/wp\/v2\/types\/page"}],"author":[{"embeddable":true,"href":"https:\/\/www.tele-radio.com\/ch-de\/wp-json\/wp\/v2\/users\/29"}],"replies":[{"embeddable":true,"href":"https:\/\/www.tele-radio.com\/ch-de\/wp-json\/wp\/v2\/comments?post=6333"}],"version-history":[{"count":9,"href":"https:\/\/www.tele-radio.com\/ch-de\/wp-json\/wp\/v2\/pages\/6333\/revisions"}],"predecessor-version":[{"id":59899,"href":"https:\/\/www.tele-radio.com\/ch-de\/wp-json\/wp\/v2\/pages\/6333\/revisions\/59899"}],"wp:featuredmedia":[{"embeddable":true,"href":"https:\/\/www.tele-radio.com\/ch-de\/wp-json\/wp\/v2\/media\/120762"}],"wp:attachment":[{"href":"https:\/\/www.tele-radio.com\/ch-de\/wp-json\/wp\/v2\/media?parent=6333"}],"curies":[{"name":"wp","href":"https:\/\/api.w.org\/{rel}","templated":true}]}}