{"id":5712,"date":"2018-05-04T14:47:03","date_gmt":"2018-05-04T14:47:03","guid":{"rendered":"https:\/\/www.tele-radio.com\/about-us\/"},"modified":"2021-02-05T14:32:12","modified_gmt":"2021-02-05T14:32:12","slug":"about-us","status":"publish","type":"page","link":"https:\/\/www.tele-radio.com\/ch-de\/about-us\/","title":{"rendered":"Das Unternehmen"},"content":{"rendered":"<h1>Funkfernsteuerungen von Tele Radio mit \u00fcber 60 Jahren Erfahrung<\/h1>\n<h3>Tele Radio entwickelt, produziert und vermarktet seit \u00fcber 60 Jahren Funkfernsteuerungen f\u00fcr den industriellen Einsatz. Das Unternehmen wurde 1955 in Lysekil gegr\u00fcndet und hat sich seither zu einer expansiven Unternehmensgruppe, der Tele Radio Group, entwickelt. Die Hauptverwaltung befindet sich in Askim, vor den Toren von G\u00f6teborg. Neben dieser existieren eine Vielzahl von Tochtergesellschaften in Europa, in Nord- und S\u00fcdamerika, Australien und Asien, sowie weitere Partner und H\u00e4ndler auf der ganzen Welt.<\/h3>\n<h2>\u00a0<\/h2>\n<h2>Tele Radio forscht und entwickelt im eigenen Haus<\/h2>\n<p>Forschung und Entwicklung f\u00fcr alle Produkte erfolgt durch Tele Radio selbst. Mit \u00fcber 60 Jahren Erfahrung haben wir solide Kenntnisse im Bereich Funkfernsteuerungssysteme. Unsere Mission ist es Gesamtl\u00f6sungen, ausgereifte Technologien und Dienste im Bereich Funkfernsteuerungen und Maschinenkommunikation bereitzustellen. Wir erreichen diese Ziele, indem wir all unsere Angestellten zu einem Teil des Herstellungsprozesses machen und sie die Verantwortung f\u00fcr ihren eigenen Arbeitsbereich \u00fcbernehmen lassen. Unser oberstes Ziel ist es, Ihrem Unternehmen mit unseren Produkten einen Mehrwert bieten und Ihnen gleichzeitig \u2013 wenn Sie es ben\u00f6tigen \u2013 einen einwandfreien Support zu gew\u00e4hrleisten.<\/p>\n<blockquote>\n<p><em>\u201cWir nutzen Produkte von Tele Radio wegen dem hervorragenden Kundenservice und Support, da dies f\u00fcr uns und unser Unternehmen sehr wichtig ist.\u201c<\/em><\/p>\n<p><em>-Rune Wab\u00f8, Gesch\u00e4ftsf\u00fchrer von Munck Cranes.<\/em><\/p>\n<\/blockquote>\n<p>Wir verf\u00fcgen \u00fcber eine breite Produktpalette, beginnend bei kleinen Sendern f\u00fcr einfache Anwendungen bis hin zu grossen Joystick-Sendern. Sollte das Standard-Produkt nicht auf Anhieb zu Ihrer Anwendung passen, passen wir dieses an Ihre Bed\u00fcrfnisse an \u2013 und nicht umgekehrt, wie es leider allzu oft der Fall ist. Wir m\u00f6chten Ihnen Produkte an die Hand geben, die Ihre Arbeitsweise und Ihre Arbeitsbedingungen verbessern. Dies beinhaltet auch eine langfristige Kundenbeziehung, die auf Vertrauen basieret und \u00fcber den reinen Verkauf hinausgeht. Wir m\u00f6chten, dass unsere Produkte Ihren Arbeitsalltag bereichern.<\/p>\n<h2>Sicherheitsfunkfernsteuerungen<\/h2>\n<p>Sicherheit ist ein grosses Anliegen f\u00fcr uns. Als schwedisches Unternehmen ist es ein Teil unseres Wesens. Unser Ziel ist sicherzustellen, dass unsere Funkfernsteuerungen den h\u00f6chstm\u00f6glichen Sicherheitsstandards entsprechen und wir verf\u00fcgen \u00fcber die Zertifikate, die diesen Anspruch untermauern.<\/p>\n<p>Wie Sie wahrscheinlich bereits vermuten, sind unsere Funkfernsteuerungen nicht nur sicher, sondern auch robust. Sie k\u00f6nnen St\u00fcrze und hohe Belastungen aushalten. Wir wissen, dass unsere Funkfernsteuerungen herumgeworfen, fallen gelassen und Feuchtigkeit ausgesetzt werden \u2013 und das ist gut so, wir hatten all dies bei der Entwicklung im Hinterkopf. Sie wurden gemacht, um verwendet zu werden.<\/p>\n<blockquote>\n<p>\u201c<em>Funkfernsteuerungen von Tele Radio halten einer hohen mechanischen \u00dcberbeanspruchung stand, ohne kaputt zu gehen. Ebenso ist die Akkulaufzeit beeindruckend.<\/em>\u201d<\/p>\n<p>-Tomasz Fraczek, Leiter Instandhaltung bei Thames Reinforcements Ltd.<\/p>\n<\/blockquote>\n<h2>Wir k\u00fcmmern uns<\/h2>\n<p>Wir sind bestrebt ein Unternehmen zu sein, welches sich um die Umwelt k\u00fcmmert. Wir sind auf der ganzen Welt vertreten und nutzen die Ressourcen um unsere Produkte herzustellen. Die Erhaltung des globalen Klimas und das Wohlergehen unseres Planeten ist uns ein grosses Anliegen und wir nehmen diese Herausforderungen ernst. Tele Radio erf\u00fcllt daher die Standards nach ISO 14001. ISO 14001 fordert, dass wir die Verantwortung f\u00fcr unsere Umwelt \u00fcbernehmen und Umweltverschmutzung vermeiden, sowie unseren Umgang mit der Umwelt Jahr f\u00fcr Jahr verbessern. Durch effizientere Transporte und kurze Transportwege reduzieren wir die CO2-Emission. Ebenfalls beschr\u00e4nken wir die Verwendung sch\u00e4dlicher Chemikalien und Elemente in unseren Produkten, um sowohl unsere Kunden als auch die Umwelt zu sch\u00fctzen.<\/p>\n<p>Ausserdem spenden wir jedes Jahr an den WWF, um den vom Aussterben bedrohten Tiger zu sch\u00fctzen. Da der Tiger in unserem Marketing eine wichtige Rolle spielt und Namensgeber f\u00fcr eines unserer Systeme ist, m\u00f6chten wir nat\u00fcrlich auch zu dessen Schutz beitragen.<\/p>\n<p>\u00a0<\/p>\n\n\n<p><\/p>\n","protected":false},"excerpt":{"rendered":"<p>Funkfernsteuerungen von Tele Radio mit \u00fcber 60 Jahren Erfahrung Tele Radio entwickelt, produziert und vermarktet seit \u00fcber 60 Jahren Funkfernsteuerungen f\u00fcr den industriellen Einsatz. Das Unternehmen wurde 1955 in Lysekil gegr\u00fcndet und hat sich seither zu einer expansiven Unternehmensgruppe, der Tele Radio Group, entwickelt. Die Hauptverwaltung befindet sich in Askim, vor den Toren von G\u00f6teborg. [&hellip;]<\/p>\n","protected":false},"author":1,"featured_media":9003,"parent":0,"menu_order":0,"comment_status":"closed","ping_status":"closed","template":"","meta":{"_acf_changed":false,"footnotes":""},"class_list":["post-5712","page","type-page","status-publish","has-post-thumbnail","hentry"],"acf":[],"_links":{"self":[{"href":"https:\/\/www.tele-radio.com\/ch-de\/wp-json\/wp\/v2\/pages\/5712","targetHints":{"allow":["GET"]}}],"collection":[{"href":"https:\/\/www.tele-radio.com\/ch-de\/wp-json\/wp\/v2\/pages"}],"about":[{"href":"https:\/\/www.tele-radio.com\/ch-de\/wp-json\/wp\/v2\/types\/page"}],"author":[{"embeddable":true,"href":"https:\/\/www.tele-radio.com\/ch-de\/wp-json\/wp\/v2\/users\/1"}],"replies":[{"embeddable":true,"href":"https:\/\/www.tele-radio.com\/ch-de\/wp-json\/wp\/v2\/comments?post=5712"}],"version-history":[{"count":14,"href":"https:\/\/www.tele-radio.com\/ch-de\/wp-json\/wp\/v2\/pages\/5712\/revisions"}],"predecessor-version":[{"id":59897,"href":"https:\/\/www.tele-radio.com\/ch-de\/wp-json\/wp\/v2\/pages\/5712\/revisions\/59897"}],"wp:featuredmedia":[{"embeddable":true,"href":"https:\/\/www.tele-radio.com\/ch-de\/wp-json\/wp\/v2\/media\/9003"}],"wp:attachment":[{"href":"https:\/\/www.tele-radio.com\/ch-de\/wp-json\/wp\/v2\/media?parent=5712"}],"curies":[{"name":"wp","href":"https:\/\/api.w.org\/{rel}","templated":true}]}}