{"id":5598,"date":"2018-05-09T09:41:58","date_gmt":"2018-05-09T09:41:58","guid":{"rendered":"https:\/\/www.tele-radio.com\/downloads\/"},"modified":"2020-01-31T12:35:56","modified_gmt":"2020-01-31T12:35:56","slug":"downloads","status":"publish","type":"page","link":"https:\/\/www.tele-radio.com\/ch-de\/support\/downloads\/","title":{"rendered":"Downloadbereich"},"content":{"rendered":"<h6>Dies ist der Downloadbereich von Tele Radio. Hier k\u00f6nnen Sie Installationsanleitungen, Zertifikate und weitere Unterlagen herunterladen. Einige Dateien sind passwortgesch\u00fctzt. Bitte\u00a0<a href=\"https:\/\/www.tele-radio.com\/contact-us\/\" target=\"_blank\" rel=\"noopener\">kontaktieren<\/a> Sie uns, um ein Passwort zu erhalten.<\/h6>\n<h2>Sie suchen Informationen zu \u00e4lteren Systemen?<\/h2>\n<p>Hier finden Sie ebenfalls Informationen und Dokumente zu bereits abgek\u00fcndigten und \u00e4lteren Produkten. Klicken Sie unten auf das von Ihnen verwendete System und navigieren Sie sich zu den ben\u00f6tigten Dokumenten.<\/p>\n<p>&nbsp;<\/p>\n","protected":false},"excerpt":{"rendered":"<p>Dies ist der Downloadbereich von Tele Radio. Hier k\u00f6nnen Sie Installationsanleitungen, Zertifikate und weitere Unterlagen herunterladen. Einige Dateien sind passwortgesch\u00fctzt. Bitte\u00a0kontaktieren Sie uns, um ein Passwort zu erhalten. Sie suchen Informationen zu \u00e4lteren Systemen? Hier finden Sie ebenfalls Informationen und Dokumente zu bereits abgek\u00fcndigten und \u00e4lteren Produkten. Klicken Sie unten auf das von Ihnen verwendete [&hellip;]<\/p>\n","protected":false},"author":1,"featured_media":10047,"parent":7006,"menu_order":0,"comment_status":"closed","ping_status":"closed","template":"page-templates\/downloads.php","meta":{"_acf_changed":false,"footnotes":""},"class_list":["post-5598","page","type-page","status-publish","has-post-thumbnail","hentry"],"acf":[],"_links":{"self":[{"href":"https:\/\/www.tele-radio.com\/ch-de\/wp-json\/wp\/v2\/pages\/5598","targetHints":{"allow":["GET"]}}],"collection":[{"href":"https:\/\/www.tele-radio.com\/ch-de\/wp-json\/wp\/v2\/pages"}],"about":[{"href":"https:\/\/www.tele-radio.com\/ch-de\/wp-json\/wp\/v2\/types\/page"}],"author":[{"embeddable":true,"href":"https:\/\/www.tele-radio.com\/ch-de\/wp-json\/wp\/v2\/users\/1"}],"replies":[{"embeddable":true,"href":"https:\/\/www.tele-radio.com\/ch-de\/wp-json\/wp\/v2\/comments?post=5598"}],"version-history":[{"count":6,"href":"https:\/\/www.tele-radio.com\/ch-de\/wp-json\/wp\/v2\/pages\/5598\/revisions"}],"predecessor-version":[{"id":31929,"href":"https:\/\/www.tele-radio.com\/ch-de\/wp-json\/wp\/v2\/pages\/5598\/revisions\/31929"}],"up":[{"embeddable":true,"href":"https:\/\/www.tele-radio.com\/ch-de\/wp-json\/wp\/v2\/pages\/7006"}],"wp:featuredmedia":[{"embeddable":true,"href":"https:\/\/www.tele-radio.com\/ch-de\/wp-json\/wp\/v2\/media\/10047"}],"wp:attachment":[{"href":"https:\/\/www.tele-radio.com\/ch-de\/wp-json\/wp\/v2\/media?parent=5598"}],"curies":[{"name":"wp","href":"https:\/\/api.w.org\/{rel}","templated":true}]}}