{"id":34508,"date":"2020-03-13T13:34:17","date_gmt":"2020-03-13T13:34:17","guid":{"rendered":"https:\/\/www.tele-radio.com\/industrial-remote-control-increases-safety-on-skipyard\/"},"modified":"2021-02-05T15:37:27","modified_gmt":"2021-02-05T15:37:27","slug":"industrial-remote-control-increases-safety-on-skipyard","status":"publish","type":"page","link":"https:\/\/www.tele-radio.com\/ch-de\/industrial-remote-control-increases-safety-on-skipyard\/","title":{"rendered":"Industrielle Funkfernsteuerung erh\u00f6ht Sicherheit auf Schiffswerften"},"content":{"rendered":"<p><em>Seyiton, eine Entwicklung der Firma Yektamak Makina, ist ein Transportsystem, das Stahlplatten auf Abruf in einer Werft bef\u00f6rdert. Dieses Transportsystem kann bis zu 40 Tonnen tragen, wird elektrisch angetrieben und drahtlos von einem <a href=\"https:\/\/www.tele-radio.com\/ch-de\/products\/tiger\/\"><u>Tele Radio TIGER<\/u><\/a>&nbsp;gesteuert.<\/em><\/p>\n<p>Seyiton arbeitet \u00fcber eine CANopen-Kommunikation mit einem <a href=\"https:\/\/www.tele-radio.com\/ch-de\/products\/tiger\/\"><u>Tele Radio Tiger <\/u><\/a>System. Die problemlose Integration bietet dem Hersteller Yektamak gro\u00dfen Komfort. Jedes der drei Transportsysteme verf\u00fcgt \u00fcber eine eigene drahtlose Steuerung, von denen eine als Hauptsteuerung (Master) eingestellt ist. Diese kann alle Maschinen gleichzeitig oder separat steuern. Der Benutzer kann \u00fcber das Display des Mastersenders sehen, welche Maschine gerade gesteuert wird. Das Seyiton-Transportsystem bietet mehr Sicherheit durch die drahtlose Fernsteuerung, ben\u00f6tigt weniger Personal und wird in k\u00fcrzerer Zeit ausgef\u00fchrt.<\/p>\n<p><u><strong>Yektamak Makina<\/strong><br \/>\n<\/u>YEKTAMAK Machine and Engineering wurde 2013 gegr\u00fcndet. Die Firma entwirft und entwickelt massgeschneiderte Maschinen und Produktionsprozesse f\u00fcr verschiedene Industriezweige, insbesondere f\u00fcr die Automobil-Industrie. YEKTAMAK bietet den kompletten Entwicklungsprozess an. Dieser reicht von der Ermittlung der Kundenanforderungen, \u00fcber die Konstruktion, die Lebenszyklusberechnung, Computersimulationen und Produktion bis hin zur Qualit\u00e4tskontrolle. Der gesamte Prozess entspricht den h\u00f6chsten Qualit\u00e4tsstandards<\/p>\n<p><u><strong>Tele Radio Systeme<\/strong><br \/>\n<\/u><a href=\"https:\/\/www.tele-radio.com\/ch-de\/products\/tiger\/\"><u>TIGER<\/u><\/a> ist ein SIL3- und PLe-zertifiziertes, robustes Funksteuerungssystem, das sich f\u00fcr Standard- und komplexe Hebe- und Nichthebeanwendungen in rauen Umgebungen eignet. Neben dem Tiger-System verf\u00fcgen wir \u00fcber das marktweit gr\u00f6\u00dfte Angebot an industriellen Funkfernsteuerungen. Wir sind ein l\u00f6sungsorientiertes Unternehmen, das stets bestrebt ist, Ihnen die besten Produkte und einen ausgezeichneten Support zu bieten.<\/p>\n<p>Sind Sie auf der Suche nach einer drahtlosen L\u00f6sung, welche auf Ihre speziellen Bed\u00fcrfnisse zugeschnitten ist? Haben Sie allgemeine Fragen oder w\u00fcnschen Sie eine Beratung? Nehmen Sie einfach Kontakt mit uns auf, wir sind gerne f\u00fcr Sie da.<\/p>\n<div style=\"width: 1920px;\" class=\"wp-video\"><!--[if lt IE 9]><script>document.createElement('video');<\/script><![endif]-->\n<video class=\"wp-video-shortcode\" id=\"video-34508-1\" width=\"1920\" height=\"1080\" preload=\"metadata\" controls=\"controls\"><source type=\"video\/mp4\" src=\"https:\/\/www.tele-radio.com\/app\/uploads\/TRTUR_SEYITON_PROJECT_FINAL1.mp4?_=1\" \/><a href=\"https:\/\/www.tele-radio.com\/app\/uploads\/TRTUR_SEYITON_PROJECT_FINAL1.mp4\">https:\/\/www.tele-radio.com\/app\/uploads\/TRTUR_SEYITON_PROJECT_FINAL1.mp4<\/a><\/video><\/div>\n","protected":false},"excerpt":{"rendered":"<p>Seyiton, eine Entwicklung der Firma Yektamak Makina, ist ein Transportsystem, das Stahlplatten auf Abruf in einer Werft bef\u00f6rdert. Dieses Transportsystem kann bis zu 40 Tonnen tragen, wird elektrisch angetrieben und drahtlos von einem Tele Radio TIGER&nbsp;gesteuert. Seyiton arbeitet \u00fcber eine CANopen-Kommunikation mit einem Tele Radio Tiger System. Die problemlose Integration bietet dem Hersteller Yektamak gro\u00dfen [&hellip;]<\/p>\n","protected":false},"author":29,"featured_media":34680,"parent":0,"menu_order":0,"comment_status":"closed","ping_status":"closed","template":"","meta":{"_acf_changed":false,"footnotes":""},"class_list":["post-34508","page","type-page","status-publish","has-post-thumbnail","hentry"],"acf":[],"_links":{"self":[{"href":"https:\/\/www.tele-radio.com\/ch-de\/wp-json\/wp\/v2\/pages\/34508","targetHints":{"allow":["GET"]}}],"collection":[{"href":"https:\/\/www.tele-radio.com\/ch-de\/wp-json\/wp\/v2\/pages"}],"about":[{"href":"https:\/\/www.tele-radio.com\/ch-de\/wp-json\/wp\/v2\/types\/page"}],"author":[{"embeddable":true,"href":"https:\/\/www.tele-radio.com\/ch-de\/wp-json\/wp\/v2\/users\/29"}],"replies":[{"embeddable":true,"href":"https:\/\/www.tele-radio.com\/ch-de\/wp-json\/wp\/v2\/comments?post=34508"}],"version-history":[{"count":12,"href":"https:\/\/www.tele-radio.com\/ch-de\/wp-json\/wp\/v2\/pages\/34508\/revisions"}],"predecessor-version":[{"id":59911,"href":"https:\/\/www.tele-radio.com\/ch-de\/wp-json\/wp\/v2\/pages\/34508\/revisions\/59911"}],"wp:featuredmedia":[{"embeddable":true,"href":"https:\/\/www.tele-radio.com\/ch-de\/wp-json\/wp\/v2\/media\/34680"}],"wp:attachment":[{"href":"https:\/\/www.tele-radio.com\/ch-de\/wp-json\/wp\/v2\/media?parent=34508"}],"curies":[{"name":"wp","href":"https:\/\/api.w.org\/{rel}","templated":true}]}}