{"id":33270,"date":"2020-02-07T12:29:38","date_gmt":"2020-02-07T12:29:38","guid":{"rendered":"https:\/\/www.tele-radio.com\/customer-case-volvo\/"},"modified":"2023-02-24T17:24:34","modified_gmt":"2023-02-24T17:24:34","slug":"reus-fleming","status":"publish","type":"page","link":"https:\/\/www.tele-radio.com\/ch-de\/reus-fleming\/","title":{"rendered":"Reus Fleming, S.A. &#8211; Funkfernsteuerung f\u00fcr Volvo Trucks"},"content":{"rendered":"<h1 style=\"text-align: left;\">Volvo Trucks &#8211; Reus Fleming<\/h1>\n<p><em>Reus Fleming, S.A. ist der offizielle Volvo-Vertragsh\u00e4ndler f\u00fcr die spanischen Provinzen Tarragona, Lleida, Huesca und Teruel. Die Kundenbeziehung ist die Grundlage ihres Gesch\u00e4fts. Deshalb passen sie sich den Bed\u00fcrfnissen ihrer Kunden an und gehen \u00fcber die Standards hinaus. Ihr Ziel ist es, immer die beste Unterst\u00fctzung zu bieten, unabh\u00e4ngig von der Komplexit\u00e4t der technologischen Herausforderungen.<\/em><\/p>\n<p><img loading=\"lazy\" decoding=\"async\" class=\"wp-image-32135 alignright\" style=\"box-shadow: 0 4px 8px 0 rgba(0, 0, 0, 0.2), 0 6px 20px 0 rgba(0, 0, 0, 0.19); margin-left: 70px;\" src=\"https:\/\/www.tele-radio.com\/app\/uploads\/colaboracion-remoto-control-volvo-tele-radio.jpg\" alt=\"\" width=\"236\" height=\"279\" srcset=\"https:\/\/www.tele-radio.com\/app\/uploads\/colaboracion-remoto-control-volvo-tele-radio.jpg 507w, https:\/\/www.tele-radio.com\/app\/uploads\/colaboracion-remoto-control-volvo-tele-radio-338x400.jpg 338w, https:\/\/www.tele-radio.com\/app\/uploads\/colaboracion-remoto-control-volvo-tele-radio-423x500.jpg 423w\" sizes=\"auto, (max-width: 236px) 100vw, 236px\" \/><\/p>\n<h2 style=\"text-align: left;\">Ein Meilenstein auf dem iberischen Markt<\/h2>\n<p>Dank der engen Zusammenarbeit mit Tele Radio konnte <strong>Volvo Reus Fleming<\/strong> die innovative <em>Volvo-Dynamiklenkung<\/em> zum ersten Mal in Spanien erfolgreich einsetzen. Darunter die <em>EXSTER<\/em>-Variante, mit der ein Volvo-LKW, mittels <strong>Tele Radio-Fernbedienung<\/strong>, drahtlose von aussen gesteuert werden kann.<\/p>\n<p>Die L\u00f6sung wurde mit Blick auf die Sicherheit implementiert. Volvo und Tele Radio, beide mit Sitz in Schweden, konzentrieren sich darauf, die Anwendung f\u00fcr den Benutzer so sicher wie m\u00f6glich zu machen.<\/p>\n<p><img loading=\"lazy\" decoding=\"async\" class=\"alignleft wp-image-32229\" style=\"box-shadow: 0 4px 8px 0 rgba(0, 0, 0, 0.2), 0 6px 20px 0 rgba(0, 0, 0, 0.19); margin-right: 70px;\" src=\"https:\/\/www.tele-radio.com\/app\/uploads\/remote-for-volvo-truck-tele-radio-sm-2.jpg\" alt=\"\" width=\"496\" height=\"315\" srcset=\"https:\/\/www.tele-radio.com\/app\/uploads\/remote-for-volvo-truck-tele-radio-sm-2.jpg 500w, https:\/\/www.tele-radio.com\/app\/uploads\/remote-for-volvo-truck-tele-radio-sm-2-400x254.jpg 400w\" sizes=\"auto, (max-width: 496px) 100vw, 496px\" \/><\/p>\n<h2 style=\"text-align: left;\">Anwendung<\/h2>\n<p>Im konkreten Fall wurde sie auf einen LKW des Typs Volvo FH 500 8\u00d72 mit einem Cuba Segre-Karosserieaufbau installiert und ist f\u00fcr die Be- und Entladung von Viehfutter und dessen Transport zu verschiedenen Betrieben vorgesehen.<\/p>\n<p>Sie bietet dem Benutzer mehr Sicherheit. Da sich der LKW auch von aussen steuern l\u00e4sst, vergr\u00f6ssert sich das Sichtfeld. Ausserdem verbessert sich die Ergonomie, da der Fahrer nicht st\u00e4ndig ein- und aussteigen muss. Diese Effizienz f\u00fchrt zu einer wesentlichen Verbesserung der Produktivit\u00e4t und einer deutlichen Verringerung der Erm\u00fcdung.<\/p>\n<p>F\u00fcr weitere Informationen&nbsp;<a href=\"https:\/\/www.tele-radio.com\/ch-de\/contact-us\/\">kontaktieren<\/a>&nbsp;Sie uns bitte.<\/p>\n<h2 style=\"text-align: left;\">Videos und Bilder<\/h2>\n<div style=\"width: 1280px;\" class=\"wp-video\"><!--[if lt IE 9]><script>document.createElement('video');<\/script><![endif]-->\n<video class=\"wp-video-shortcode\" id=\"video-33270-1\" width=\"1280\" height=\"720\" preload=\"metadata\" controls=\"controls\"><source type=\"video\/mp4\" src=\"https:\/\/www.tele-radio.com\/app\/uploads\/CUBAS-SEGRE-ESTABILIZADO-Y-LOGO-1.mp4?_=1\" \/><a href=\"https:\/\/www.tele-radio.com\/app\/uploads\/CUBAS-SEGRE-ESTABILIZADO-Y-LOGO-1.mp4\">https:\/\/www.tele-radio.com\/app\/uploads\/CUBAS-SEGRE-ESTABILIZADO-Y-LOGO-1.mp4<\/a><\/video><\/div>\n<p><a href=\"https:\/\/www.tele-radio.com\/ch-de\/volvo-trucks-remote-control-segre-1-2\/\" rel=\"attachment wp-att-32862\"><img loading=\"lazy\" decoding=\"async\" class=\"alignleft wp-image-32862 size-large\" src=\"https:\/\/www.tele-radio.com\/app\/uploads\/\/volvo-trucks-remote-control-segre-1-1200x675.jpg\" alt=\"\" width=\"1200\" height=\"675\" srcset=\"https:\/\/www.tele-radio.com\/app\/uploads\/volvo-trucks-remote-control-segre-1.jpg 1200w, https:\/\/www.tele-radio.com\/app\/uploads\/volvo-trucks-remote-control-segre-1-400x225.jpg 400w, https:\/\/www.tele-radio.com\/app\/uploads\/volvo-trucks-remote-control-segre-1-768x432.jpg 768w, https:\/\/www.tele-radio.com\/app\/uploads\/volvo-trucks-remote-control-segre-1-750x422.jpg 750w, https:\/\/www.tele-radio.com\/app\/uploads\/volvo-trucks-remote-control-segre-1-500x281.jpg 500w, https:\/\/www.tele-radio.com\/app\/uploads\/volvo-trucks-remote-control-segre-1-800x450.jpg 800w\" sizes=\"auto, (max-width: 1200px) 100vw, 1200px\" \/><\/a><\/p>\n<p><a href=\"https:\/\/www.tele-radio.com\/ch-de\/volvo-trucks-remote-control-segre-2-2\/\" rel=\"attachment wp-att-32882\"><img loading=\"lazy\" decoding=\"async\" class=\"alignleft wp-image-32882 size-full\" src=\"https:\/\/www.tele-radio.com\/app\/uploads\/volvo-trucks-remote-control-segre-2.jpg\" alt=\"\" width=\"1200\" height=\"728\" srcset=\"https:\/\/www.tele-radio.com\/app\/uploads\/volvo-trucks-remote-control-segre-2.jpg 1200w, https:\/\/www.tele-radio.com\/app\/uploads\/volvo-trucks-remote-control-segre-2-400x243.jpg 400w, https:\/\/www.tele-radio.com\/app\/uploads\/volvo-trucks-remote-control-segre-2-768x466.jpg 768w, https:\/\/www.tele-radio.com\/app\/uploads\/volvo-trucks-remote-control-segre-2-750x455.jpg 750w, https:\/\/www.tele-radio.com\/app\/uploads\/volvo-trucks-remote-control-segre-2-500x303.jpg 500w, https:\/\/www.tele-radio.com\/app\/uploads\/volvo-trucks-remote-control-segre-2-800x485.jpg 800w\" sizes=\"auto, (max-width: 1200px) 100vw, 1200px\" \/><\/a><\/p>\n","protected":false},"excerpt":{"rendered":"<p>Volvo Trucks &#8211; Reus Fleming Reus Fleming, S.A. ist der offizielle Volvo-Vertragsh\u00e4ndler f\u00fcr die spanischen Provinzen Tarragona, Lleida, Huesca und Teruel. Die Kundenbeziehung ist die Grundlage ihres Gesch\u00e4fts. Deshalb passen sie sich den Bed\u00fcrfnissen ihrer Kunden an und gehen \u00fcber die Standards hinaus. Ihr Ziel ist es, immer die beste Unterst\u00fctzung zu bieten, unabh\u00e4ngig von [&hellip;]<\/p>\n","protected":false},"author":54,"featured_media":32844,"parent":0,"menu_order":0,"comment_status":"closed","ping_status":"closed","template":"","meta":{"_acf_changed":false,"footnotes":""},"class_list":["post-33270","page","type-page","status-publish","has-post-thumbnail","hentry"],"acf":[],"_links":{"self":[{"href":"https:\/\/www.tele-radio.com\/ch-de\/wp-json\/wp\/v2\/pages\/33270","targetHints":{"allow":["GET"]}}],"collection":[{"href":"https:\/\/www.tele-radio.com\/ch-de\/wp-json\/wp\/v2\/pages"}],"about":[{"href":"https:\/\/www.tele-radio.com\/ch-de\/wp-json\/wp\/v2\/types\/page"}],"author":[{"embeddable":true,"href":"https:\/\/www.tele-radio.com\/ch-de\/wp-json\/wp\/v2\/users\/54"}],"replies":[{"embeddable":true,"href":"https:\/\/www.tele-radio.com\/ch-de\/wp-json\/wp\/v2\/comments?post=33270"}],"version-history":[{"count":20,"href":"https:\/\/www.tele-radio.com\/ch-de\/wp-json\/wp\/v2\/pages\/33270\/revisions"}],"predecessor-version":[{"id":144836,"href":"https:\/\/www.tele-radio.com\/ch-de\/wp-json\/wp\/v2\/pages\/33270\/revisions\/144836"}],"wp:featuredmedia":[{"embeddable":true,"href":"https:\/\/www.tele-radio.com\/ch-de\/wp-json\/wp\/v2\/media\/32844"}],"wp:attachment":[{"href":"https:\/\/www.tele-radio.com\/ch-de\/wp-json\/wp\/v2\/media?parent=33270"}],"curies":[{"name":"wp","href":"https:\/\/api.w.org\/{rel}","templated":true}]}}