{"id":162815,"date":"2023-09-13T14:14:00","date_gmt":"2023-09-13T14:14:00","guid":{"rendered":"https:\/\/www.tele-radio.com\/?page_id=162815"},"modified":"2023-09-13T14:52:52","modified_gmt":"2023-09-13T14:52:52","slug":"impressum","status":"publish","type":"page","link":"https:\/\/www.tele-radio.com\/ch-de\/impressum\/","title":{"rendered":"Impressum"},"content":{"rendered":"\n<h2 class=\"wp-block-heading\">Impressum Tele Radio Schweiz GmbH<\/h2>\n\n\n\n<p>Tele Radio Schweiz GmbH<br>Industriestrasse 11<br>6343 Rotkreuz<br>Schweiz<\/p>\n\n\n\n<p>Telefon: +41 (0)41 711 25 25<br>E-Mail: schweiz@tele-radio.com<\/p>\n\n\n\n<p>Gesamtverantwortung: Susanne K\u00fcng (Gesch\u00e4ftsf\u00fchrerin)<\/p>\n\n\n\n<p>Firmensitz: CH-6343 Rotkreuz<br>Firmennummer \/ UID-Nr.: CHE-392.908.742<br>Mehrwertsteuernummer: CHE-392.908.742 MWST<\/p>\n\n\n\n<p><\/p>\n\n\n\n<p><strong>Haftungsausschluss<\/strong><br>Tele Radio Schweiz GmbH \u00fcbernimmt keinerlei Gew\u00e4hr hinsichtlich der inhaltlichen Richtigkeit, Genauigkeit, Aktualit\u00e4t, Zuverl\u00e4ssigkeit und Vollst\u00e4ndigkeit der Informationen. Tele Radio Schweiz GmbH schliesst jegliche Haftung (einschliesslich Fahrl\u00e4ssigkeit) aus,\u00a0die aus dem Zugriff oder der Nutzung bzw. Nichtnutzung der ver\u00f6ffentlichten Informationen, durch technische St\u00f6rungen oder Missbrauch der Verbindung entstanden sind. Tele Radio Schweiz GmbH beh\u00e4lt es sich ausdr\u00fccklich vor, Teile der Seiten oder das gesamte Angebot ohne gesonderte Ank\u00fcndigung zu ver\u00e4ndern, zu erg\u00e4nzen, zu l\u00f6schen oder die Ver\u00f6ffentlichung zeitweise oder endg\u00fcltig einzustellen.<br><\/p>\n\n\n\n<p><strong>Haftung f\u00fcr Links<\/strong><br>Verweise und Links auf Webseiten Dritter liegen ausserhalb unseres Verantwortungsbereichs. Es wird jegliche Verantwortung f\u00fcr solche Webseiten abgelehnt. Der Zugriff und die Nutzung solcher Webseiten erfolgen auf eigene Gefahr des Nutzers oder der Nutzerin.<br><\/p>\n\n\n\n<p><strong>Urheberrechte<\/strong><br>Tele Radio AB ist Eigent\u00fcmer und Betreiber dieses Portals und die Tele Radio Schweiz GmbH ist Betreiber der Unterseite <strong>www.tele-radio.ch<\/strong>. Die Urheber- und alle anderen Rechte an Inhalten, Bildern, Fotos oder anderen Dateien auf der Website geh\u00f6ren Tele Radio AB, Tele Radio Schweiz GmbH oder einem Vertragspartner. Durch das Aufrufen, Herunterladen oder Kopieren von Seiten werden keinerlei Rechte (Nutzungs-, Immaterialg\u00fcterrechte etc.) erworben. Das Benutzen jeglicher Elemente oder das vollst\u00e4ndige oder teilweise Reproduzieren, \u00dcbermitteln oder Verkn\u00fcpfen des Portals f\u00fcr \u00f6ffentliche oder kommerzielle Zwecke aller Art bedarf der vorhergehenden schriftlichen Zustimmung von Tele Radio AB bzw. der Tele Radio Schweiz GmbH.<\/p>\n","protected":false},"excerpt":{"rendered":"<p>Impressum Tele Radio Schweiz GmbH Tele Radio Schweiz GmbHIndustriestrasse 116343 RotkreuzSchweiz Telefon: +41 (0)41 711 25 25E-Mail: schweiz@tele-radio.com Gesamtverantwortung: Susanne K\u00fcng (Gesch\u00e4ftsf\u00fchrerin) Firmensitz: CH-6343 RotkreuzFirmennummer \/ UID-Nr.: CHE-392.908.742Mehrwertsteuernummer: CHE-392.908.742 MWST HaftungsausschlussTele Radio Schweiz GmbH \u00fcbernimmt keinerlei Gew\u00e4hr hinsichtlich der inhaltlichen Richtigkeit, Genauigkeit, Aktualit\u00e4t, Zuverl\u00e4ssigkeit und Vollst\u00e4ndigkeit der Informationen. Tele Radio Schweiz GmbH schliesst jegliche Haftung [&hellip;]<\/p>\n","protected":false},"author":23,"featured_media":0,"parent":0,"menu_order":0,"comment_status":"closed","ping_status":"closed","template":"","meta":{"_acf_changed":false,"footnotes":""},"class_list":["post-162815","page","type-page","status-publish","hentry"],"acf":[],"_links":{"self":[{"href":"https:\/\/www.tele-radio.com\/ch-de\/wp-json\/wp\/v2\/pages\/162815","targetHints":{"allow":["GET"]}}],"collection":[{"href":"https:\/\/www.tele-radio.com\/ch-de\/wp-json\/wp\/v2\/pages"}],"about":[{"href":"https:\/\/www.tele-radio.com\/ch-de\/wp-json\/wp\/v2\/types\/page"}],"author":[{"embeddable":true,"href":"https:\/\/www.tele-radio.com\/ch-de\/wp-json\/wp\/v2\/users\/23"}],"replies":[{"embeddable":true,"href":"https:\/\/www.tele-radio.com\/ch-de\/wp-json\/wp\/v2\/comments?post=162815"}],"version-history":[{"count":3,"href":"https:\/\/www.tele-radio.com\/ch-de\/wp-json\/wp\/v2\/pages\/162815\/revisions"}],"predecessor-version":[{"id":162825,"href":"https:\/\/www.tele-radio.com\/ch-de\/wp-json\/wp\/v2\/pages\/162815\/revisions\/162825"}],"wp:attachment":[{"href":"https:\/\/www.tele-radio.com\/ch-de\/wp-json\/wp\/v2\/media?parent=162815"}],"curies":[{"name":"wp","href":"https:\/\/api.w.org\/{rel}","templated":true}]}}