{"id":153970,"date":"2021-12-20T16:38:05","date_gmt":"2021-12-20T16:38:05","guid":{"rendered":"https:\/\/www.tele-radio.com\/caso-exito-frumecar-volvo-trucks\/"},"modified":"2023-05-05T10:32:58","modified_gmt":"2023-05-05T10:32:58","slug":"caso-exito-frumecar-volvo-trucks","status":"publish","type":"page","link":"https:\/\/www.tele-radio.com\/ch-de\/caso-exito-frumecar-volvo-trucks\/","title":{"rendered":"Caso de \u00e9xito con Frumecar y Volvo Trucks"},"content":{"rendered":"\n<div style=\"height:10px\" aria-hidden=\"true\" class=\"wp-block-spacer\"><\/div>\n\n\n\n<p><strong>Frumecar <\/strong>es un fabricante espa\u00f1ol de plantas de hormig\u00f3n y hormigoneras. Se trata de uno de los principales fabricantes espa\u00f1oles, con m\u00e1s de 11.000 hormigoneras en circulaci\u00f3n, y es un referente en innovaci\u00f3n en el sector del hormig\u00f3n. Se consigue un caso de \u00e9xito desde Tele Radio y Frumecar en Noviembre de 2021.<\/p>\n\n\n\n<p>Durante 2021 surgi\u00f3 una propuesta de <strong>colaboraci\u00f3n entre Volvo Trucks, Frumecar y Tele Radio<\/strong> para poder controlar mediante control remoto un cami\u00f3n hormigonera.<\/p>\n\n\n\n<p>En Julio de 2022 Volvo Trucks Espa\u00f1a lo publica en sus redes sociales haci\u00e9ndose oficial esta colaboraci\u00f3n para ser pioneros en el control remoto de un cami\u00f3n hormigonera en Espa\u00f1a.<\/p>\n\n\n\n<h2 class=\"wp-block-heading\">Pioneros en el mercado ib\u00e9rico<\/h2>\n\n\n\n<p>Se trata del <strong>primer cami\u00f3n hormigonera fabricado en Espa\u00f1a que puede ser controlado de forma inal\u00e1mbrica<\/strong>.<\/p>\n\n\n\n<p>El cami\u00f3n utilizado fue un Volvo FM 420HP 84 RIGID TRIDEM. La carrocer\u00eda fue aportada por Frumecar. En cuanto al sistema de control remoto, se trata de un <a href=\"https:\/\/www.tele-radio.com\/es\/teq-control-remoto-para-camiones\/\">sistema TEQ personalizado<\/a>.<\/p>\n\n\n\n<p>Gracias a la estrecha colaboraci\u00f3n entre las tres empresas (Volvo Trucks, Frumecar y Tele Radio), el proyecto ha sido un \u00e9xito y el cami\u00f3n se exhibi\u00f3 en un espacio abierto durante la celebraci\u00f3n de SMOPYC 2021, en Noviembre.<\/p>\n\n\n\n<p>En Julio de 2022 se realiza otra demostraci\u00f3n comparti\u00e9ndose en redes sociales el \u00e9xito logrado con este avance sin precedentes en Espa\u00f1a en el campo de las soluciones inal\u00e1mbricas.<\/p>\n\n\n\n<p><\/p>\n\n\n\n<div class=\"wp-block-media-text alignwide is-stacked-on-mobile has-background\" style=\"background-color:#f4f4f4\"><figure class=\"wp-block-media-text__media\"><img loading=\"lazy\" decoding=\"async\" width=\"1200\" height=\"698\" src=\"https:\/\/www.tele-radio.com\/app\/uploads\/\/image-4-01-1200x698.png\" alt=\"\" class=\"wp-image-110783 size-full\" srcset=\"https:\/\/www.tele-radio.com\/app\/uploads\/image-4-01-1200x698.png 1200w, https:\/\/www.tele-radio.com\/app\/uploads\/image-4-01-400x233.png 400w, https:\/\/www.tele-radio.com\/app\/uploads\/image-4-01-768x447.png 768w, https:\/\/www.tele-radio.com\/app\/uploads\/image-4-01-1536x893.png 1536w, https:\/\/www.tele-radio.com\/app\/uploads\/image-4-01-750x436.png 750w, https:\/\/www.tele-radio.com\/app\/uploads\/image-4-01-500x291.png 500w, https:\/\/www.tele-radio.com\/app\/uploads\/image-4-01-1600x930.png 1600w, https:\/\/www.tele-radio.com\/app\/uploads\/image-4-01-800x465.png 800w, https:\/\/www.tele-radio.com\/app\/uploads\/image-4-01.png 1744w\" sizes=\"auto, (max-width: 1200px) 100vw, 1200px\" \/><\/figure><div class=\"wp-block-media-text__content\">\n<p class=\"has-medium-font-size\">Como puede apreciarse en la imagen, el movimiento del cami\u00f3n no es lo \u00fanico que puede controlarse, tambi\u00e9n sus luces, giro del volante, velocidad y sentido de giro del tambor, mover, extender y recoger la canaleta, etc.<\/p>\n<\/div><\/div>\n\n\n\n<div style=\"height:60px\" aria-hidden=\"true\" class=\"wp-block-spacer\"><\/div>\n\n\n\n<h2 class=\"wp-block-heading has-text-align-center\">V\u00eddeo demostrativo del sistema de control remoto para camiones de Tele Radio<\/h2>\n\n\n\n<figure class=\"wp-block-video\"><video controls poster=\"https:\/\/www.tele-radio.com\/app\/uploads\/preview-video-volvo-frumecar-tr.jpg\" src=\"https:\/\/www.tele-radio.com\/app\/uploads\/VIDEO-HORMIGONERA-REMOTO-V4.subtitulado.mp4\"><\/video><\/figure>\n\n\n\n<div style=\"height:60px\" aria-hidden=\"true\" class=\"wp-block-spacer\"><\/div>\n","protected":false},"excerpt":{"rendered":"<p>Frumecar es un fabricante espa\u00f1ol de plantas de hormig\u00f3n y hormigoneras. Se trata de uno de los principales fabricantes espa\u00f1oles, con m\u00e1s de 11.000 hormigoneras en circulaci\u00f3n, y es un referente en innovaci\u00f3n en el sector del hormig\u00f3n. Se consigue un caso de \u00e9xito desde Tele Radio y Frumecar en Noviembre de 2021. Durante 2021 [&hellip;]<\/p>\n","protected":false},"author":54,"featured_media":0,"parent":0,"menu_order":0,"comment_status":"closed","ping_status":"closed","template":"","meta":{"_acf_changed":false,"footnotes":""},"class_list":["post-153970","page","type-page","status-publish","hentry"],"acf":[],"_links":{"self":[{"href":"https:\/\/www.tele-radio.com\/ch-de\/wp-json\/wp\/v2\/pages\/153970","targetHints":{"allow":["GET"]}}],"collection":[{"href":"https:\/\/www.tele-radio.com\/ch-de\/wp-json\/wp\/v2\/pages"}],"about":[{"href":"https:\/\/www.tele-radio.com\/ch-de\/wp-json\/wp\/v2\/types\/page"}],"author":[{"embeddable":true,"href":"https:\/\/www.tele-radio.com\/ch-de\/wp-json\/wp\/v2\/users\/54"}],"replies":[{"embeddable":true,"href":"https:\/\/www.tele-radio.com\/ch-de\/wp-json\/wp\/v2\/comments?post=153970"}],"version-history":[{"count":2,"href":"https:\/\/www.tele-radio.com\/ch-de\/wp-json\/wp\/v2\/pages\/153970\/revisions"}],"predecessor-version":[{"id":153974,"href":"https:\/\/www.tele-radio.com\/ch-de\/wp-json\/wp\/v2\/pages\/153970\/revisions\/153974"}],"wp:attachment":[{"href":"https:\/\/www.tele-radio.com\/ch-de\/wp-json\/wp\/v2\/media?parent=153970"}],"curies":[{"name":"wp","href":"https:\/\/api.w.org\/{rel}","templated":true}]}}