{"id":152698,"date":"2022-06-30T13:50:49","date_gmt":"2022-06-30T13:50:49","guid":{"rendered":"https:\/\/www.tele-radio.com\/suprateq\/"},"modified":"2025-06-26T12:36:47","modified_gmt":"2025-06-26T12:36:47","slug":"suprateq","status":"publish","type":"page","link":"https:\/\/www.tele-radio.com\/ch-de\/suprateq\/","title":{"rendered":"SUPRATEQ"},"content":{"rendered":"\n<div style=\"height:15px\" aria-hidden=\"true\" class=\"wp-block-spacer\"><\/div>\n\n\n<div class=\"wp-block-image is-style-rounded\">\n<figure class=\"alignright size-large is-resized\"><img loading=\"lazy\" decoding=\"async\" width=\"1200\" height=\"1200\" src=\"https:\/\/www.tele-radio.com\/app\/uploads\/\/SupraTEQ_Collage_v2-1200x1200.png\" alt=\"\" class=\"wp-image-106741\" style=\"width:422px;height:422px\" srcset=\"https:\/\/www.tele-radio.com\/app\/uploads\/SupraTEQ_Collage_v2.png 1200w, https:\/\/www.tele-radio.com\/app\/uploads\/SupraTEQ_Collage_v2-400x400.png 400w, https:\/\/www.tele-radio.com\/app\/uploads\/SupraTEQ_Collage_v2-150x150.png 150w, https:\/\/www.tele-radio.com\/app\/uploads\/SupraTEQ_Collage_v2-768x768.png 768w, https:\/\/www.tele-radio.com\/app\/uploads\/SupraTEQ_Collage_v2-250x250.png 250w, https:\/\/www.tele-radio.com\/app\/uploads\/SupraTEQ_Collage_v2-750x750.png 750w, https:\/\/www.tele-radio.com\/app\/uploads\/SupraTEQ_Collage_v2-500x500.png 500w, https:\/\/www.tele-radio.com\/app\/uploads\/SupraTEQ_Collage_v2-800x800.png 800w\" sizes=\"auto, (max-width: 1200px) 100vw, 1200px\" \/><\/figure><\/div>\n\n\n<h1 class=\"wp-block-heading has-text-align-left has-huge-font-size\"><strong>SUPRATEQ<\/strong><\/h1>\n\n\n\n<h2 class=\"wp-block-heading\" style=\"font-size:30px\"><strong>Neuer Name, gleiche Funktionalit\u00e4t<\/strong><\/h2>\n\n\n\n<p style=\"font-size:30px\">Tele Radio f\u00fchrt neue, klar strukturierte Produktnamen f\u00fcr die bew\u00e4hrten Puma Sender ein. Was sich \u00e4ndert, ist lediglich der Name &#8211; Funktionen und Technik bleiben unver\u00e4ndert.<\/p>\n\n\n\n<h2 class=\"wp-block-heading\" style=\"font-size:30px\"><strong>Unser erstklassiger Bauchsender in voller Gr\u00f6sse<\/strong><\/h2>\n\n\n\n<p style=\"font-size:30px\">Unser modernster Allrounder mit einem ergonomischen und funktionalen Design. Ungef\u00e4hr 33 Zentimeter breit. Ausgestattet mit Griffleisten, die sich der nat\u00fcrlichen Form der Hand anpassen. Aufgrund seiner Gr\u00f6sse bietet er gen\u00fcgend Platz f\u00fcr eine Vielzahl von Bedienelementen, die auch die umfangreichsten Aufgaben bew\u00e4ltigen k\u00f6nnen. <strong>SupraTEQ<\/strong> ist Ihre L\u00f6sung, wenn Sie komplex hydraulische, mobile oder industrielle Maschinen steuern m\u00fcssen. Dank der <a href=\"https:\/\/www.tele-radio.com\/ch-de\/die-wichtigkeit-einer-benannten-stelle-in-bezug-auf-ihre-sicherheit\/\" target=\"_blank\" rel=\"noreferrer noopener\">unabh\u00e4ngig zertifizierten Stoppfunktion<\/a> nach PLe\/CAT3, SIL3 sind die SupraTEQ-Sender sicher und zuverl\u00e4ssig.<\/p>\n\n\n\n<p style=\"font-size:30px\">SupraTEQ bietet ausserdem eine <strong>Custom Line<\/strong>, bei welcher die Sender genau an Ihre Bed\u00fcrfnisse bzw. die zu steuernde Anwendung angepasst werden k\u00f6nnen.<\/p>\n\n\n\n<p>&nbsp;<\/p>\n\n\n\n<div style=\"height:35px\" aria-hidden=\"true\" class=\"wp-block-spacer\"><\/div>\n\n\n\n<h2 class=\"wp-block-heading has-text-align-center has-large-font-size\"><strong>EINZIGARTIGE TECHNOLOGIE<\/strong><\/h2>\n\n\n\n<p class=\"has-medium-font-size\">Unsere Produkte sind innovativ. Tele Radio hat verschiedene Anwendungen entwickelt, die es Ihnen erm\u00f6glichen, Ihre Ger\u00e4te mit der neuesten Technologie besser zu bedienen und zu steuern. SupraTEQ bietet eine zuverl\u00e4ssige und sichere L\u00f6sung mit den folgenden besonderen Eigenschaften und Funktionen.<\/p>\n\n\n<div class=\"wp-block-image is-style-rounded\">\n<figure class=\"alignleft is-resized\"><img loading=\"lazy\" decoding=\"async\" width=\"162\" height=\"162\" src=\"https:\/\/www.tele-radio.com\/app\/uploads\/Webpaginaopbouw_Puma-1.png\" alt=\"\" class=\"wp-image-38105\" style=\"width:110px;height:110px\" srcset=\"https:\/\/www.tele-radio.com\/app\/uploads\/Webpaginaopbouw_Puma-1.png 162w, https:\/\/www.tele-radio.com\/app\/uploads\/Webpaginaopbouw_Puma-1-150x150.png 150w\" sizes=\"auto, (max-width: 162px) 100vw, 162px\" \/><\/figure><\/div>\n\n\n<h3 class=\"wp-block-heading has-medium-font-size\"><strong>Aktiv-Antenne \/ Repeater<\/strong><\/h3>\n\n\n\n<p class=\"has-medium-font-size\">Die Aktiv-Antenne kann auch als eigenst\u00e4ndiger Repeater verwendet werden, was die Reichweite zwischen Sender und Empf\u00e4nger erheblich erh\u00f6ht. Dadurch kann dieses System auch unter sehr anspruchsvollen Bedingungen (wie z. B. im Bergbau, im Gebirge oder in grossen Geb\u00e4uden) ohne Signalverlust eingesetzt werden.<\/p>\n\n\n\n<p><\/p>\n\n\n\n<div style=\"height:20px\" aria-hidden=\"true\" class=\"wp-block-spacer\"><\/div>\n\n\n<div class=\"wp-block-image is-style-rounded\">\n<figure class=\"alignleft is-resized\"><img loading=\"lazy\" decoding=\"async\" width=\"162\" height=\"162\" src=\"https:\/\/www.tele-radio.com\/app\/uploads\/RFID-ICON.png\" alt=\"\" class=\"wp-image-38126\" style=\"width:110px;height:110px\" srcset=\"https:\/\/www.tele-radio.com\/app\/uploads\/RFID-ICON.png 162w, https:\/\/www.tele-radio.com\/app\/uploads\/RFID-ICON-150x150.png 150w\" sizes=\"auto, (max-width: 162px) 100vw, 162px\" \/><\/figure><\/div>\n\n\n<h3 class=\"wp-block-heading has-medium-font-size\"><strong>RFID-Kontrolle<\/strong><\/h3>\n\n\n\n<p class=\"has-medium-font-size\">Die&nbsp;<strong>VersaTEQ<\/strong>&#8211; und&nbsp;<strong>SupraTEQ<\/strong>-Sender sind standardm\u00e4ssig mit RFID ausgestattet, einer drahtlosen Technik zur Erkennung eines eindeutigen System-, Produkt- oder Benutzer-Codes. Diese Technologie erm\u00f6glicht es verschiedene Zugriffsberechtigungen von verschiedenen Nutzern auf der jeweiligen RFID-Smartcard zu speichern. Beim Start der Anwendung wird der Nutzer vom System erkannt und seine entsprechende Autorisierung freigeschaltet.<\/p>\n\n\n\n<div style=\"height:21px\" aria-hidden=\"true\" class=\"wp-block-spacer\"><\/div>\n\n\n<div class=\"wp-block-image is-style-rounded\">\n<figure class=\"alignleft size-full is-resized\"><img loading=\"lazy\" decoding=\"async\" width=\"162\" height=\"162\" src=\"https:\/\/www.tele-radio.com\/app\/uploads\/BUS-Systemen.png\" alt=\"BUS-system\" class=\"wp-image-38162\" style=\"width:110px;height:110px\" srcset=\"https:\/\/www.tele-radio.com\/app\/uploads\/BUS-Systemen.png 162w, https:\/\/www.tele-radio.com\/app\/uploads\/BUS-Systemen-150x150.png 150w\" sizes=\"auto, (max-width: 162px) 100vw, 162px\" \/><\/figure><\/div>\n\n\n<h3 class=\"wp-block-heading has-medium-font-size\"><strong>BUS-Systeme<\/strong><\/h3>\n\n\n\n<p class=\"has-medium-font-size\">Um den aktuellen Industriestandards zu entsprechen, sind die&nbsp;<strong>VersaTEQ<\/strong>&#8211; und&nbsp;<strong>SupraTEQ<\/strong>-Sender mit einer Vielzahl vom BUS-Systemen kompatibel. Eine reibungslose Kommunikation mit der Software Ihrer Anwendung ist somit gew\u00e4hrleistet. Unsere&nbsp;<strong>VersaTEQ<\/strong>&#8211; und&nbsp;<strong>SupraTEQ<\/strong>-Systeme k\u00f6nnen folgende BUS\u2011Schnittstellen verarbeiten: CANOPEN, MODBUS, RAWCAN und SAE J1939 (PROFINET auf Anfrage).<\/p>\n\n\n\n<div style=\"height:111px\" aria-hidden=\"true\" class=\"wp-block-spacer\"><\/div>\n\n\n\n<div class=\"wp-block-cover is-light\" style=\"min-height:472px;aspect-ratio:unset;\"><span aria-hidden=\"true\" class=\"wp-block-cover__background has-luminous-vivid-amber-background-color has-background-dim-100 has-background-dim\"><\/span><div class=\"wp-block-cover__inner-container is-layout-flow wp-block-cover-is-layout-flow\">\n<p class=\"has-black-color has-text-color has-medium-font-size\">Je nach Anwendung k\u00f6nnen Sie sich entweder f\u00fcr ein&nbsp;<strong>SupraTEQ<\/strong>&nbsp;<strong>Basic Line-<\/strong>&nbsp;oder&nbsp;<strong>Custom Line-<\/strong>Modell entscheiden. Letzteres bietet Ihnen v\u00f6llige Freiheit bei der Konfiguration Ihrer Hard- und Software sowie des dazugeh\u00f6rigen Empf\u00e4ngers. Die SupraTEQ-Linie verf\u00fcgt sogar \u00fcber einen Sender mit einem 4.3&#8243; Display (<strong>SupraTEQ TW78 Custom Line<\/strong>). Wir helfen Ihnen gerne bei der Zusammenstellung eines Systems, das pr\u00e4zise auf Ihre Bed\u00fcrfnisse zugeschnitten ist.<\/p>\n\n\n\n<p class=\"has-black-color has-text-color has-medium-font-size\"><strong>SUPRATEQ <strong>GRUNDAUSSTATTUNG<\/strong><\/strong><\/p>\n\n\n\n<div class=\"wp-block-columns is-layout-flex wp-container-core-columns-is-layout-9d6595d7 wp-block-columns-is-layout-flex\">\n<div class=\"wp-block-column is-layout-flow wp-block-column-is-layout-flow\">\n<p class=\"has-black-color has-text-color\">\u2713 Gr\u00f6sse 330 x 147 x 179 mm<br>\u2713 Gewicht 1&#8217;900 g<br>\u2713 Frequenz 2,4 GHz (16 Kan\u00e4le)<br>\u2713 2.2&#8243; Farb-TFT-Display (45 x 34 mm)<br>\u2713 Schutzart IP65<br>\u2713 Halbduplex-Kommunikation f\u00fcr R\u00fcckmeldung<br>\u2713 Stopp-Funktion nach PLe\/CAT3 + SIL3<br>\u2713 Haptische und akustische Alarmr\u00fcckmeldung, R\u00fcckmeldung via Display ebenfalls m\u00f6glich<\/p>\n<\/div>\n\n\n\n<div class=\"wp-block-column is-layout-flow wp-block-column-is-layout-flow\">\n<p class=\"has-black-color has-text-color\">\u2713 Seitlicher Stoppschalter mit Drehentriegelung<br>\u2713 Sturzerkennung (Free-Fall-Detection)<br>\u2713 M12-Stecker f\u00fcr Kabelsteuerungsbetrieb<br>\u2713 Beleuchtete Frontplatte<br>\u2713 2 wiederaufladbare &amp; austauschbare Akkus<br>\u2713 Akku im laufenden Betrieb austauschbar (Hot Swapping)<br>\u2713 Akkulaufzeit von bis zu 10 Stunden (pro Akku), je nach Konfiguration<\/p>\n<\/div>\n<\/div>\n<\/div><\/div>\n\n\n\n<div style=\"height:32px\" aria-hidden=\"true\" class=\"wp-block-spacer\"><\/div>\n\n\n\n<h2 class=\"wp-block-heading has-text-align-center has-luminous-vivid-amber-color has-black-background-color has-text-color has-background has-large-font-size\">SUPRATEQ BASIC LINE<br>Multitalent zu einem attraktiven Preis<\/h2>\n\n\n\n<div style=\"height:15px\" aria-hidden=\"true\" class=\"wp-block-spacer\"><\/div>\n\n\n\n<p class=\"has-text-align-center has-medium-font-size\">Unser&nbsp;<strong>SupraTEQ<\/strong>&nbsp;Sender ist f\u00fcr die meisten Anwendungen geeignet und mit Standard-Bedienelementen und einer personalisierbaren Frontplatte ausgestattet.&nbsp;Wenn Sie detaillierte grafische R\u00fcckmeldungen w\u00fcnschen, empfehlen wir den <strong>SupraTEQ TW78<\/strong> aus unserer <strong>Custom Line<\/strong> mit einem <strong>4.3&#8243; Farb-TFT-Display (95 x 54 mm)<\/strong>.<\/p>\n\n\n\n<div style=\"height:29px\" aria-hidden=\"true\" class=\"wp-block-spacer\"><\/div>\n\n\n\n<h2 class=\"wp-block-heading has-text-align-center\" style=\"font-size:25px\"><strong>UNSER SUPRATEQ BASIC LINE SENDER<\/strong><\/h2>\n\n\n\n<div style=\"height:43px\" aria-hidden=\"true\" class=\"wp-block-spacer\"><\/div>\n\n\n\n<div class=\"wp-block-columns is-layout-flex wp-container-core-columns-is-layout-9d6595d7 wp-block-columns-is-layout-flex\">\n<div class=\"wp-block-column is-layout-flow wp-block-column-is-layout-flow\" style=\"flex-basis:25%\"><\/div>\n\n\n\n<div class=\"wp-block-column is-layout-flow wp-block-column-is-layout-flow\" style=\"flex-basis:50%\"><div class=\"wp-block-image\">\n<figure class=\"aligncenter size-full\"><img loading=\"lazy\" decoding=\"async\" width=\"363\" height=\"194\" src=\"https:\/\/www.tele-radio.com\/app\/uploads\/TRCH_HY-T24-TS01-2.png\" alt=\"\" class=\"wp-image-224772\"\/><\/figure><\/div><\/div>\n\n\n\n<div class=\"wp-block-column is-layout-flow wp-block-column-is-layout-flow\" style=\"flex-basis:25%\"><\/div>\n<\/div>\n\n\n\n<div class=\"wp-block-columns is-layout-flex wp-container-core-columns-is-layout-9d6595d7 wp-block-columns-is-layout-flex\">\n<div class=\"wp-block-column is-layout-flow wp-block-column-is-layout-flow\" style=\"flex-basis:25%\"><\/div>\n\n\n\n<div class=\"wp-block-column is-layout-flow wp-block-column-is-layout-flow\" style=\"flex-basis:50%\">\n<p class=\"has-text-align-center has-black-color has-luminous-vivid-amber-background-color has-text-color has-background has-link-color wp-elements-3870013bf2d28bb7f6fd3375429a896b\" style=\"font-size:21px\"><strong>SUPRATEQ TW77-1<\/strong><\/p>\n\n\n\n<p class=\"has-text-align-center has-white-color has-black-background-color has-text-color has-background has-link-color wp-elements-a12ac0e98dbb3e8db8c009b67a075e9e\" style=\"font-size:16px\"><strong><mark style=\"background-color:rgba(0, 0, 0, 0)\" class=\"has-inline-color has-luminous-vivid-amber-color\">T24-TS01<\/mark><\/strong><br><br>3x Joystick analog (XY + XY + XY)<br>2x Kippschalter (0-R)<br>1x Kippschalter (T-0-T)<br>2x Kippschalter (R-0-R)<br>6x Drucktaste seitlich<br>Farbdisplay<br>Stopp-Funktion PLe+SIL3<br>M12-Stecker f\u00fcr Kabelsteuerung<br>LEDs in Handgriffen<br>Vibrationsmotor &amp; Buzzer<br>Frequenz 2,4 GHz<br><br><a href=\"https:\/\/www.tele-radio.com\/ch-de\/?p=20123\"><mark style=\"background-color:rgba(0, 0, 0, 0)\" class=\"has-inline-color has-luminous-vivid-amber-color\">zum Pro<\/mark><\/a><a href=\"https:\/\/www.tele-radio.com\/ch-de\/?p=20123\" target=\"_blank\" rel=\"noreferrer noopener\"><mark style=\"background-color:rgba(0, 0, 0, 0)\" class=\"has-inline-color has-luminous-vivid-amber-color\">dukt<\/mark><\/a><\/p>\n<\/div>\n\n\n\n<div class=\"wp-block-column is-layout-flow wp-block-column-is-layout-flow\" style=\"flex-basis:25%\"><\/div>\n<\/div>\n\n\n\n<div style=\"height:40px\" aria-hidden=\"true\" class=\"wp-block-spacer\"><\/div>\n\n\n\n<h2 class=\"wp-block-heading has-text-align-center\" style=\"font-size:25px\"><strong>UNSERE PASSENDEN BASIC LINE EMPF\u00c4NGER<\/strong><\/h2>\n\n\n\n<div style=\"height:40px\" aria-hidden=\"true\" class=\"wp-block-spacer\"><\/div>\n\n\n\n<div class=\"wp-block-columns is-layout-flex wp-container-core-columns-is-layout-9d6595d7 wp-block-columns-is-layout-flex\">\n<div class=\"wp-block-column is-layout-flow wp-block-column-is-layout-flow\"><div class=\"wp-block-image\">\n<figure class=\"aligncenter size-full is-resized\"><img loading=\"lazy\" decoding=\"async\" width=\"402\" height=\"349\" src=\"https:\/\/www.tele-radio.com\/app\/uploads\/TRCH_HY-R20-RS01-1.png\" alt=\"\" class=\"wp-image-224798\" style=\"width:264px;height:auto\" srcset=\"https:\/\/www.tele-radio.com\/app\/uploads\/TRCH_HY-R20-RS01-1.png 402w, https:\/\/www.tele-radio.com\/app\/uploads\/TRCH_HY-R20-RS01-1-400x347.png 400w\" sizes=\"auto, (max-width: 402px) 100vw, 402px\" \/><\/figure><\/div><\/div>\n\n\n\n<div class=\"wp-block-column is-layout-flow wp-block-column-is-layout-flow\"><div class=\"wp-block-image\">\n<figure class=\"aligncenter size-full is-resized\"><img loading=\"lazy\" decoding=\"async\" width=\"329\" height=\"351\" src=\"https:\/\/www.tele-radio.com\/app\/uploads\/TRCH_HY-R21-RS02-1.png\" alt=\"\" class=\"wp-image-224824\" style=\"width:229px;height:auto\"\/><\/figure><\/div><\/div>\n<\/div>\n\n\n\n<div class=\"wp-block-columns is-layout-flex wp-container-core-columns-is-layout-9d6595d7 wp-block-columns-is-layout-flex\">\n<div class=\"wp-block-column is-layout-flow wp-block-column-is-layout-flow\">\n<p class=\"has-text-align-center has-black-color has-luminous-vivid-amber-background-color has-text-color has-background has-link-color wp-elements-06935ffe010c2655b5efb05e9ac1e95b\" style=\"font-size:21px\">EMPF\u00c4NGER<br><strong>R20-RS01<\/strong><\/p>\n\n\n\n<p class=\"has-text-align-center has-white-color has-black-background-color has-text-color has-background has-link-color wp-elements-60076a2fe3769cb9cf7ce04f60c4a4e4\" style=\"font-size:16px\"><em>Der R20-Empf\u00e4nger steuert bis zu 90% der derzeit auf dem Markt befindlichen Ventile. Die proportionale Steuerung erm\u00f6glicht einen stufenlose und pr\u00e4zise Bedienung.<\/em><br><br>2x Stopp-Relais PLe+SIL3<br>26x Multifunktionsein-\/ausgang<br>Direkte Ventil-Ansteuerung<br>Status LEDs &amp; Cap-Sensor<br>Interne Antenne<br>RP-SMA-Stecker f\u00fcr extern Antenne<br>Stromversorgung: 12 &#8211; 24 VDC<br>M12-Stecker f\u00fcr Kabelsteuerung oder Aktiv-Antenne<br>Anschlusskabel mit 35-pol Stecker<br><br><a href=\"https:\/\/www.tele-radio.com\/ch-de\/?p=20251\" target=\"_blank\" rel=\"noreferrer noopener\"><mark style=\"background-color:rgba(0, 0, 0, 0)\" class=\"has-inline-color has-luminous-vivid-amber-color\">zum Produkt<\/mark><\/a><\/p>\n<\/div>\n\n\n\n<div class=\"wp-block-column is-layout-flow wp-block-column-is-layout-flow\">\n<p class=\"has-text-align-center has-black-color has-luminous-vivid-amber-background-color has-text-color has-background has-link-color wp-elements-8303d7f2f0cdf30ff40bd7a51c9e7b5e\" style=\"font-size:21px\">EMPF\u00c4NGER<br><strong>R21-RS02<\/strong><\/p>\n\n\n\n<p class=\"has-text-align-center has-white-color has-black-background-color has-text-color has-background has-link-color wp-elements-9b9d01d166148d4e0eb786edf793a620\" style=\"font-size:16px\"><em>Der R21-Empf\u00e4nger ist klein aber mit vielen Funktionen ausgestattet, die eine einfache Anpassung an die modernsten BUS-Systeme erm\u00f6glichen.<\/em><br><br>2x Stopp-Relais PLe+SIL3<br>4x Multifunktionsein-\/ausgang<br>M12-Stecker f\u00fcr CANopen oder J1939<br>Status LEDs &amp; Cap-Sensor<br>Interne Antenne<br>RP-SMA-Stecker f\u00fcr extern Antenne<br>Stromversorgung: 12 &#8211; 24 VDC<br>M12-Stecker f\u00fcr Kabelsteuerung oder Aktiv-Antenne<br>M20 Kabelverschraubung<br><br><a href=\"https:\/\/www.tele-radio.com\/ch-de\/?p=20237\" target=\"_blank\" rel=\"noreferrer noopener\"><mark style=\"background-color:rgba(0, 0, 0, 0)\" class=\"has-inline-color has-luminous-vivid-amber-color\">zum Produkt<\/mark><\/a><\/p>\n<\/div>\n<\/div>\n\n\n\n<div style=\"height:40px\" aria-hidden=\"true\" class=\"wp-block-spacer\"><\/div>\n\n\n\n<h2 class=\"wp-block-heading has-text-align-center has-luminous-vivid-amber-color has-black-background-color has-text-color has-background\" style=\"font-size:30px\"><strong>UNSER SERVICE<\/strong><\/h2>\n\n\n\n<div style=\"height:50px\" aria-hidden=\"true\" class=\"wp-block-spacer\"><\/div>\n\n\n<div class=\"wp-block-image\">\n<figure class=\"alignleft size-full is-resized\"><img loading=\"lazy\" decoding=\"async\" width=\"417\" height=\"417\" src=\"https:\/\/www.tele-radio.com\/app\/uploads\/Contact-1.png\" alt=\"\" class=\"wp-image-106305\" style=\"width:111px;height:111px\" srcset=\"https:\/\/www.tele-radio.com\/app\/uploads\/Contact-1.png 417w, https:\/\/www.tele-radio.com\/app\/uploads\/Contact-1-400x400.png 400w, https:\/\/www.tele-radio.com\/app\/uploads\/Contact-1-150x150.png 150w, https:\/\/www.tele-radio.com\/app\/uploads\/Contact-1-250x250.png 250w\" sizes=\"auto, (max-width: 417px) 100vw, 417px\" \/><\/figure><\/div>\n\n\n<h3 class=\"wp-block-heading has-medium-font-size\"><strong>Kompetente Beratung durch unsere Verkaufsabteilung<\/strong><\/h3>\n\n\n\n<p class=\"has-medium-font-size\">Nehmen Sie einfach&nbsp;<a href=\"https:\/\/www.tele-radio.com\/ch-de\/?page_id=7026\" target=\"_blank\" rel=\"noreferrer noopener\">Kontakt<\/a>&nbsp;mit uns auf. Wir helfen Ihnen gerne bei der Zusammenstellung eines Systems, das pr\u00e4zise auf Ihre Bed\u00fcrfnisse zugeschnitten ist.&nbsp;<\/p>\n\n\n\n<div style=\"height:15px\" aria-hidden=\"true\" class=\"wp-block-spacer\"><\/div>\n\n\n<div class=\"wp-block-image\">\n<figure class=\"alignleft is-resized\"><img loading=\"lazy\" decoding=\"async\" width=\"162\" height=\"162\" src=\"https:\/\/www.tele-radio.com\/app\/uploads\/Signaal2.png\" alt=\"\" class=\"wp-image-40681\" style=\"width:111px;height:111px\" srcset=\"https:\/\/www.tele-radio.com\/app\/uploads\/Signaal2.png 162w, https:\/\/www.tele-radio.com\/app\/uploads\/Signaal2-150x150.png 150w\" sizes=\"auto, (max-width: 162px) 100vw, 162px\" \/><\/figure><\/div>\n\n\n<h3 class=\"wp-block-heading has-medium-font-size\"><strong><strong>Hauseigener technischer Kundendienst<\/strong><\/strong><\/h3>\n\n\n\n<p class=\"has-medium-font-size\">Unser technischer Support steht Ihnen bei Fragen rund um Installation, Programmierung oder Reparatur fachkundig und unkompliziert zur Seite.<\/p>\n\n\n\n<div style=\"height:15px\" aria-hidden=\"true\" class=\"wp-block-spacer\"><\/div>\n\n\n<div class=\"wp-block-image\">\n<figure class=\"alignleft is-resized\"><img loading=\"lazy\" decoding=\"async\" width=\"162\" height=\"162\" src=\"https:\/\/www.tele-radio.com\/app\/uploads\/Icon_safety.png\" alt=\"\" class=\"wp-image-42940\" style=\"width:111px;height:111px\" srcset=\"https:\/\/www.tele-radio.com\/app\/uploads\/Icon_safety.png 162w, https:\/\/www.tele-radio.com\/app\/uploads\/Icon_safety-150x150.png 150w\" sizes=\"auto, (max-width: 162px) 100vw, 162px\" \/><\/figure><\/div>\n\n\n<h3 class=\"wp-block-heading has-medium-font-size\"><strong><strong>Verschiedene unabh\u00e4ngige Sicherheitszertifikate<\/strong><\/strong><\/h3>\n\n\n\n<p class=\"has-medium-font-size\">F\u00fcr alle Tele Radio Produkte mit Sicherheitszertifizierung k\u00f6nnen wir Ihnen die Zulassungsberichte der unabh\u00e4ngigen Pr\u00fcfstelle zur Verf\u00fcgung stellen.&nbsp;<a href=\"https:\/\/www.tele-radio.com\/ch-de\/?p=23170\" target=\"_blank\" rel=\"noreferrer noopener\">HIER<\/a>&nbsp;finden Sie weitere Informationen zu den \u201cbenannten Stellen\u201d.<\/p>\n\n\n\n<div style=\"height:60px\" aria-hidden=\"true\" class=\"wp-block-spacer\"><\/div>\n","protected":false},"excerpt":{"rendered":"<p>SUPRATEQ Neuer Name, gleiche Funktionalit\u00e4t Tele Radio f\u00fchrt neue, klar strukturierte Produktnamen f\u00fcr die bew\u00e4hrten Puma Sender ein. Was sich \u00e4ndert, ist lediglich der Name &#8211; Funktionen und Technik bleiben unver\u00e4ndert. Unser erstklassiger Bauchsender in voller Gr\u00f6sse Unser modernster Allrounder mit einem ergonomischen und funktionalen Design. Ungef\u00e4hr 33 Zentimeter breit. Ausgestattet mit Griffleisten, die sich [&hellip;]<\/p>\n","protected":false},"author":29,"featured_media":0,"parent":0,"menu_order":0,"comment_status":"closed","ping_status":"closed","template":"","meta":{"_acf_changed":false,"footnotes":""},"class_list":["post-152698","page","type-page","status-publish","hentry"],"acf":[],"_links":{"self":[{"href":"https:\/\/www.tele-radio.com\/ch-de\/wp-json\/wp\/v2\/pages\/152698","targetHints":{"allow":["GET"]}}],"collection":[{"href":"https:\/\/www.tele-radio.com\/ch-de\/wp-json\/wp\/v2\/pages"}],"about":[{"href":"https:\/\/www.tele-radio.com\/ch-de\/wp-json\/wp\/v2\/types\/page"}],"author":[{"embeddable":true,"href":"https:\/\/www.tele-radio.com\/ch-de\/wp-json\/wp\/v2\/users\/29"}],"replies":[{"embeddable":true,"href":"https:\/\/www.tele-radio.com\/ch-de\/wp-json\/wp\/v2\/comments?post=152698"}],"version-history":[{"count":35,"href":"https:\/\/www.tele-radio.com\/ch-de\/wp-json\/wp\/v2\/pages\/152698\/revisions"}],"predecessor-version":[{"id":263281,"href":"https:\/\/www.tele-radio.com\/ch-de\/wp-json\/wp\/v2\/pages\/152698\/revisions\/263281"}],"wp:attachment":[{"href":"https:\/\/www.tele-radio.com\/ch-de\/wp-json\/wp\/v2\/media?parent=152698"}],"curies":[{"name":"wp","href":"https:\/\/api.w.org\/{rel}","templated":true}]}}