{"id":152693,"date":"2022-06-13T07:32:16","date_gmt":"2022-06-13T07:32:16","guid":{"rendered":"https:\/\/www.tele-radio.com\/teq-waist-transmitters\/"},"modified":"2025-06-26T12:16:03","modified_gmt":"2025-06-26T12:16:03","slug":"teq-waist-transmitters","status":"publish","type":"page","link":"https:\/\/www.tele-radio.com\/ch-de\/teq-waist-transmitters\/","title":{"rendered":"TEQ-LINE"},"content":{"rendered":"\n<h1 class=\"wp-block-heading\">TEQ-LINE<\/h1>\n\n\n\n<h2 class=\"wp-block-heading\"><strong>Neuer Name, gleiche Funktionalit\u00e4t<\/strong><\/h2>\n\n\n\n<p class=\"has-medium-font-size\">Tele Radio f\u00fchrt neue, klar strukturierte Produktnamen f\u00fcr die bew\u00e4hrten Puma und Tiger Joysticksender ein. Was sich \u00e4ndert, ist lediglich der Name \u2013 was bleibt, ist die zuverl\u00e4ssige Technologie, auf die Sie seit jeher z\u00e4hlen.<\/p>\n\n\n<div class=\"wp-block-image is-style-rounded\">\n<figure class=\"alignright size-large is-resized\"><img loading=\"lazy\" decoding=\"async\" width=\"1200\" height=\"1200\" src=\"https:\/\/www.tele-radio.com\/app\/uploads\/\/Waist_Band_Transmitter_Collage_v2-2-1200x1200.png\" alt=\"\" class=\"wp-image-105482\" style=\"width:425px;height:425px\" srcset=\"https:\/\/www.tele-radio.com\/app\/uploads\/Waist_Band_Transmitter_Collage_v2-2.png 1200w, https:\/\/www.tele-radio.com\/app\/uploads\/Waist_Band_Transmitter_Collage_v2-2-400x400.png 400w, https:\/\/www.tele-radio.com\/app\/uploads\/Waist_Band_Transmitter_Collage_v2-2-150x150.png 150w, https:\/\/www.tele-radio.com\/app\/uploads\/Waist_Band_Transmitter_Collage_v2-2-768x768.png 768w, https:\/\/www.tele-radio.com\/app\/uploads\/Waist_Band_Transmitter_Collage_v2-2-250x250.png 250w, https:\/\/www.tele-radio.com\/app\/uploads\/Waist_Band_Transmitter_Collage_v2-2-750x750.png 750w, https:\/\/www.tele-radio.com\/app\/uploads\/Waist_Band_Transmitter_Collage_v2-2-500x500.png 500w, https:\/\/www.tele-radio.com\/app\/uploads\/Waist_Band_Transmitter_Collage_v2-2-800x800.png 800w\" sizes=\"auto, (max-width: 1200px) 100vw, 1200px\" \/><\/figure><\/div>\n\n\n<h2 class=\"wp-block-heading\"><strong>F\u00fcr eine Vielzahl von Anwendungen<\/strong><\/h2>\n\n\n\n<p class=\"has-medium-font-size\">Mit mehr als 65 Jahren Erfahrung auf dem Gebiet der drahtlosen Industriesteuerungen verf\u00fcgt Tele Radio \u00fcber eine breite Palette von Sendern. Diese Sender k\u00f6nnen nach Ihren W\u00fcnschen konfiguriert und genauestens auf Ihre Bed\u00fcrfnisse abgestimmt werden.<\/p>\n\n\n\n<p class=\"has-medium-font-size\">Tele Radio <strong>TEQ-Sender<\/strong> sind ideal f\u00fcr komplexe Anwendungen. Dank eines Nacken-\/Schulter- oder eines Bauchgurtes k\u00f6nnen sie, im Gegensatz zu einem Handsender, beidh\u00e4ndig bedient werden. Die grossen, stabilen Griffe sorgen zudem f\u00fcr ein entspanntes Arbeiten.<\/p>\n\n\n\n<p class=\"has-medium-font-size\">Unsere<strong> TEQ-Sender <\/strong>sind in drei verschiedenen Gr\u00f6ssen erh\u00e4ltlich. Bei allen Varianten gibt es <strong>Standard- und kundenspezifische Ausf\u00fchrungen<\/strong>. Sie haben die Wahl: Entweder Sie entscheiden sich f\u00fcr einen kompakten und damit handlichen Sender oder f\u00fcr eine der gr\u00f6sseren Varianten. Hier haben Sie gen\u00fcgend Platz um alle g\u00e4ngigen Bedienelemente wie z. B. Drucktasten, Joysticks, Linearhebel, Potentiometer usw. zu integrieren. Ausserdem verf\u00fcgt die SUPRATEQ-Linie \u00fcber zwei verschiedene Display-Gr\u00f6ssen (bis zu 4.3 Zoll). So haben Sie alle R\u00fcckmeldungen der zu steuernden Maschine oder des zu steuernden Fahrzeugs bestens im Blick.<\/p>\n\n\n\n<p class=\"has-medium-font-size\">Mit den Tele Radio <strong>TEQ-Sendern<\/strong> sind die Einsatzm\u00f6glichkeiten nahezu unbegrenzt.<\/p>\n\n\n\n<div style=\"height:37px\" aria-hidden=\"true\" class=\"wp-block-spacer\"><\/div>\n\n\n\n<div class=\"wp-block-columns is-layout-flex wp-container-core-columns-is-layout-9d6595d7 wp-block-columns-is-layout-flex\">\n<div class=\"wp-block-column is-layout-flow wp-block-column-is-layout-flow\">\n<h2 class=\"wp-block-heading has-text-align-center has-luminous-vivid-amber-color has-black-background-color has-text-color has-background\" style=\"font-size:30px\"><strong>W\u00c4HLEN SIE IHRE MODELLREIHE<\/strong><\/h2>\n\n\n\n<div style=\"height:52px\" aria-hidden=\"true\" class=\"wp-block-spacer\"><\/div>\n\n\n\n<div class=\"wp-block-columns is-layout-flex wp-container-core-columns-is-layout-9d6595d7 wp-block-columns-is-layout-flex\">\n<div class=\"wp-block-column is-layout-flow wp-block-column-is-layout-flow\">\n<figure class=\"wp-block-image size-large is-style-default\"><a href=\"https:\/\/www.tele-radio.com\/ch-de\/?page_id=152707\" target=\"_blank\" rel=\"noreferrer noopener\"><img loading=\"lazy\" decoding=\"async\" width=\"697\" height=\"1200\" src=\"https:\/\/www.tele-radio.com\/app\/uploads\/\/TRCHE_PRIMATEQ_Box_DE-697x1200.png\" alt=\"\" class=\"wp-image-226577\" srcset=\"https:\/\/www.tele-radio.com\/app\/uploads\/TRCHE_PRIMATEQ_Box_DE-697x1200.png 697w, https:\/\/www.tele-radio.com\/app\/uploads\/TRCHE_PRIMATEQ_Box_DE-232x400.png 232w, https:\/\/www.tele-radio.com\/app\/uploads\/TRCHE_PRIMATEQ_Box_DE-768x1322.png 768w, https:\/\/www.tele-radio.com\/app\/uploads\/TRCHE_PRIMATEQ_Box_DE-892x1536.png 892w, https:\/\/www.tele-radio.com\/app\/uploads\/TRCHE_PRIMATEQ_Box_DE-1190x2048.png 1190w, https:\/\/www.tele-radio.com\/app\/uploads\/TRCHE_PRIMATEQ_Box_DE-436x750.png 436w, https:\/\/www.tele-radio.com\/app\/uploads\/TRCHE_PRIMATEQ_Box_DE-290x500.png 290w, https:\/\/www.tele-radio.com\/app\/uploads\/TRCHE_PRIMATEQ_Box_DE-929x1600.png 929w, https:\/\/www.tele-radio.com\/app\/uploads\/TRCHE_PRIMATEQ_Box_DE-465x800.png 465w, https:\/\/www.tele-radio.com\/app\/uploads\/TRCHE_PRIMATEQ_Box_DE.png 1426w\" sizes=\"auto, (max-width: 697px) 100vw, 697px\" \/><\/a><\/figure>\n<\/div>\n\n\n\n<div class=\"wp-block-column is-layout-flow wp-block-column-is-layout-flow\">\n<figure class=\"wp-block-image size-large is-style-default\"><a href=\"https:\/\/www.tele-radio.com\/ch-de\/versateq\/\" target=\"_blank\" rel=\"noreferrer noopener\"><img loading=\"lazy\" decoding=\"async\" width=\"697\" height=\"1200\" src=\"https:\/\/www.tele-radio.com\/app\/uploads\/\/TRCHE_VERSATEQ_Box_DE-697x1200.png\" alt=\"\" class=\"wp-image-226629\" srcset=\"https:\/\/www.tele-radio.com\/app\/uploads\/TRCHE_VERSATEQ_Box_DE-697x1200.png 697w, https:\/\/www.tele-radio.com\/app\/uploads\/TRCHE_VERSATEQ_Box_DE-232x400.png 232w, https:\/\/www.tele-radio.com\/app\/uploads\/TRCHE_VERSATEQ_Box_DE-768x1322.png 768w, https:\/\/www.tele-radio.com\/app\/uploads\/TRCHE_VERSATEQ_Box_DE-892x1536.png 892w, https:\/\/www.tele-radio.com\/app\/uploads\/TRCHE_VERSATEQ_Box_DE-1190x2048.png 1190w, https:\/\/www.tele-radio.com\/app\/uploads\/TRCHE_VERSATEQ_Box_DE-436x750.png 436w, https:\/\/www.tele-radio.com\/app\/uploads\/TRCHE_VERSATEQ_Box_DE-290x500.png 290w, https:\/\/www.tele-radio.com\/app\/uploads\/TRCHE_VERSATEQ_Box_DE-929x1600.png 929w, https:\/\/www.tele-radio.com\/app\/uploads\/TRCHE_VERSATEQ_Box_DE-465x800.png 465w, https:\/\/www.tele-radio.com\/app\/uploads\/TRCHE_VERSATEQ_Box_DE.png 1426w\" sizes=\"auto, (max-width: 697px) 100vw, 697px\" \/><\/a><\/figure>\n<\/div>\n\n\n\n<div class=\"wp-block-column is-layout-flow wp-block-column-is-layout-flow\">\n<figure class=\"wp-block-image size-large is-style-default\"><a href=\"https:\/\/www.tele-radio.com\/ch-de\/suprateq\/\" target=\"_blank\" rel=\"noreferrer noopener\"><img loading=\"lazy\" decoding=\"async\" width=\"697\" height=\"1200\" src=\"https:\/\/www.tele-radio.com\/app\/uploads\/\/TRCHE_SUPRATEQ_Box_DE-697x1200.png\" alt=\"\" class=\"wp-image-226603\" srcset=\"https:\/\/www.tele-radio.com\/app\/uploads\/TRCHE_SUPRATEQ_Box_DE-697x1200.png 697w, https:\/\/www.tele-radio.com\/app\/uploads\/TRCHE_SUPRATEQ_Box_DE-232x400.png 232w, https:\/\/www.tele-radio.com\/app\/uploads\/TRCHE_SUPRATEQ_Box_DE-768x1323.png 768w, https:\/\/www.tele-radio.com\/app\/uploads\/TRCHE_SUPRATEQ_Box_DE-892x1536.png 892w, https:\/\/www.tele-radio.com\/app\/uploads\/TRCHE_SUPRATEQ_Box_DE-1189x2048.png 1189w, https:\/\/www.tele-radio.com\/app\/uploads\/TRCHE_SUPRATEQ_Box_DE-435x750.png 435w, https:\/\/www.tele-radio.com\/app\/uploads\/TRCHE_SUPRATEQ_Box_DE-290x500.png 290w, https:\/\/www.tele-radio.com\/app\/uploads\/TRCHE_SUPRATEQ_Box_DE-929x1600.png 929w, https:\/\/www.tele-radio.com\/app\/uploads\/TRCHE_SUPRATEQ_Box_DE-464x800.png 464w, https:\/\/www.tele-radio.com\/app\/uploads\/TRCHE_SUPRATEQ_Box_DE.png 1425w\" sizes=\"auto, (max-width: 697px) 100vw, 697px\" \/><\/a><\/figure>\n<\/div>\n<\/div>\n\n\n\n<div style=\"height:67px\" aria-hidden=\"true\" class=\"wp-block-spacer\"><\/div>\n\n\n\n<div class=\"wp-block-columns is-layout-flex wp-container-core-columns-is-layout-9d6595d7 wp-block-columns-is-layout-flex\">\n<div class=\"wp-block-column is-layout-flow wp-block-column-is-layout-flow\">\n<h2 class=\"wp-block-heading has-text-align-center has-luminous-vivid-amber-color has-black-background-color has-text-color has-background\" style=\"font-size:30px\"><strong>STANDARD-SYSTEM ODER SONDERANFERTIGUNG<\/strong><\/h2>\n<\/div>\n<\/div>\n\n\n\n<div style=\"height:16px\" aria-hidden=\"true\" class=\"wp-block-spacer\"><\/div>\n\n\n\n<p class=\"has-medium-font-size\">Ben\u00f6tigen Sie eine Funkfernsteuerung f\u00fcr eine Standardanwendung? Dann empfehlen wir Ihnen, sich f\u00fcr die <strong>PrimaTEQ-, VersaTEQ- oder SupraTEQ <\/strong>Basic Line zu entscheiden. Die Systeme der <strong>BASIC LINE <\/strong>sind standardm\u00e4ssig mit Komponenten und Spezifikationen ausgestattet, die so angepasst werden k\u00f6nnen, dass damit die meisten Anwendungen gesteuert werden k\u00f6nnen. Die Basic-Line bietet somit ein ausgezeichnetes Preis-\/Leistungsverh\u00e4ltnis.<\/p>\n\n\n\n<p class=\"has-medium-font-size\">Suchen Sie eine Funkfernsteuerung, die pr\u00e4zise auf Ihre Anwendung abgestimmt werden kann? Dann empfehlen wir Ihnen unsere <strong>CUSTOM LINE<\/strong>. Nehmen Sie einfach Kontakt mit uns auf. Wir helfen Ihnen gerne bei der Zusammenstellung eines Systems, das pr\u00e4zise auf Ihre Bed\u00fcrfnisse zugeschnitten ist.<\/p>\n\n\n\n<p class=\"has-medium-font-size\">Um den aktuellen Industriestandards zu entsprechen, sind die Tele Radio <strong>TEQ-Sender<\/strong> zudem mit einer Vielzahl von BUS-Systemen kompatibel und verf\u00fcgen \u00fcber eine unabh\u00e4ngig zertifizierte STOPP-Funktion.<\/p>\n\n\n\n<div class=\"wp-block-columns is-layout-flex wp-container-core-columns-is-layout-9d6595d7 wp-block-columns-is-layout-flex\">\n<div class=\"wp-block-column is-layout-flow wp-block-column-is-layout-flow\">\n<h2 class=\"wp-block-heading has-text-align-center has-medium-font-size\"><\/h2>\n\n\n\n<h2 class=\"wp-block-heading has-text-align-center has-luminous-vivid-amber-color has-text-color\" style=\"font-size:25px\"><strong>BASIC LINE<\/strong><\/h2>\n<\/div>\n\n\n\n<div class=\"wp-block-column is-layout-flow wp-block-column-is-layout-flow\">\n<h2 class=\"wp-block-heading has-text-align-center has-medium-font-size\"><\/h2>\n\n\n\n<h2 class=\"wp-block-heading has-text-align-center has-luminous-vivid-amber-color has-text-color\" style=\"font-size:25px\"><strong>CUSTOM LINE<\/strong><\/h2>\n<\/div>\n<\/div>\n\n\n\n<div class=\"wp-block-columns is-layout-flex wp-container-core-columns-is-layout-9d6595d7 wp-block-columns-is-layout-flex\">\n<div class=\"wp-block-column is-layout-flow wp-block-column-is-layout-flow\">\n<figure class=\"wp-block-table is-style-stripes\"><table class=\"has-fixed-layout\"><thead><tr><th class=\"has-text-align-center\" data-align=\"center\"><meta charset=\"utf-8\">SENDER<\/th><th class=\"has-text-align-center\" data-align=\"center\"><meta charset=\"utf-8\">EMPF\u00c4NGER<\/th><\/tr><\/thead><tbody><tr><td class=\"has-text-align-center\" data-align=\"center\">F\u00fcr die meisten Anwendungen geeignet<\/td><td class=\"has-text-align-center\" data-align=\"center\"><meta charset=\"utf-8\">Mehrere vorprogrammierte Ein-\/Ausg\u00e4nge<\/td><\/tr><tr><td class=\"has-text-align-center\" data-align=\"center\">Standard Bedienelemente<\/td><td class=\"has-text-align-center\" data-align=\"center\">M12-Stecker f\u00fcr Kabelsteuerungsbetrieb<\/td><\/tr><tr><td class=\"has-text-align-center\" data-align=\"center\">Schwarze blanko Frontplatte<\/td><td class=\"has-text-align-center\" data-align=\"center\">Vormontierter RPSMA-Stecker f\u00fcr externe Antenne<\/td><\/tr><tr><td class=\"has-text-align-center\" data-align=\"center\">Attraktiver Preis<\/td><td class=\"has-text-align-center\" data-align=\"center\">Auswahl zwischen 2 Arten von Empf\u00e4ngern<\/td><\/tr><\/tbody><\/table><\/figure>\n<\/div>\n\n\n\n<div class=\"wp-block-column is-layout-flow wp-block-column-is-layout-flow\">\n<figure class=\"wp-block-table is-style-stripes\"><table class=\"has-fixed-layout\"><thead><tr><th class=\"has-text-align-center\" data-align=\"center\"><meta charset=\"utf-8\">SENDER<\/th><th class=\"has-text-align-center\" data-align=\"center\"><meta charset=\"utf-8\">EMPF\u00c4NGER<\/th><\/tr><\/thead><tbody><tr><td class=\"has-text-align-center\" data-align=\"center\">Massgeschneidert f\u00fcr Ihre Anwendung<\/td><td class=\"has-text-align-center\" data-align=\"center\">Mehrere programmierbare Ein-\/Ausg\u00e4nge<\/td><\/tr><tr><td class=\"has-text-align-center\" data-align=\"center\">Steuerelemente frei w\u00e4hlbar<\/td><td class=\"has-text-align-center\" data-align=\"center\">Diverse Feldbusprotokolle m\u00f6glich<\/td><\/tr><tr><td class=\"has-text-align-center\" data-align=\"center\">Kundenspezifische<br>Frontplatte<br><\/td><td class=\"has-text-align-center\" data-align=\"center\">Kundenspezifische<br>Ausgangsverdrahtung<br><\/td><\/tr><tr><td class=\"has-text-align-center\" data-align=\"center\">Preis auf Anfrage<br><\/td><td class=\"has-text-align-center\" data-align=\"center\">Externe Aktiv-Antenne<br><\/td><\/tr><\/tbody><\/table><\/figure>\n<\/div>\n<\/div>\n<\/div>\n<\/div>\n\n\n\n<div style=\"height:20px\" aria-hidden=\"true\" class=\"wp-block-spacer\"><\/div>\n\n\n\n<h2 class=\"wp-block-heading has-text-align-center has-luminous-vivid-amber-color has-black-background-color has-text-color has-background\" style=\"font-size:30px\"><strong>W\u00c4HLEN SIE IHR ZUBEH\u00d6R<\/strong><\/h2>\n\n\n\n<div style=\"height:21px\" aria-hidden=\"true\" class=\"wp-block-spacer\"><\/div>\n\n\n\n<p class=\"has-text-align-center has-medium-font-size\">Wir bieten eine grosse Auswahl an Zubeh\u00f6r, wie z. B. Aktiv-Antennen\/Repeater, extern Antennen und Akku-Systeme.<\/p>\n\n\n\n<div style=\"height:13px\" aria-hidden=\"true\" class=\"wp-block-spacer\"><\/div>\n\n\n\n<div class=\"wp-block-columns is-layout-flex wp-container-core-columns-is-layout-9d6595d7 wp-block-columns-is-layout-flex\">\n<div class=\"wp-block-column is-layout-flow wp-block-column-is-layout-flow\">\n<div class=\"wp-block-media-text alignwide is-stacked-on-mobile is-vertically-aligned-center\" style=\"grid-template-columns:41% auto\"><figure class=\"wp-block-media-text__media\"><img loading=\"lazy\" decoding=\"async\" width=\"187\" height=\"386\" src=\"https:\/\/www.tele-radio.com\/app\/uploads\/D5-21_D5_22.png\" alt=\"\" class=\"wp-image-211578 size-full\"\/><\/figure><div class=\"wp-block-media-text__content\">\n<p class=\"has-medium-font-size\"><strong>AKITV-ANTENNE \/ REPEATER<\/strong><br><br>Die Aktiv-Antenne \/ Repeater<strong>*<\/strong> ist eine effektive M\u00f6glichkeit, die Reichweite des Empf\u00e4ngers auf bis zu 2 Kilometer (bei maximal 16 Repeatern) zu erweitern.<\/p>\n\n\n\n<p><\/p>\n\n\n\n<ul class=\"wp-block-list\">\n<li class=\"has-medium-font-size\">Aktiv-Antenne \/ Repeater im selben Geh\u00e4use<\/li>\n\n\n\n<li class=\"has-medium-font-size\">Auch als Repeater mit Akkus (ohne externe Stromzufuhr) erh\u00e4ltlich<\/li>\n\n\n\n<li class=\"has-medium-font-size\">Bis zu 2 Kilometer Reichweite<\/li>\n\n\n\n<li class=\"has-medium-font-size\">\u201cAntenna diversity\u201d Unterst\u00fctzung<\/li>\n<\/ul>\n<\/div><\/div>\n<\/div>\n\n\n\n<div class=\"wp-block-column is-layout-flow wp-block-column-is-layout-flow\">\n<div class=\"wp-block-media-text alignwide is-stacked-on-mobile is-vertically-aligned-center\"><figure class=\"wp-block-media-text__media\"><a href=\"https:\/\/www.tele-radio.com\/products\/accessories\/m769755-2\/\"><img loading=\"lazy\" decoding=\"async\" width=\"1200\" height=\"830\" src=\"https:\/\/www.tele-radio.com\/app\/uploads\/\/PM_M769755_2-1-1200x830.png\" alt=\"\" class=\"wp-image-106528 size-full\" srcset=\"https:\/\/www.tele-radio.com\/app\/uploads\/PM_M769755_2-1-1200x830.png 1200w, https:\/\/www.tele-radio.com\/app\/uploads\/PM_M769755_2-1-400x277.png 400w, https:\/\/www.tele-radio.com\/app\/uploads\/PM_M769755_2-1-768x531.png 768w, https:\/\/www.tele-radio.com\/app\/uploads\/PM_M769755_2-1-1536x1062.png 1536w, https:\/\/www.tele-radio.com\/app\/uploads\/PM_M769755_2-1-750x519.png 750w, https:\/\/www.tele-radio.com\/app\/uploads\/PM_M769755_2-1-500x346.png 500w, https:\/\/www.tele-radio.com\/app\/uploads\/PM_M769755_2-1-1600x1107.png 1600w, https:\/\/www.tele-radio.com\/app\/uploads\/PM_M769755_2-1-800x553.png 800w, https:\/\/www.tele-radio.com\/app\/uploads\/PM_M769755_2-1.png 1800w\" sizes=\"auto, (max-width: 1200px) 100vw, 1200px\" \/><\/a><\/figure><div class=\"wp-block-media-text__content\">\n<p class=\"has-medium-font-size\"><strong>AKKU-SYSTEM<\/strong><\/p>\n\n\n\n<p class=\"has-medium-font-size\">Die Hochleistungs-Lithium-Ionen-Akkus k\u00f6nnen im laufenden Betrieb ausgetauscht werden (Hot-Swapping).<\/p>\n\n\n\n<ul class=\"wp-block-list\">\n<li class=\"has-medium-font-size\">Im laufenden Betrieb austauschbar<\/li>\n\n\n\n<li class=\"has-medium-font-size\">Wand-\/ Tischladehalterung erh\u00e4ltlich<\/li>\n<\/ul>\n\n\n\n<p><strong><em>*<\/em><\/strong><em> Nur f\u00fcr VersaTEQ &amp; SupraTEQ<\/em><\/p>\n<\/div><\/div>\n<\/div>\n<\/div>\n\n\n\n<div class=\"wp-block-columns is-layout-flex wp-container-core-columns-is-layout-9d6595d7 wp-block-columns-is-layout-flex\">\n<div class=\"wp-block-column is-vertically-aligned-top is-layout-flow wp-block-column-is-layout-flow\">\n<div class=\"wp-block-media-text alignwide is-stacked-on-mobile\" style=\"grid-template-columns:42% auto\"><figure class=\"wp-block-media-text__media\"><img loading=\"lazy\" decoding=\"async\" width=\"583\" height=\"449\" src=\"https:\/\/www.tele-radio.com\/app\/uploads\/TRCHE_belts.jpg\" alt=\"\" class=\"wp-image-215359 size-full\" srcset=\"https:\/\/www.tele-radio.com\/app\/uploads\/TRCHE_belts.jpg 583w, https:\/\/www.tele-radio.com\/app\/uploads\/TRCHE_belts-400x308.jpg 400w, https:\/\/www.tele-radio.com\/app\/uploads\/TRCHE_belts-500x385.jpg 500w\" sizes=\"auto, (max-width: 583px) 100vw, 583px\" \/><\/figure><div class=\"wp-block-media-text__content\">\n<p class=\"has-medium-font-size\"><strong>BAUCHGURTE<\/strong><\/p>\n\n\n\n<p class=\"has-medium-font-size\">Bauchgurte bieten eine maximale Bewegungsfreiheit. Sie sind in der L\u00e4nge verstellbar und sorgen f\u00fcr zus\u00e4tzlichen Tragekomfort.<\/p>\n<\/div><\/div>\n<\/div>\n<\/div>\n\n\n\n<h2 class=\"wp-block-heading\"><br><\/h2>\n","protected":false},"excerpt":{"rendered":"<p>TEQ-LINE Neuer Name, gleiche Funktionalit\u00e4t Tele Radio f\u00fchrt neue, klar strukturierte Produktnamen f\u00fcr die bew\u00e4hrten Puma und Tiger Joysticksender ein. Was sich \u00e4ndert, ist lediglich der Name \u2013 was bleibt, ist die zuverl\u00e4ssige Technologie, auf die Sie seit jeher z\u00e4hlen. F\u00fcr eine Vielzahl von Anwendungen Mit mehr als 65 Jahren Erfahrung auf dem Gebiet der [&hellip;]<\/p>\n","protected":false},"author":29,"featured_media":107019,"parent":0,"menu_order":0,"comment_status":"closed","ping_status":"closed","template":"","meta":{"_acf_changed":false,"footnotes":""},"class_list":["post-152693","page","type-page","status-publish","has-post-thumbnail","hentry"],"acf":[],"_links":{"self":[{"href":"https:\/\/www.tele-radio.com\/ch-de\/wp-json\/wp\/v2\/pages\/152693","targetHints":{"allow":["GET"]}}],"collection":[{"href":"https:\/\/www.tele-radio.com\/ch-de\/wp-json\/wp\/v2\/pages"}],"about":[{"href":"https:\/\/www.tele-radio.com\/ch-de\/wp-json\/wp\/v2\/types\/page"}],"author":[{"embeddable":true,"href":"https:\/\/www.tele-radio.com\/ch-de\/wp-json\/wp\/v2\/users\/29"}],"replies":[{"embeddable":true,"href":"https:\/\/www.tele-radio.com\/ch-de\/wp-json\/wp\/v2\/comments?post=152693"}],"version-history":[{"count":54,"href":"https:\/\/www.tele-radio.com\/ch-de\/wp-json\/wp\/v2\/pages\/152693\/revisions"}],"predecessor-version":[{"id":263275,"href":"https:\/\/www.tele-radio.com\/ch-de\/wp-json\/wp\/v2\/pages\/152693\/revisions\/263275"}],"wp:featuredmedia":[{"embeddable":true,"href":"https:\/\/www.tele-radio.com\/ch-de\/wp-json\/wp\/v2\/media\/107019"}],"wp:attachment":[{"href":"https:\/\/www.tele-radio.com\/ch-de\/wp-json\/wp\/v2\/media?parent=152693"}],"curies":[{"name":"wp","href":"https:\/\/api.w.org\/{rel}","templated":true}]}}