{"id":144803,"date":"2021-11-03T08:56:05","date_gmt":"2021-11-03T08:56:05","guid":{"rendered":"https:\/\/www.tele-radio.com\/anwendungen\/staedte\/"},"modified":"2023-03-08T17:12:12","modified_gmt":"2023-03-08T17:12:12","slug":"staedte","status":"publish","type":"page","link":"https:\/\/www.tele-radio.com\/ch-de\/anwendungen\/staedte\/","title":{"rendered":"Anwendungen &#8211; St\u00e4dte"},"content":{"rendered":"\n<h1 class=\"wp-block-heading\">Funkfernsteuerung von Br\u00fccken, Schranken und Spezialfahrzeugen<\/h1>\n\n\n\n<p>Funksteuerungssysteme sind aus Gr\u00fcnden der Kostenreduzierung, der Effizienz und des Komforts eine g\u00e4ngige L\u00f6sung. Einer der wichtigsten Vorteile ist jedoch die Gew\u00e4hrleistung der Sicherheit am Arbeitsplatz. Ergonomische und innovative Systeme halten die Sicherheit auf h\u00f6chstem Niveau. Unsere Produkte sind bis zu SIL3\/PLe zertifiziert.<\/p>\n\n\n\n<p>Tele Radio Funkfernsteuerungen werden f\u00fcr eine breite Palette von Anwendungen eingesetzt. So k\u00f6nnen diese z. B. in der Verkehrssicherheit (Steuerung von Schranken, Toren usw.) in der Kommunaltechnik (Steuerung von Winterdienstfahrzeugen, M\u00fcllfahrzeugen usw.) oder auf Flugh\u00e4fen (Steuerung von Spezialfahrzeugen) zum Einsatz kommen. Ein weiteres interessantes Einsatzgebiet ist die Steuerung von Br\u00fccken. Weitere Informationen finden Sie <a href=\"https:\/\/www.tele-radio.com\/ch-de\/certified-stop-function-makes-wireless-remote-an-excellent-fit-for-the-pilz-application\/\" target=\"_blank\" aria-label=\"undefined (opens in a new tab)\" rel=\"noreferrer noopener\">hier<\/a>.<\/p>\n\n\n\n<p><\/p>\n\n\n\n<h1 class=\"wp-block-heading\">Tele Radio Funkfernsteuerungen f\u00fcr St\u00e4dte<\/h1>\n\n\n\n<p>Alle Tele Radio-Sender und -Empf\u00e4nger sind robust und langlebig, so dass sie auch unter den widrigsten Bedingungen funktionieren. Nachstehend finden Sie einige Beispiele f\u00fcr Ihre Branche. Unsere Produkte sind jedoch vielseitig einsetzbar und k\u00f6nnen auch andere Anwendungen steuern.<\/p>\n\n\n\n<hr class=\"wp-block-separator\"\/>\n\n\n\n<div class=\"wp-block-media-text alignwide is-stacked-on-mobile\" style=\"grid-template-columns:41% auto\"><figure class=\"wp-block-media-text__media\"><img loading=\"lazy\" decoding=\"async\" width=\"1200\" height=\"1050\" src=\"https:\/\/www.tele-radio.com\/app\/uploads\/pntg-1200x1050.jpg\" alt=\"\" class=\"wp-image-83899 size-full\"\/><\/figure><div class=\"wp-block-media-text__content\">\n<p><\/p>\n\n\n\n<p class=\"has-medium-font-size\">F\u00fcr Grundfunktionen (z. B. die Steuerung von Schranken, Schrankenanlagen und einfachen Funktionen von Sonderfahrzeugen) sind die kleinen Drucktastensender der <strong>Panther<\/strong> Serie die beste Wahl. Tele Radio bietet aber auch einen nach <strong>PLd<\/strong> zertifizierten Sender an.<\/p>\n\n\n\n<p class=\"has-medium-font-size\">Die <strong>Tiger<\/strong> Produktreihe wird zur Steuerung von Maschinen und Ger\u00e4ten eingesetzt, die ein hohes Mass an Sicherheit erfordern. Diese Produkte sind nach <strong>SIL3\/PLe<\/strong> zertifiziert. Das bedeutet, dass sie dort eingesetzt werden k\u00f6nnen, wo das Risiko auf ein Minimum reduziert werden soll. Die Tiger Serie bietet Drucktastensender mit oder ohne Display sowie Joystick-Sender, welche dem Bediener h\u00f6chste Pr\u00e4zision bieten. Besonders hervorzuheben sind die Sender mit proportionalen Druckasten, die die Eigenschaften von Tasten- und Joystick-Sendern vereinen.<\/p>\n\n\n\n<p><\/p>\n<\/div><\/div>\n\n\n\n<div style=\"height:20px\" aria-hidden=\"true\" class=\"wp-block-spacer\"><\/div>\n\n\n\n<hr class=\"wp-block-separator\"\/>\n\n\n\n<p class=\"has-medium-font-size\">Neben der Wahl des Senders ist auch die Wahl des Empf\u00e4ngers sehr wichtig. Tele Radio verf\u00fcgt unter anderem \u00fcber Modelle mit digitalen und analogen Ein- bzw. Ausg\u00e4ngen sowie \u00fcber Empf\u00e4nger mit Feldbus (CANopen, Modbus oder J1939).<\/p>\n\n\n\n<p><\/p>\n\n\n\n<h2 class=\"wp-block-heading\">Ben\u00f6tigen Sie Hilfe oder haben Sie Fragen?<\/h2>\n\n\n\n<p>Nehmen Sie einfach Kontakt mit uns auf, wir beraten Sie gerne! Unsere Kontaktdaten finden Sie in der Fusszeile.<\/p>\n\n\n\n<p><\/p>\n\n\n\n<div style=\"height:100px\" aria-hidden=\"true\" class=\"wp-block-spacer\"><\/div>\n","protected":false},"excerpt":{"rendered":"<p>Funkfernsteuerung von Br\u00fccken, Schranken und Spezialfahrzeugen Funksteuerungssysteme sind aus Gr\u00fcnden der Kostenreduzierung, der Effizienz und des Komforts eine g\u00e4ngige L\u00f6sung. Einer der wichtigsten Vorteile ist jedoch die Gew\u00e4hrleistung der Sicherheit am Arbeitsplatz. Ergonomische und innovative Systeme halten die Sicherheit auf h\u00f6chstem Niveau. Unsere Produkte sind bis zu SIL3\/PLe zertifiziert. Tele Radio Funkfernsteuerungen werden f\u00fcr eine [&hellip;]<\/p>\n","protected":false},"author":78,"featured_media":0,"parent":83477,"menu_order":0,"comment_status":"closed","ping_status":"closed","template":"","meta":{"_acf_changed":false,"footnotes":""},"class_list":["post-144803","page","type-page","status-publish","hentry"],"acf":[],"_links":{"self":[{"href":"https:\/\/www.tele-radio.com\/ch-de\/wp-json\/wp\/v2\/pages\/144803","targetHints":{"allow":["GET"]}}],"collection":[{"href":"https:\/\/www.tele-radio.com\/ch-de\/wp-json\/wp\/v2\/pages"}],"about":[{"href":"https:\/\/www.tele-radio.com\/ch-de\/wp-json\/wp\/v2\/types\/page"}],"author":[{"embeddable":true,"href":"https:\/\/www.tele-radio.com\/ch-de\/wp-json\/wp\/v2\/users\/78"}],"replies":[{"embeddable":true,"href":"https:\/\/www.tele-radio.com\/ch-de\/wp-json\/wp\/v2\/comments?post=144803"}],"version-history":[{"count":7,"href":"https:\/\/www.tele-radio.com\/ch-de\/wp-json\/wp\/v2\/pages\/144803\/revisions"}],"predecessor-version":[{"id":147209,"href":"https:\/\/www.tele-radio.com\/ch-de\/wp-json\/wp\/v2\/pages\/144803\/revisions\/147209"}],"up":[{"embeddable":true,"href":"https:\/\/www.tele-radio.com\/ch-de\/wp-json\/wp\/v2\/pages\/83477"}],"wp:attachment":[{"href":"https:\/\/www.tele-radio.com\/ch-de\/wp-json\/wp\/v2\/media?parent=144803"}],"curies":[{"name":"wp","href":"https:\/\/api.w.org\/{rel}","templated":true}]}}