{"id":144788,"date":"2021-11-03T08:47:30","date_gmt":"2021-11-03T08:47:30","guid":{"rendered":"https:\/\/www.tele-radio.com\/anwendungen\/eisenbahnindustrie\/"},"modified":"2023-03-08T17:11:37","modified_gmt":"2023-03-08T17:11:37","slug":"eisenbahnindustrie","status":"publish","type":"page","link":"https:\/\/www.tele-radio.com\/ch-de\/anwendungen\/eisenbahnindustrie\/","title":{"rendered":"Anwendungen &#8211; Eisenbahnindustrie"},"content":{"rendered":"\n<h1 class=\"wp-block-heading\">Funkfernsteuerungen f\u00fcr die Eisenbahnindustrie<\/h1>\n\n\n\n<p>Die Sicherheit spielt im Eisenbahnsektor eine grosse Rolle. Deshalb ist dort der Einsatz moderner Technik und Maschinen zwingend erforderlich. Eine M\u00f6glichkeit, die Sicherheit zu verbessern und gleichzeitig die Effizienz und Zuverl\u00e4ssigkeit zu erh\u00f6hen, ist der Einsatz drahtloser Funkfernsteuerungssysteme. Diese k\u00f6nnen f\u00fcr alle Aufgaben im Eisenbahnwesen eingesetzt werden. Im Bau und in der Instandhaltung von Bahnstrecken oder f\u00fcr die Steuerung von Rangierlokomotiven.<\/p>\n\n\n\n<h1 class=\"wp-block-heading\">Sicher fernsteuern<\/h1>\n\n\n\n<p>Damit Sie sich auf die Sicherheit der Tele Radio Produkte verlassen k\u00f6nnen, lassen wir diese von einer <a href=\"https:\/\/www.tele-radio.com\/ch-de\/die-wichtigkeit-einer-benannten-stelle-in-bezug-auf-ihre-sicherheit\/\" target=\"_blank\" aria-label=\"undefined (opens in a new tab)\" rel=\"noreferrer noopener\">unabh\u00e4ngigen Stelle<\/a> zertifizieren. Viele unserer Systeme entsprechen den Standards nach SIL3\/PLe. Dadurch k\u00f6nnen sie bei Anwendungen mit erh\u00f6htem Risiko, beispielsweise im Schienenverkehr, eingesetzt werden. Die Funksteuerung von Lokomotiven bringt den Betreibern viele Vorteile. Sie erm\u00f6glicht eine gute Sicht bei Rangierarbeiten und tr\u00e4gt gleichzeitig zu einem pr\u00e4ziseren Arbeiten sowie einer geringeren Verletzungsgefahr bei. Au\u00dferdem k\u00f6nnen Aufgaben, die die Anwesenheit von mindestens zwei Personen erfordern, dank einer Funkfernsteuerung von einem einzigen Bediener durchgef\u00fchrt werden. Sie k\u00f6nnen eine drahtlose Steuerung auch in anderen Sektoren einsetzen, z. B. bei der Verladung von Containern, beim Heben von Lasten und Personen oder bei der Modernisierung von Eisenbahnstrecken. Ein Einsatz von Funkfernsteuerungen in der Eisenbahnindustrie bringt also viele Vorteile mit sich.<\/p>\n\n\n\n<h1 class=\"wp-block-heading\">Tele Radio Funkfernsteuerungen f\u00fcr die Eisenbahnindustrie<\/h1>\n\n\n\n<p>Alle Tele Radio-Sender und -Empf\u00e4nger sind robust und langlebig, so dass sie auch unter den widrigsten Bedingungen funktionieren. Nachstehend finden Sie einige Beispiele f\u00fcr Ihre Branche. Unsere Produkte sind jedoch vielseitig einsetzbar und k\u00f6nnen auch andere Anwendungen steuern.<\/p>\n\n\n\n<hr class=\"wp-block-separator\"\/>\n\n\n\n<div style=\"height:20px\" aria-hidden=\"true\" class=\"wp-block-spacer\"><\/div>\n\n\n\n<div class=\"wp-block-media-text alignwide is-stacked-on-mobile\" style=\"grid-template-columns:41% auto\"><figure class=\"wp-block-media-text__media\"><img loading=\"lazy\" decoding=\"async\" width=\"1200\" height=\"1050\" src=\"https:\/\/www.tele-radio.com\/app\/uploads\/pn-tg-1200x1050.png\" alt=\"\" class=\"wp-image-84434 size-full\"\/><\/figure><div class=\"wp-block-media-text__content\">\n<p class=\"has-medium-font-size\">Der<strong> Panther PLd<\/strong> Sender arbeitet auf einer Frequenz von 2,4 GHz, wodurch er weltweit eingesetzt werden kann. Zudem verf\u00fcgt dieser Sender \u00fcber eine Not-Aus-Taste. <\/p>\n\n\n\n<p class=\"has-medium-font-size\"><br>Noch mehr Sicherheit bietet unsere <strong>Tiger<\/strong> Produktreihe. Diese ist g\u00e4nzlich nach <strong>SIL3\/PLe<\/strong> zertifiziert, wodurch Risiken auf ein Minimum reduziert werden. Zudem k\u00f6nnen Sie sich R\u00fcckmeldungen via LEDs oder Display anzeigen lassen. <\/p>\n<\/div><\/div>\n\n\n\n<div style=\"height:20px\" aria-hidden=\"true\" class=\"wp-block-spacer\"><\/div>\n\n\n\n<hr class=\"wp-block-separator\"\/>\n\n\n\n<div style=\"height:20px\" aria-hidden=\"true\" class=\"wp-block-spacer\"><\/div>\n\n\n\n<div class=\"wp-block-media-text alignwide is-stacked-on-mobile\" style=\"grid-template-columns:41% auto\"><figure class=\"wp-block-media-text__media\"><img loading=\"lazy\" decoding=\"async\" width=\"1200\" height=\"1050\" src=\"https:\/\/www.tele-radio.com\/app\/uploads\/jd-i-propocjonlane-1200x1050.png\" alt=\"TG-T14-7;\nTG-T12\" class=\"wp-image-75216 size-full\"\/><\/figure><div class=\"wp-block-media-text__content\">\n<p><\/p>\n\n\n\n<p class=\"has-medium-font-size\">Zudem verf\u00fcgt die <strong>Tiger<\/strong> Line \u00fcber Joystick-Sender. Diese eignen sich ideal f\u00fcr eine pr\u00e4zise Ansteuerung. Aber auch Tastensender mit proportionalen Drucktasten erm\u00f6glichen eine pr\u00e4zise Steuerung Ihrer Anwendung.<\/p>\n<\/div><\/div>\n\n\n\n<div style=\"height:20px\" aria-hidden=\"true\" class=\"wp-block-spacer\"><\/div>\n\n\n\n<hr class=\"wp-block-separator\"\/>\n\n\n\n<div style=\"height:20px\" aria-hidden=\"true\" class=\"wp-block-spacer\"><\/div>\n\n\n\n<div class=\"wp-block-media-text alignwide is-stacked-on-mobile\" style=\"grid-template-columns:41% auto\"><figure class=\"wp-block-media-text__media\"><img loading=\"lazy\" decoding=\"async\" width=\"1200\" height=\"1050\" src=\"https:\/\/www.tele-radio.com\/app\/uploads\/T24.png\" alt=\"\" class=\"wp-image-84409 size-full\" srcset=\"https:\/\/www.tele-radio.com\/app\/uploads\/T24.png 1200w, https:\/\/www.tele-radio.com\/app\/uploads\/T24-400x350.png 400w, https:\/\/www.tele-radio.com\/app\/uploads\/T24-768x672.png 768w, https:\/\/www.tele-radio.com\/app\/uploads\/T24-750x656.png 750w, https:\/\/www.tele-radio.com\/app\/uploads\/T24-500x438.png 500w, https:\/\/www.tele-radio.com\/app\/uploads\/T24-800x700.png 800w\" sizes=\"auto, (max-width: 1200px) 100vw, 1200px\" \/><\/figure><div class=\"wp-block-media-text__content\">\n<p class=\"has-medium-font-size\"><strong>Puma<\/strong>, unser neuestes System bietet ein H\u00f6chstma\u00df an Sicherheit f\u00fcr mobile und hydraulische Anwendungen. Zudem k\u00f6nnen diese Sender, bis hin zur Frontplatte, vollumf\u00e4nglich nach Ihren W\u00fcnschen konfiguriert werden.<\/p>\n<\/div><\/div>\n\n\n\n<div style=\"height:20px\" aria-hidden=\"true\" class=\"wp-block-spacer\"><\/div>\n\n\n\n<p class=\"has-medium-font-size\">Neben der Wahl des Senders ist auch die Wahl des Empf\u00e4ngers sehr wichtig. Tele Radio verf\u00fcgt unter anderem \u00fcber Modelle mit digitalen und analogen Ein- bzw. Ausg\u00e4ngen sowie \u00fcber Empf\u00e4nger mit Feldbus (CANopen, Modbus oder J1939).<\/p>\n\n\n\n<p><\/p>\n\n\n\n<h2 class=\"wp-block-heading\">Ben\u00f6tigen Sie Hilfe oder haben Sie Fragen?<\/h2>\n\n\n\n<p>Nehmen Sie einfach Kontakt mit uns auf, wir beraten Sie gerne! Unsere Kontaktdaten finden Sie in der Fusszeile.<\/p>\n\n\n\n<p><\/p>\n\n\n\n<div style=\"height:100px\" aria-hidden=\"true\" class=\"wp-block-spacer\"><\/div>\n","protected":false},"excerpt":{"rendered":"<p>Funkfernsteuerungen f\u00fcr die Eisenbahnindustrie Die Sicherheit spielt im Eisenbahnsektor eine grosse Rolle. Deshalb ist dort der Einsatz moderner Technik und Maschinen zwingend erforderlich. Eine M\u00f6glichkeit, die Sicherheit zu verbessern und gleichzeitig die Effizienz und Zuverl\u00e4ssigkeit zu erh\u00f6hen, ist der Einsatz drahtloser Funkfernsteuerungssysteme. Diese k\u00f6nnen f\u00fcr alle Aufgaben im Eisenbahnwesen eingesetzt werden. Im Bau und in [&hellip;]<\/p>\n","protected":false},"author":78,"featured_media":84637,"parent":83477,"menu_order":0,"comment_status":"closed","ping_status":"closed","template":"","meta":{"_acf_changed":false,"footnotes":""},"class_list":["post-144788","page","type-page","status-publish","has-post-thumbnail","hentry"],"acf":[],"_links":{"self":[{"href":"https:\/\/www.tele-radio.com\/ch-de\/wp-json\/wp\/v2\/pages\/144788","targetHints":{"allow":["GET"]}}],"collection":[{"href":"https:\/\/www.tele-radio.com\/ch-de\/wp-json\/wp\/v2\/pages"}],"about":[{"href":"https:\/\/www.tele-radio.com\/ch-de\/wp-json\/wp\/v2\/types\/page"}],"author":[{"embeddable":true,"href":"https:\/\/www.tele-radio.com\/ch-de\/wp-json\/wp\/v2\/users\/78"}],"replies":[{"embeddable":true,"href":"https:\/\/www.tele-radio.com\/ch-de\/wp-json\/wp\/v2\/comments?post=144788"}],"version-history":[{"count":9,"href":"https:\/\/www.tele-radio.com\/ch-de\/wp-json\/wp\/v2\/pages\/144788\/revisions"}],"predecessor-version":[{"id":147208,"href":"https:\/\/www.tele-radio.com\/ch-de\/wp-json\/wp\/v2\/pages\/144788\/revisions\/147208"}],"up":[{"embeddable":true,"href":"https:\/\/www.tele-radio.com\/ch-de\/wp-json\/wp\/v2\/pages\/83477"}],"wp:featuredmedia":[{"embeddable":true,"href":"https:\/\/www.tele-radio.com\/ch-de\/wp-json\/wp\/v2\/media\/84637"}],"wp:attachment":[{"href":"https:\/\/www.tele-radio.com\/ch-de\/wp-json\/wp\/v2\/media?parent=144788"}],"curies":[{"name":"wp","href":"https:\/\/api.w.org\/{rel}","templated":true}]}}