{"id":144778,"date":"2021-11-03T08:37:51","date_gmt":"2021-11-03T08:37:51","guid":{"rendered":"https:\/\/www.tele-radio.com\/anwendungen\/bergbaumaschinen\/"},"modified":"2023-03-08T17:11:03","modified_gmt":"2023-03-08T17:11:03","slug":"bergbaumaschinen","status":"publish","type":"page","link":"https:\/\/www.tele-radio.com\/ch-de\/anwendungen\/bergbaumaschinen\/","title":{"rendered":"Anwendungen &#8211; Bergbaumaschinen"},"content":{"rendered":"\n<h1 class=\"wp-block-heading\">Funkfernsteuerung von Bergbaumaschinen<\/h1>\n\n\n\n<p style=\"font-size:18px\">Der Bergbau erfordert den Einsatz schwerer Maschinen, die f\u00fcr die Gewinnung von Rohstoffen unter rauen Bedingungen geeignet sind. F\u00fcr die Bedienung dieser Maschinen eignen sich Funkfernsteuerungen von Tele Radio bestens, da diese dazu beitragen, Arbeitsunterbrechungen auf ein Minimum zu reduzieren. Dadurch k\u00f6nnen Sie Kosten senken und die Produktivit\u00e4t erh\u00f6hen. Was in dieser Branche besonders wichtig ist: Die Produkte von Tele Radio verf\u00fcgen \u00fcber ein hohes Mass an Sicherheit, wie z. B. SIL3\/PLe, so dass Sie sich ihrer Zuverl\u00e4ssigkeit sicher sein k\u00f6nnen. Sie k\u00f6nnen zur Steuerung von Maschinen und Anlagen sowohl im Untertagebau als auch im Tagebau eingesetzt werden.<\/p>\n\n\n\n<h1 class=\"wp-block-heading\">Vorteile einer Funkfernsteuerung<\/h1>\n\n\n\n<p style=\"font-size:18px\">Eine Funkfernsteuerung verbessert nicht nur die Produktivit\u00e4t, sondern erh\u00f6ht auch die Arbeitssicherheit. Schwere Bergbauger\u00e4te wie Bohrmaschinen, Lader und Brecher k\u00f6nnen vom selben Standort aus von einer einzigen Person per Funk gesteuert werden. Dies ist ein gro\u00dfer Vorteil, da es im Bergbau besonders wichtig ist, einen sicheren Abstand zu den Arbeitsmaschinen einzuhalten. Zudem sind diese Maschinen sehr laut und erzeugen oftmals Vibrationen und Staub w\u00e4hrend des Abbaus. Durch eine Funkfernsteuerung k\u00f6nnen Sie folglich die negativen Auswirkungen der physischen Faktoren verringern, denen die Bergleute ausgesetzt sind. Eine Funkfernsteuerung macht die Arbeit nicht nur effektiver und effizienter, sondern sorgt zudem f\u00fcr eine komfortable Bedienung der Maschinen.<\/p>\n\n\n\n<h1 class=\"wp-block-heading\">Tele Radio Funkfernsteuerungen f\u00fcr Bergbaumaschinen<\/h1>\n\n\n\n<p style=\"font-size:18px\">Alle Tele Radio-Sender und -Empf\u00e4nger sind robust und langlebig, so dass sie auch unter den widrigsten Bedingungen funktionieren. Nachstehend finden Sie einige Beispiele f\u00fcr Ihre Branche. Unsere Produkte sind jedoch vielseitig einsetzbar und k\u00f6nnen auch andere Anwendungen steuern.<\/p>\n\n\n\n<hr class=\"wp-block-separator\"\/>\n\n\n\n<div class=\"wp-block-media-text alignwide is-stacked-on-mobile\" style=\"grid-template-columns:41% auto\"><figure class=\"wp-block-media-text__media\"><img loading=\"lazy\" decoding=\"async\" width=\"1200\" height=\"1050\" src=\"https:\/\/www.tele-radio.com\/app\/uploads\/panther.m.png\" alt=\"\" class=\"wp-image-82207 size-full\" srcset=\"https:\/\/www.tele-radio.com\/app\/uploads\/panther.m.png 1200w, https:\/\/www.tele-radio.com\/app\/uploads\/panther.m-400x350.png 400w, https:\/\/www.tele-radio.com\/app\/uploads\/panther.m-768x672.png 768w, https:\/\/www.tele-radio.com\/app\/uploads\/panther.m-750x656.png 750w, https:\/\/www.tele-radio.com\/app\/uploads\/panther.m-500x438.png 500w, https:\/\/www.tele-radio.com\/app\/uploads\/panther.m-800x700.png 800w\" sizes=\"auto, (max-width: 1200px) 100vw, 1200px\" \/><\/figure><div class=\"wp-block-media-text__content\">\n<p><\/p>\n\n\n\n<p class=\"has-medium-font-size\"><strong>Panther<\/strong> Systeme zeichnen sich durch ihre Benutzerfreundlichkeit und Flexibilit\u00e4t aus. Tele Radio bietet Tastensender in verschiedenen Gr\u00f6ssen an, von denen die Kleinste in eine Tasche passt. Das System arbeitet auf der allgemein zul\u00e4ssigen 2,4-GHz-Frequenz, wodurch Sie es weltweit nutzen k\u00f6nnen. Panther Systeme eignen sich f\u00fcr Anwendungen mit einem Standardmass an Sicherheit und Funktionalit\u00e4t. Aber auch f\u00fcr diejenigen, die maximale Sicherheit w\u00fcnschen, ist eine Version erh\u00e4ltlich &#8211; der Sender <a href=\"https:\/\/www.tele-radio.com\/de\/products\/panther-system-flexibel\/panther-sender-8x2-stufige-drucktasten-pld-cat3\/\">PN-T19-2<\/a> entspricht in Verbindung mit dem Empf\u00e4nger PN-R15 oder PN-R23 dem Sicherheitslevel <strong>PLd\/CAT3<\/strong>.<\/p>\n<\/div><\/div>\n\n\n\n<div style=\"height:30px\" aria-hidden=\"true\" class=\"wp-block-spacer\"><\/div>\n\n\n\n<hr class=\"wp-block-separator\"\/>\n\n\n\n<div style=\"height:30px\" aria-hidden=\"true\" class=\"wp-block-spacer\"><\/div>\n\n\n\n<div class=\"wp-block-media-text alignwide is-stacked-on-mobile\" style=\"grid-template-columns:41% auto\"><figure class=\"wp-block-media-text__media\"><img loading=\"lazy\" decoding=\"async\" width=\"1200\" height=\"1050\" src=\"https:\/\/www.tele-radio.com\/app\/uploads\/tiger.png\" alt=\"\" class=\"wp-image-82159 size-full\" srcset=\"https:\/\/www.tele-radio.com\/app\/uploads\/tiger.png 1200w, https:\/\/www.tele-radio.com\/app\/uploads\/tiger-400x350.png 400w, https:\/\/www.tele-radio.com\/app\/uploads\/tiger-768x672.png 768w, https:\/\/www.tele-radio.com\/app\/uploads\/tiger-750x656.png 750w, https:\/\/www.tele-radio.com\/app\/uploads\/tiger-500x438.png 500w, https:\/\/www.tele-radio.com\/app\/uploads\/tiger-800x700.png 800w\" sizes=\"auto, (max-width: 1200px) 100vw, 1200px\" \/><\/figure><div class=\"wp-block-media-text__content\">\n<p><\/p>\n\n\n\n<p class=\"has-medium-font-size\">Die <strong>Tiger<\/strong> Produktreihe wird zur Steuerung von Maschinen und Ger\u00e4ten eingesetzt, die ein hohes Mass an Sicherheit erfordern. Diese Produkte sind nach <strong>SIL3\/PLe<\/strong> zertifiziert. Das bedeutet, dass sie dort eingesetzt werden k\u00f6nnen, wo das Risiko auf ein Minimum reduziert werden soll (z. B. zur Steuerung von Brechern im Bergbau). Die Tiger Serie bietet Drucktastensender mit oder ohne Display sowie Joystick-Sender, welche dem Bediener h\u00f6chste Pr\u00e4zision bieten. Besonders hervorzuheben sind die Sender mit proportionalen Druckasten, die die Eigenschaften von Tasten- und Joystick-Sendern vereinen.<\/p>\n<\/div><\/div>\n\n\n\n<div style=\"height:30px\" aria-hidden=\"true\" class=\"wp-block-spacer\"><\/div>\n\n\n\n<hr class=\"wp-block-separator\"\/>\n\n\n\n<div style=\"height:30px\" aria-hidden=\"true\" class=\"wp-block-spacer\"><\/div>\n\n\n\n<div class=\"wp-block-media-text alignwide is-stacked-on-mobile\" style=\"grid-template-columns:41% auto\"><figure class=\"wp-block-media-text__media\"><img loading=\"lazy\" decoding=\"async\" width=\"1200\" height=\"1050\" src=\"https:\/\/www.tele-radio.com\/app\/uploads\/puma.png\" alt=\"\" class=\"wp-image-82182 size-full\" srcset=\"https:\/\/www.tele-radio.com\/app\/uploads\/puma.png 1200w, https:\/\/www.tele-radio.com\/app\/uploads\/puma-400x350.png 400w, https:\/\/www.tele-radio.com\/app\/uploads\/puma-768x672.png 768w, https:\/\/www.tele-radio.com\/app\/uploads\/puma-750x656.png 750w, https:\/\/www.tele-radio.com\/app\/uploads\/puma-500x438.png 500w, https:\/\/www.tele-radio.com\/app\/uploads\/puma-800x700.png 800w\" sizes=\"auto, (max-width: 1200px) 100vw, 1200px\" \/><\/figure><div class=\"wp-block-media-text__content\">\n<p>Eine weitere L\u00f6sung f\u00fcr sehr anspruchsvolle Anwendungen ist das <strong>Puma<\/strong> System. Es bietet ebenfalls ein H\u00f6chstmass an Sicherheit bei mobilen und hydraulischen Anwendungen. Die Puma Linie gibt es in zwei Varianten &#8211; der Basic- und der Custom Line. Ben\u00f6tigen Sie ein System, das pr\u00e4zise auf Ihre Anwendung abgestimmt werden kann? Dann ist die Puma Custom Line ideal, da die Sender, bis hin zur Frontplatte, vollumf\u00e4nglich nach Ihren W\u00fcnschen konfiguriert werden k\u00f6nnen.<\/p>\n<\/div><\/div>\n\n\n\n<hr class=\"wp-block-separator\"\/>\n\n\n\n<p><\/p>\n\n\n\n<p class=\"has-medium-font-size\">Neben der Wahl des Senders ist auch die Wahl des Empf\u00e4ngers sehr wichtig. Tele Radio verf\u00fcgt unter anderem \u00fcber Modelle mit digitalen und analogen Ein- bzw. Ausg\u00e4ngen sowie \u00fcber Empf\u00e4nger mit Feldbus (CANopen, Modbus oder J1939).<\/p>\n\n\n\n<p><\/p>\n\n\n\n<p><\/p>\n\n\n\n<h2 class=\"wp-block-heading\">Funkfernsteuerung unter schwierigen Bedingungen<\/h2>\n\n\n\n<div class=\"wp-block-media-text alignwide is-stacked-on-mobile has-very-light-gray-background-color has-background\" style=\"grid-template-columns:41% auto\"><figure class=\"wp-block-media-text__media\"><img decoding=\"async\" src=\"https:\/\/www.tele-radio.com\/app\/uploads\/FM_MI_PU_0027.jpg\" alt=\"\" class=\"wp-image-81707 size-full\"\/><\/figure><div class=\"wp-block-media-text__content\">\n<p><\/p>\n\n\n\n<p style=\"font-size:22px\">In anspruchsvollen Branchen wie dem Bergbau ist die Sicherheit Ihrer Mitarbeiter von entscheidender Bedeutung. <\/p>\n\n\n\n<p style=\"font-size:22px\">Tele Radio ist sich der Tatsache bewusst, dass unsere Systeme unter kritischen Bedingungen eingesetzt werden. Um ein H\u00f6chstmass an Sicherheit zu gew\u00e4hrleisten, werden unsere Produkte daher von einem anerkannten unabh\u00e4ngigen Institut gepr\u00fcft. Zudem sind unsere Produkte langlebig und gegen Staub und Wasser resistent.<\/p>\n\n\n\n<p><\/p>\n<\/div><\/div>\n\n\n\n<div style=\"height:25px\" aria-hidden=\"true\" class=\"wp-block-spacer\"><\/div>\n\n\n\n<p><\/p>\n\n\n\n<h2 class=\"wp-block-heading\">Ben\u00f6tigen Sie Hilfe oder haben Sie Fragen?<\/h2>\n\n\n\n<p>Nehmen Sie einfach Kontakt mit uns auf, wir beraten Sie gerne! Unsere Kontaktdaten finden Sie in der Fusszeile.<\/p>\n\n\n\n<p style=\"font-size:18px\"><\/p>\n\n\n\n<p><\/p>\n","protected":false},"excerpt":{"rendered":"<p>Funkfernsteuerung von Bergbaumaschinen Der Bergbau erfordert den Einsatz schwerer Maschinen, die f\u00fcr die Gewinnung von Rohstoffen unter rauen Bedingungen geeignet sind. F\u00fcr die Bedienung dieser Maschinen eignen sich Funkfernsteuerungen von Tele Radio bestens, da diese dazu beitragen, Arbeitsunterbrechungen auf ein Minimum zu reduzieren. Dadurch k\u00f6nnen Sie Kosten senken und die Produktivit\u00e4t erh\u00f6hen. Was in dieser [&hellip;]<\/p>\n","protected":false},"author":78,"featured_media":0,"parent":83477,"menu_order":0,"comment_status":"closed","ping_status":"closed","template":"","meta":{"_acf_changed":false,"footnotes":""},"class_list":["post-144778","page","type-page","status-publish","hentry"],"acf":[],"_links":{"self":[{"href":"https:\/\/www.tele-radio.com\/ch-de\/wp-json\/wp\/v2\/pages\/144778","targetHints":{"allow":["GET"]}}],"collection":[{"href":"https:\/\/www.tele-radio.com\/ch-de\/wp-json\/wp\/v2\/pages"}],"about":[{"href":"https:\/\/www.tele-radio.com\/ch-de\/wp-json\/wp\/v2\/types\/page"}],"author":[{"embeddable":true,"href":"https:\/\/www.tele-radio.com\/ch-de\/wp-json\/wp\/v2\/users\/78"}],"replies":[{"embeddable":true,"href":"https:\/\/www.tele-radio.com\/ch-de\/wp-json\/wp\/v2\/comments?post=144778"}],"version-history":[{"count":10,"href":"https:\/\/www.tele-radio.com\/ch-de\/wp-json\/wp\/v2\/pages\/144778\/revisions"}],"predecessor-version":[{"id":147207,"href":"https:\/\/www.tele-radio.com\/ch-de\/wp-json\/wp\/v2\/pages\/144778\/revisions\/147207"}],"up":[{"embeddable":true,"href":"https:\/\/www.tele-radio.com\/ch-de\/wp-json\/wp\/v2\/pages\/83477"}],"wp:attachment":[{"href":"https:\/\/www.tele-radio.com\/ch-de\/wp-json\/wp\/v2\/media?parent=144778"}],"curies":[{"name":"wp","href":"https:\/\/api.w.org\/{rel}","templated":true}]}}